{"id":6737,"date":"2022-08-30T19:54:29","date_gmt":"2022-08-30T19:54:29","guid":{"rendered":"https:\/\/holali.local\/product\/solid-shampoo-bar-60g-active-sport\/"},"modified":"2025-07-18T21:56:56","modified_gmt":"2025-07-18T21:56:56","slug":"active-sport-ethique-shampoo-bar","status":"publish","type":"product","link":"https:\/\/holali.co.uk\/es\/product\/the-best-sport-shampoo-conditioner-bar\/","title":{"rendered":"La mejor barra de champ\u00fa acondicionador deportivo del mercado"},"content":{"rendered":"<h2>\u00a1La mejor barra de champ\u00fa acondicionador deportivo del mercado!<\/h2>\n<p>Su cabello se sentir\u00e1 menos graso y tendr\u00e1 un aspecto m\u00e1s brillante con la barra de champ\u00fa y acondicionador despu\u00e9s del entrenamiento. Te encantar\u00e1 la sensaci\u00f3n de frescura y limpieza.<\/p>\n<p>Nuestro champ\u00fa en barra tiene grandes ventajas:<\/p>\n<ol>\n<li>Champ\u00fa en barra, as\u00ed como un gran acondicionador<\/li>\n<li>M\u00e1s espacio en su bolsa de aseo adi\u00f3s al champ\u00fa embotellado<\/li>\n<li>El champ\u00fa s\u00f3lido es un producto de viaje ligero<\/li>\n<\/ol>\n<h4>\u00bfBOTELLA DE PL\u00c1STICO O NO?<\/h4>\n<p>The best sports <a href=\"https:\/\/holali.co.uk\/es\/producto\/barra-de-champu-de-moras-negras-y-eticas\/?wmc-currency=EUR\" title=\"Barras de champ\u00fa y acondicionador de frambuesa negra incre\u00edbles\"  data-wpil-monitor-id=\"421\">shampoo conditioner bar<\/a> is a great option for those who are always on the go. It is both a shampoo and a conditioner in one product. It contains Keravis protein which helps restore the hair&#8217;s natural balance, Cocoa Butter to moisturize, and it smells great too!<\/p>\n<p>Se ha demostrado que el champ\u00fa l\u00edquido no es tan eficaz para limpiar el cabello como los champ\u00fas en barra. Adem\u00e1s, son m\u00e1s propensos a obstruir el desag\u00fce de la ducha porque son l\u00edquidos y hay que usar mucha cantidad.<\/p>\n<p>El <a href=\"https:\/\/holali.co.uk\/es\/producto\/barra-de-champu-vegana-orquidea\/?wmc-currency=EUR\" title=\"Orchid Organic Shampoo Bar para reparar y hacer crecer el cabello\"  data-wpil-monitor-id=\"358\">shampoo conditioner bar is a great hair<\/a> care product that will gently cleanse it as well as an eco-friendly alternative that will save you time, money, and energy.<\/p>\n<h6>CARACTER\u00cdSTICAS<\/h6>\n<ul>\n<li>Es adecuado para los tipos de cabello, incluyendo el cabello seco, el cabello rizado, el cabello fino, el cabello graso y el cabello te\u00f1ido<\/li>\n<li>Funciona bien con agua caliente<\/li>\n<li>Sin SLS, SLES ni parabenos<\/li>\n<li>Eco-Friendly<\/li>\n<li>Los veganos y los vegetarianos tambi\u00e9n pueden disfrutarlo.<\/li>\n<li>pruebas en contra de los animales<\/li>\n<li>Sin crueldad<\/li>\n<li>100% Sin pl\u00e1stico<\/li>\n<li>Peso: 60g<\/li>\n<\/ul>\n<p>NOTA: El color o el dise\u00f1o pueden variar ligeramente de las im\u00e1genes mostradas. Si desea saber m\u00e1s sobre nuestros productos, no dude en ponerse en contacto con nosotros en cualquier momento.<\/p>\n<p>\u00bfBuscando una gran idea? <a href=\"https:\/\/holali.co.uk\/es\/categoria-de-producto\/cuidado-del-cuerpo\/productos-para-el-cuidado-de-la-piel\/paper-soap\/?wmc-currency=EUR\" target=\"_blank\" rel=\"noopener noreferrer\">S\u00d3LO TIENE QUE HACER CLIC AQU\u00cd<\/a><\/p>","protected":false},"excerpt":{"rendered":"<p>The Best Sport Shampoo Conditioner Bar on the Market! Your hair will feel less greasy, and it will look shinier with the shampoo conditioner bar post-workout. You will love the fresh and clean feeling. Our bar shampoo has large advantages: Shampoo bar as well as a great conditioner More space on your toilet bag bye&#8230;<\/p>","protected":false},"featured_media":6738,"comment_status":"open","ping_status":"closed","template":"","meta":{"_kad_blocks_custom_css":"","_kad_blocks_head_custom_js":"","_kad_blocks_body_custom_js":"","_kad_blocks_footer_custom_js":"","_kad_post_transparent":"default","_kad_post_title":"","_kad_post_layout":"default","_kad_post_sidebar_id":"","_kad_post_content_style":"default","_kad_post_vertical_padding":"default","_kad_post_feature":"","_kad_post_feature_position":"","_kad_post_header":false,"_kad_post_footer":false,"_kad_post_classname":"","_daim_seo_power":"","_daim_enable_ail":""},"product_brand":[],"product_cat":[480,700],"product_tag":[],"class_list":{"0":"post-6737","1":"product","2":"type-product","3":"status-publish","4":"has-post-thumbnail","6":"product_cat-eco-friendly-shampoo-bar","7":"product_cat-friendly-shampoo-bar","9":"first","10":"instock","11":"taxable","12":"shipping-taxable","13":"purchasable","14":"product-type-simple","15":"entry","16":"content-bg","17":"loop-entry"},"taxonomy_info":{"product_cat":[{"value":480,"label":"Eco-Friendly Shampoo Bar"},{"value":700,"label":"Friendly Shampoo Bar"}]},"featured_image_src_large":["https:\/\/holali.co.uk\/wp-content\/uploads\/2022\/08\/196455.jpeg",807,807,false],"author_info":[],"comment_info":0,"_links":{"self":[{"href":"https:\/\/holali.co.uk\/es\/wp-json\/wp\/v2\/product\/6737","targetHints":{"allow":["GET"]}}],"collection":[{"href":"https:\/\/holali.co.uk\/es\/wp-json\/wp\/v2\/product"}],"about":[{"href":"https:\/\/holali.co.uk\/es\/wp-json\/wp\/v2\/types\/product"}],"replies":[{"embeddable":true,"href":"https:\/\/holali.co.uk\/es\/wp-json\/wp\/v2\/comments?post=6737"}],"wp:featuredmedia":[{"embeddable":true,"href":"https:\/\/holali.co.uk\/es\/wp-json\/wp\/v2\/media\/6738"}],"wp:attachment":[{"href":"https:\/\/holali.co.uk\/es\/wp-json\/wp\/v2\/media?parent=6737"}],"wp:term":[{"taxonomy":"product_brand","embeddable":true,"href":"https:\/\/holali.co.uk\/es\/wp-json\/wp\/v2\/product_brand?post=6737"},{"taxonomy":"product_cat","embeddable":true,"href":"https:\/\/holali.co.uk\/es\/wp-json\/wp\/v2\/product_cat?post=6737"},{"taxonomy":"product_tag","embeddable":true,"href":"https:\/\/holali.co.uk\/es\/wp-json\/wp\/v2\/product_tag?post=6737"}],"curies":[{"name":"wp","href":"https:\/\/api.w.org\/{rel}","templated":true}]}}