{"id":6735,"date":"2022-08-30T19:54:29","date_gmt":"2022-08-30T19:54:29","guid":{"rendered":"https:\/\/holali.local\/product\/solid-shampoo-bar-60g-bubble-gum\/"},"modified":"2024-10-03T20:57:56","modified_gmt":"2024-10-03T20:57:56","slug":"barra-de-champu-bubblegum-ethique","status":"publish","type":"product","link":"https:\/\/holali.co.uk\/es\/product\/bubblegum-shampoo-and-conditioner-bars\/","title":{"rendered":"Barras de champ\u00fa y acondicionador de chicle: la nueva normalidad"},"content":{"rendered":"<h2>Barras de champ\u00fa y acondicionador de chicle: la nueva normalidad<\/h2>\n<p>Las barras de champ\u00fa y acondicionador Bubblegum son la barra de champ\u00fa y el acondicionador para el cabello s\u00f3lidos m\u00e1s \u00fatiles hasta ahora.<\/p>\n<p><strong>Tambi\u00e9n tiene grandes ventajas:<\/strong><\/p>\n<ol>\n<li>Una barra de champ\u00fa \"dos en uno\" que acondiciona y limpia el cabello al mismo tiempo, sin necesidad de utilizar otros champ\u00fas o acondicionadores sin aclarado.<\/li>\n<li>Es bueno para el cuidado del cabello: no se acumula.<\/li>\n<li>It&#8217;s an easy-to-travel <a href=\"https:\/\/holali.co.uk\/es\/producto\/barra-de-champu-de-limon-y-jengibre\/?wmc-currency=EUR\" title=\"Barras de champ\u00fa y acondicionador de jengibre con lim\u00f3n: limpiador de cabello\"  data-wpil-monitor-id=\"483\">shampoo and conditioner bar<\/a> that leaves space in your commode bag for various other items.<\/li>\n<\/ol>\n<h5>Las barras de champ\u00fa y acondicionador est\u00e1n hechas con una mezcla de manteca de cacao y prote\u00edna de Keravis.<\/h5>\n<p>El <a href=\"https:\/\/holali.co.uk\/es\/producto\/barra-de-champu-de-ruibarbo-etique\/?wmc-currency=EUR\" title=\"Champ\u00fa y acondicionador s\u00f3lidos para un cabello sano\"  data-wpil-monitor-id=\"420\">solid shampoo and conditioner<\/a> bars are made to be easy to use, so you can easily wash your hair on the go. The shampoo bar is for washing, while the <a href=\"https:\/\/holali.co.uk\/es\/producto\/barra-acondicionadora-vegana-de-lavanda-y-te\/?wmc-currency=EUR\" title=\"Acondicionador vegano de lavanda y \u00e1rbol del t\u00e9 en barra\"  data-wpil-monitor-id=\"347\">conditioner bar<\/a> is for conditioning.<\/p>\n<p>La manteca de cacao y la prote\u00edna Keravis ayudan a hidratar y mantener el cabello fuerte y sano, dejando el cabello suave, brillante y manejable con un sutil y hermoso aroma.<\/p>\n<h6>CARACTER\u00cdSTICAS<\/h6>\n<ul>\n<li>Es apto para todo tipo de cabellos, incluidos los secos, los rizados, los grasos y los te\u00f1idos<\/li>\n<li>Funciona bien con agua caliente<\/li>\n<li>Sin SLS, SLES ni parabenos<\/li>\n<li>Eco-Friendly<\/li>\n<li><a href=\"https:\/\/holali.co.uk\/es\/product\/white-pink-soap-bar\/\">Vegano<\/a> friendly &amp; vegetarians are also able to enjoy it.<\/li>\n<li>pruebas en contra de los animales<\/li>\n<li>Sin crueldad<\/li>\n<li>Sin pl\u00e1stico<\/li>\n<li>Peso: 60g<\/li>\n<\/ul>\n<p>NOTA: El color o el dise\u00f1o pueden variar ligeramente de las im\u00e1genes mostradas. Si desea saber m\u00e1s sobre nuestros productos, no dude en ponerse en contacto con nosotros en cualquier momento.<\/p>\n<p>\u00bfBuscando una gran idea? <a href=\"https:\/\/holali.co.uk\/es\/categoria-de-producto\/cuidado-del-cuerpo\/productos-para-el-cuidado-de-la-piel\/paper-soap\/?wmc-currency=EUR\" target=\"_blank\" rel=\"noopener noreferrer\">S\u00d3LO TIENE QUE HACER CLIC AQU\u00cd<\/a><\/p>","protected":false},"excerpt":{"rendered":"<p>Bubblegum Shampoo and Conditioner Bars: The New Normal Bubblegum Shampoo and Conditioner Bars are the most useful solid shampoo bar and hair conditioner yet! It also has large advantages: A Two-in-One hair shampoo bar that conditions as well as cleans your hair at the same time. no need for other bottled shampoo or leave-in conditioners&#8230;<\/p>","protected":false},"featured_media":6736,"comment_status":"open","ping_status":"closed","template":"","meta":{"_kad_blocks_custom_css":"","_kad_blocks_head_custom_js":"","_kad_blocks_body_custom_js":"","_kad_blocks_footer_custom_js":"","_kad_post_transparent":"default","_kad_post_title":"","_kad_post_layout":"default","_kad_post_sidebar_id":"","_kad_post_content_style":"default","_kad_post_vertical_padding":"default","_kad_post_feature":"","_kad_post_feature_position":"","_kad_post_header":false,"_kad_post_footer":false,"_kad_post_classname":"","_daim_seo_power":"","_daim_enable_ail":""},"product_brand":[],"product_cat":[480,700],"product_tag":[],"class_list":{"0":"post-6735","1":"product","2":"type-product","3":"status-publish","4":"has-post-thumbnail","6":"product_cat-eco-friendly-shampoo-bar","7":"product_cat-friendly-shampoo-bar","9":"first","10":"instock","11":"taxable","12":"shipping-taxable","13":"purchasable","14":"product-type-simple","15":"entry","16":"content-bg","17":"loop-entry"},"taxonomy_info":{"product_cat":[{"value":480,"label":"Eco-Friendly Shampoo Bar"},{"value":700,"label":"Friendly Shampoo Bar"}]},"featured_image_src_large":["https:\/\/holali.co.uk\/wp-content\/uploads\/2022\/08\/196454.jpeg",802,802,false],"author_info":[],"comment_info":0,"_links":{"self":[{"href":"https:\/\/holali.co.uk\/es\/wp-json\/wp\/v2\/product\/6735","targetHints":{"allow":["GET"]}}],"collection":[{"href":"https:\/\/holali.co.uk\/es\/wp-json\/wp\/v2\/product"}],"about":[{"href":"https:\/\/holali.co.uk\/es\/wp-json\/wp\/v2\/types\/product"}],"replies":[{"embeddable":true,"href":"https:\/\/holali.co.uk\/es\/wp-json\/wp\/v2\/comments?post=6735"}],"wp:featuredmedia":[{"embeddable":true,"href":"https:\/\/holali.co.uk\/es\/wp-json\/wp\/v2\/media\/6736"}],"wp:attachment":[{"href":"https:\/\/holali.co.uk\/es\/wp-json\/wp\/v2\/media?parent=6735"}],"wp:term":[{"taxonomy":"product_brand","embeddable":true,"href":"https:\/\/holali.co.uk\/es\/wp-json\/wp\/v2\/product_brand?post=6735"},{"taxonomy":"product_cat","embeddable":true,"href":"https:\/\/holali.co.uk\/es\/wp-json\/wp\/v2\/product_cat?post=6735"},{"taxonomy":"product_tag","embeddable":true,"href":"https:\/\/holali.co.uk\/es\/wp-json\/wp\/v2\/product_tag?post=6735"}],"curies":[{"name":"wp","href":"https:\/\/api.w.org\/{rel}","templated":true}]}}