{"id":6585,"date":"2022-08-30T19:53:51","date_gmt":"2022-08-30T19:53:51","guid":{"rendered":"https:\/\/holali.local\/product\/hand-crafted-soap-vanilla-slice-100g\/"},"modified":"2025-09-15T02:39:35","modified_gmt":"2025-09-15T02:39:35","slug":"jabones-hechos-a-mano-con-vainilla","status":"publish","type":"product","link":"https:\/\/holali.co.uk\/es\/product\/handmade-soaps-with-vanilla\/","title":{"rendered":"Jabones hechos a mano con vainilla"},"content":{"rendered":"<h2>Jabones hechos a mano con vainilla<\/h2>\n<p dir=\"auto\" data-pm-slice=\"1 1 []\">Te encanta hacer tu propio jab\u00f3n, pero \u00bfsabes c\u00f3mo hacerlo? Seguro que podr\u00edas, pero es mucho m\u00e1s f\u00e1cil comprar un lavado ya hecho.<\/p>\n<p dir=\"auto\" data-pm-slice=\"1 1 []\">Making your own soap does take some time and commitment, but these handmade soaps with Vanilla are made with the highest quality ingredients. The <a href=\"https:\/\/holali.co.uk\/es\/producto\/jabones-hechos-a-mano-con-fresa\/?wmc-currency=EUR\" title=\"Jabones hechos a mano con fresa\" target=\"_blank\" rel=\"noopener\"  data-wpil-monitor-id=\"1191\">melt and pour method<\/a> allow for perfect soap every time!<\/p>\n<p dir=\"auto\" data-pm-slice=\"1 1 []\">These <a href=\"https:\/\/holali.co.uk\/es\/producto\/jabon-de-lujo-de-doble-manteca-y-aceite-de-lana\/?wmc-currency=EUR\" title=\"Jab\u00f3n de lujo elaborado con aceites naturales de madera\"  data-wpil-monitor-id=\"398\">Handmade soaps with Vanilla<\/a> are made from natural, unprocessed ingredients.<\/p>\n<p dir=\"auto\" data-pm-slice=\"1 1 []\">Nuestro <a href=\"https:\/\/holali.co.uk\/es\/producto\/jabon-de-manos-de-vainilla-con-aceite-de-oliva\/?wmc-currency=EUR\" title=\"El mejor jab\u00f3n de manos de vainilla para las manos secas\" target=\"_blank\" rel=\"noopener\"  data-wpil-monitor-id=\"1239\">Handmade soap&#8217;s<\/a> fragrance is very delicate that makes your hands, body, and soul feel cleansed, nourished, and moisturized.<\/p>\n<p dir=\"auto\" data-pm-slice=\"1 1 []\">Su dise\u00f1o de giro ondulado y su m\u00e9todo de fabricaci\u00f3n los convierten en un producto ecol\u00f3gico y muy cool.<\/p>\n<ul>\n<li>Tipos de piel: Todos<\/li>\n<li>\u00c1rea de cuidado de la piel: Rostro, Cuerpo<\/li>\n<li>Peso: 100g aproximadamente<\/li>\n<\/ul>\n<p>NOTA: El color o el dise\u00f1o pueden variar ligeramente de las im\u00e1genes mostradas. Si desea saber m\u00e1s sobre nuestros productos, no dude en ponerse en contacto con nosotros en cualquier momento.<\/p>\n<p><a href=\"https:\/\/holali.co.uk\/es\/categoria-de-producto\/cuidado-del-cuerpo\/productos-para-el-cuidado-de-la-piel\/paper-soap\/?wmc-currency=EUR\">LO QUE NO PUEDE FALTAR EN TU RUTINA DE CUIDADO DE LA PIEL<\/a><\/p>","protected":false},"excerpt":{"rendered":"<p>Handmade Soaps With Vanilla You love it when you make your own soap, but do you know how? You&#8217;re sure you could, but it&#8217;s so much easier to buy a ready-made wash. Making your own soap does take some time and commitment, but these handmade soaps with Vanilla are made with the highest quality ingredients&#8230;.<\/p>","protected":false},"featured_media":6586,"comment_status":"open","ping_status":"closed","template":"","meta":{"_kad_blocks_custom_css":"","_kad_blocks_head_custom_js":"","_kad_blocks_body_custom_js":"","_kad_blocks_footer_custom_js":"","_kad_post_transparent":"default","_kad_post_title":"","_kad_post_layout":"default","_kad_post_sidebar_id":"","_kad_post_content_style":"default","_kad_post_vertical_padding":"default","_kad_post_feature":"","_kad_post_feature_position":"","_kad_post_header":false,"_kad_post_footer":false,"_kad_post_classname":"","_daim_seo_power":"","_daim_enable_ail":""},"product_brand":[],"product_cat":[471],"product_tag":[],"class_list":{"0":"post-6585","1":"product","2":"type-product","3":"status-publish","4":"has-post-thumbnail","6":"product_cat-scented-soaps","8":"first","9":"instock","10":"taxable","11":"shipping-taxable","12":"purchasable","13":"product-type-simple","14":"entry","15":"content-bg","16":"loop-entry"},"taxonomy_info":{"product_cat":[{"value":471,"label":"Scented Soaps"}]},"featured_image_src_large":["https:\/\/holali.co.uk\/wp-content\/uploads\/2022\/08\/195774-1024x1024.jpeg",1024,1024,true],"author_info":[],"comment_info":0,"_links":{"self":[{"href":"https:\/\/holali.co.uk\/es\/wp-json\/wp\/v2\/product\/6585","targetHints":{"allow":["GET"]}}],"collection":[{"href":"https:\/\/holali.co.uk\/es\/wp-json\/wp\/v2\/product"}],"about":[{"href":"https:\/\/holali.co.uk\/es\/wp-json\/wp\/v2\/types\/product"}],"replies":[{"embeddable":true,"href":"https:\/\/holali.co.uk\/es\/wp-json\/wp\/v2\/comments?post=6585"}],"wp:featuredmedia":[{"embeddable":true,"href":"https:\/\/holali.co.uk\/es\/wp-json\/wp\/v2\/media\/6586"}],"wp:attachment":[{"href":"https:\/\/holali.co.uk\/es\/wp-json\/wp\/v2\/media?parent=6585"}],"wp:term":[{"taxonomy":"product_brand","embeddable":true,"href":"https:\/\/holali.co.uk\/es\/wp-json\/wp\/v2\/product_brand?post=6585"},{"taxonomy":"product_cat","embeddable":true,"href":"https:\/\/holali.co.uk\/es\/wp-json\/wp\/v2\/product_cat?post=6585"},{"taxonomy":"product_tag","embeddable":true,"href":"https:\/\/holali.co.uk\/es\/wp-json\/wp\/v2\/product_tag?post=6585"}],"curies":[{"name":"wp","href":"https:\/\/api.w.org\/{rel}","templated":true}]}}