{"id":6583,"date":"2022-08-30T19:53:50","date_gmt":"2022-08-30T19:53:50","guid":{"rendered":"https:\/\/holali.local\/product\/hand-crafted-soap-cotton-slice-100g\/"},"modified":"2024-10-03T20:57:57","modified_gmt":"2024-10-03T20:57:57","slug":"jabones-hechos-a-mano-con-algodon","status":"publish","type":"product","link":"https:\/\/holali.co.uk\/es\/product\/handmade-soaps-with-cotton\/","title":{"rendered":"Jabones hechos a mano con algod\u00f3n"},"content":{"rendered":"<h2>Jabones hechos a mano con algod\u00f3n<\/h2>\n<p dir=\"auto\" data-pm-slice=\"1 1 []\">Nuestros jabones hechos a mano con algod\u00f3n utilizando el m\u00e9todo de fundir y verter. Maduro, saludable y naturalmente limpiador. Imprescindible para quien tenga la piel sensible.<\/p>\n<p dir=\"auto\" data-pm-slice=\"1 1 []\">Le encantar\u00e1 c\u00f3mo se derrite el jab\u00f3n y su hermosa acci\u00f3n espumante. \u00a1P\u00eddelo hoy mismo!<\/p>\n<p dir=\"auto\" data-pm-slice=\"1 1 []\">La fragancia de nuestro jab\u00f3n artesanal es muy delicada y hace que sus manos, su cuerpo y su alma se sientan limpios, nutridos e hidratados.<\/p>\n<p dir=\"auto\" data-pm-slice=\"1 1 []\">Their <a href=\"https:\/\/holali.co.uk\/es\/producto\/jabones-hechos-a-mano-con-fresa\/?wmc-currency=EUR\" title=\"Jabones hechos a mano con fresa\" target=\"_blank\" rel=\"noopener\"  data-wpil-monitor-id=\"1188\">wave twirl design<\/a> and their method of manufacturing make them a super cool eco-friendly product.<\/p>\n<ul>\n<li>Tipos de piel: Todos<\/li>\n<li>\u00c1rea de cuidado de la piel: Rostro, Cuerpo<\/li>\n<li>Peso: 100g aproximadamente<\/li>\n<\/ul>\n<p>NOTA: El color o el dise\u00f1o pueden variar ligeramente de las im\u00e1genes mostradas. Si desea saber m\u00e1s sobre nuestros productos, no dude en ponerse en contacto con nosotros en cualquier momento.<\/p>\n<p><a href=\"https:\/\/holali.co.uk\/es\/categoria-de-producto\/cuidado-del-cuerpo\/productos-para-el-cuidado-de-la-piel\/paper-soap\/?wmc-currency=EUR\">LO QUE NO PUEDE FALTAR EN TU RUTINA DE CUIDADO DE LA PIEL<\/a><\/p>","protected":false},"excerpt":{"rendered":"<p>Handmade Soaps With Cotton Our Handmade Soaps with cotton using the melt and pour method. Mature, healthy, and naturally cleansing. A must-have for anyone who has sensitive skin. You&#8217;ll love how the soap melts down and its beautiful foaming action! Order today! Our Handmade soap&#8217;s fragrance is very delicate that makes your hands, body, and&#8230;<\/p>","protected":false},"featured_media":6584,"comment_status":"open","ping_status":"closed","template":"","meta":{"_kad_blocks_custom_css":"","_kad_blocks_head_custom_js":"","_kad_blocks_body_custom_js":"","_kad_blocks_footer_custom_js":"","_kad_post_transparent":"default","_kad_post_title":"","_kad_post_layout":"default","_kad_post_sidebar_id":"","_kad_post_content_style":"default","_kad_post_vertical_padding":"default","_kad_post_feature":"","_kad_post_feature_position":"","_kad_post_header":false,"_kad_post_footer":false,"_kad_post_classname":"","_daim_seo_power":"","_daim_enable_ail":""},"product_brand":[],"product_cat":[471],"product_tag":[],"class_list":{"0":"post-6583","1":"product","2":"type-product","3":"status-publish","4":"has-post-thumbnail","6":"product_cat-scented-soaps","8":"first","9":"instock","10":"taxable","11":"shipping-taxable","12":"purchasable","13":"product-type-simple","14":"entry","15":"content-bg","16":"loop-entry"},"taxonomy_info":{"product_cat":[{"value":471,"label":"Scented Soaps"}]},"featured_image_src_large":["https:\/\/holali.co.uk\/wp-content\/uploads\/2022\/08\/195768-1024x1024.jpeg",1024,1024,true],"author_info":[],"comment_info":0,"_links":{"self":[{"href":"https:\/\/holali.co.uk\/es\/wp-json\/wp\/v2\/product\/6583","targetHints":{"allow":["GET"]}}],"collection":[{"href":"https:\/\/holali.co.uk\/es\/wp-json\/wp\/v2\/product"}],"about":[{"href":"https:\/\/holali.co.uk\/es\/wp-json\/wp\/v2\/types\/product"}],"replies":[{"embeddable":true,"href":"https:\/\/holali.co.uk\/es\/wp-json\/wp\/v2\/comments?post=6583"}],"wp:featuredmedia":[{"embeddable":true,"href":"https:\/\/holali.co.uk\/es\/wp-json\/wp\/v2\/media\/6584"}],"wp:attachment":[{"href":"https:\/\/holali.co.uk\/es\/wp-json\/wp\/v2\/media?parent=6583"}],"wp:term":[{"taxonomy":"product_brand","embeddable":true,"href":"https:\/\/holali.co.uk\/es\/wp-json\/wp\/v2\/product_brand?post=6583"},{"taxonomy":"product_cat","embeddable":true,"href":"https:\/\/holali.co.uk\/es\/wp-json\/wp\/v2\/product_cat?post=6583"},{"taxonomy":"product_tag","embeddable":true,"href":"https:\/\/holali.co.uk\/es\/wp-json\/wp\/v2\/product_tag?post=6583"}],"curies":[{"name":"wp","href":"https:\/\/api.w.org\/{rel}","templated":true}]}}