{"id":6579,"date":"2022-08-30T19:53:49","date_gmt":"2022-08-30T19:53:49","guid":{"rendered":"https:\/\/holali.local\/product\/hand-crafted-soap-lilac-slice-100g\/"},"modified":"2024-10-03T20:57:57","modified_gmt":"2024-10-03T20:57:57","slug":"jabones-hechos-a-mano-con-lila","status":"publish","type":"product","link":"https:\/\/holali.co.uk\/es\/product\/handmade-soaps-with-lilac\/","title":{"rendered":"Jabones hechos a mano con lila"},"content":{"rendered":"<h2>Jabones hechos a mano con lila<\/h2>\n<p dir=\"auto\" data-pm-slice=\"1 1 []\">Si busca un jab\u00f3n de alta calidad que deje su piel suave, hidratada y con roc\u00edo, los jabones hechos a mano con lila son para usted.<\/p>\n<p dir=\"auto\" data-pm-slice=\"1 1 []\">Elaborado con ingredientes de la m\u00e1s alta calidad mediante el m\u00e9todo de fundido y vertido, como es tradici\u00f3n en los jabones, lo que hace que sean s\u00faper f\u00e1ciles de usar, como cualquier otro jab\u00f3n.<\/p>\n<p dir=\"auto\" data-pm-slice=\"1 1 []\">La fragancia de nuestro jab\u00f3n artesanal es muy delicada y hace que sus manos, su cuerpo y su alma se sientan limpios, nutridos e hidratados.<\/p>\n<p dir=\"auto\" data-pm-slice=\"1 1 []\">Their <a href=\"https:\/\/holali.co.uk\/es\/producto\/jabones-hechos-a-mano-con-vainilla\/?wmc-currency=EUR\" title=\"Jabones hechos a mano con vainilla\" target=\"_blank\" rel=\"noopener\"  data-wpil-monitor-id=\"1564\">wave twirl design<\/a> and their method of manufacturing make them a super cool eco-friendly product.<\/p>\n<ul>\n<li>Tipos de piel: Todos<\/li>\n<li>\u00c1rea de cuidado de la piel: Rostro, Cuerpo<\/li>\n<li>Peso: 100g aproximadamente<\/li>\n<\/ul>\n<p>NOTA: El color o el dise\u00f1o pueden variar ligeramente de las im\u00e1genes mostradas. Si desea saber m\u00e1s sobre nuestros productos, no dude en ponerse en contacto con nosotros en cualquier momento.<\/p>\n<p><a href=\"https:\/\/holali.co.uk\/es\/categoria-de-producto\/cuidado-del-cuerpo\/productos-para-el-cuidado-de-la-piel\/paper-soap\/?wmc-currency=EUR\">LO QUE NO PUEDE FALTAR EN TU RUTINA DE CUIDADO DE LA PIEL<\/a><\/p>","protected":false},"excerpt":{"rendered":"<p>Handmade Soaps With Lilac If you&#8217;re looking for a high-quality soap that will leave your skin feeling soft, hydrating, and dewy, then handmade soaps with lilac are for you. Made from the highest quality ingredients using the melt and pour method as is the tradition in soaps, making them super easy to use, like any&#8230;<\/p>","protected":false},"featured_media":6580,"comment_status":"open","ping_status":"closed","template":"","meta":{"_kad_blocks_custom_css":"","_kad_blocks_head_custom_js":"","_kad_blocks_body_custom_js":"","_kad_blocks_footer_custom_js":"","_kad_post_transparent":"default","_kad_post_title":"","_kad_post_layout":"default","_kad_post_sidebar_id":"","_kad_post_content_style":"default","_kad_post_vertical_padding":"default","_kad_post_feature":"","_kad_post_feature_position":"","_kad_post_header":false,"_kad_post_footer":false,"_kad_post_classname":"","_daim_seo_power":"","_daim_enable_ail":""},"product_brand":[],"product_cat":[471],"product_tag":[],"class_list":{"0":"post-6579","1":"product","2":"type-product","3":"status-publish","4":"has-post-thumbnail","6":"product_cat-scented-soaps","8":"first","9":"instock","10":"taxable","11":"shipping-taxable","12":"purchasable","13":"product-type-simple","14":"entry","15":"content-bg","16":"loop-entry"},"taxonomy_info":{"product_cat":[{"value":471,"label":"Scented Soaps"}]},"featured_image_src_large":["https:\/\/holali.co.uk\/wp-content\/uploads\/2022\/08\/195757-1024x1024.jpeg",1024,1024,true],"author_info":[],"comment_info":0,"_links":{"self":[{"href":"https:\/\/holali.co.uk\/es\/wp-json\/wp\/v2\/product\/6579","targetHints":{"allow":["GET"]}}],"collection":[{"href":"https:\/\/holali.co.uk\/es\/wp-json\/wp\/v2\/product"}],"about":[{"href":"https:\/\/holali.co.uk\/es\/wp-json\/wp\/v2\/types\/product"}],"replies":[{"embeddable":true,"href":"https:\/\/holali.co.uk\/es\/wp-json\/wp\/v2\/comments?post=6579"}],"wp:featuredmedia":[{"embeddable":true,"href":"https:\/\/holali.co.uk\/es\/wp-json\/wp\/v2\/media\/6580"}],"wp:attachment":[{"href":"https:\/\/holali.co.uk\/es\/wp-json\/wp\/v2\/media?parent=6579"}],"wp:term":[{"taxonomy":"product_brand","embeddable":true,"href":"https:\/\/holali.co.uk\/es\/wp-json\/wp\/v2\/product_brand?post=6579"},{"taxonomy":"product_cat","embeddable":true,"href":"https:\/\/holali.co.uk\/es\/wp-json\/wp\/v2\/product_cat?post=6579"},{"taxonomy":"product_tag","embeddable":true,"href":"https:\/\/holali.co.uk\/es\/wp-json\/wp\/v2\/product_tag?post=6579"}],"curies":[{"name":"wp","href":"https:\/\/api.w.org\/{rel}","templated":true}]}}