{"id":6389,"date":"2022-08-30T19:52:56","date_gmt":"2022-08-30T19:52:56","guid":{"rendered":"https:\/\/holali.local\/product\/large-red-bouquet-in-wicker-basket\/"},"modified":"2025-07-18T19:15:38","modified_gmt":"2025-07-18T19:15:38","slug":"gran-ramo-rojo-en-cesta-de-mimbre","status":"publish","type":"product","link":"https:\/\/holali.co.uk\/es\/product\/best-red-soap-bouquet\/","title":{"rendered":"El mejor ramo de jab\u00f3n rojo para ella"},"content":{"rendered":"<h2 dir=\"auto\" data-pm-slice=\"1 1 []\">El mejor ramo de jab\u00f3n rojo para ella<\/h2>\n<p>Experience the pinnacle of indulgence with our Best Red Soap Bouquet, designed to deliver the purest, most luxurious fragrance experience. This exquisite collection offers an unparalleled touch of elegance, making it the perfect gift for any occasion. Whether you want to elevate your everyday routine or create a memorable moment for someone special, our Red Soap Bouquet stands out as a superior choice.<\/p>\n<p><strong>\u00bfC\u00d3MO USARLO?<\/strong><\/p>\n<p>Transform your bath into a sanctuary of relaxation by adding a few petals from the Best <a href=\"https:\/\/holali.co.uk\/es\/producto\/9-jabon-rosa-rosas-el-mejor-regalo-de-bano\/?wmc-currency=EUR\" title=\"9 Pink Soap Roses The Best Bathing Present\"  data-wpil-monitor-id=\"232\">Red Soap<\/a> Bouquet. The warm water gently dissolves the rose-infused soap, releasing a delicate fragrance that envelops you in tranquility. For an added touch of sophistication, use the petals to adorn sinks, hand soap dispensers, or even your bath area, bringing a touch of beauty and luxury to your space. Embrace the full potential of everyday indulgence with this versatile and charming bouquet.<\/p>\n<p>VER M\u00c1S <a href=\"https:\/\/holali.co.uk\/es\/productos-de-bano\/jabon-flores-bouquets\/caja-de-regalo-de-jabon\/?wmc-currency=EUR\">REGALO DE JAB\u00d3N DE SAN VALENT\u00cdN<\/a><\/p>","protected":false},"excerpt":{"rendered":"<p>Glicerina, Sulfato de Dodecilo, Alcohol Polivin\u00edlico, Cocamidopropil Beta\u00edna, Cocamida DEA, Almid\u00f3n de Zea Mays (Ma\u00edz), Parfum, Aqua, (+\/- CI 19140, CI 42090, CI 18050, CI 47005, CI 16255, CI 14720, CI 45430)<\/p>","protected":false},"featured_media":6390,"comment_status":"open","ping_status":"closed","template":"","meta":{"_kad_blocks_custom_css":"","_kad_blocks_head_custom_js":"","_kad_blocks_body_custom_js":"","_kad_blocks_footer_custom_js":"","_kad_post_transparent":"default","_kad_post_title":"","_kad_post_layout":"default","_kad_post_sidebar_id":"","_kad_post_content_style":"default","_kad_post_vertical_padding":"default","_kad_post_feature":"","_kad_post_feature_position":"","_kad_post_header":false,"_kad_post_footer":false,"_kad_post_classname":"","_daim_seo_power":"","_daim_enable_ail":""},"product_brand":[],"product_cat":[660],"product_tag":[],"class_list":{"0":"post-6389","1":"product","2":"type-product","3":"status-publish","4":"has-post-thumbnail","6":"product_cat-valentine-soap-gifts","8":"first","9":"instock","10":"taxable","11":"shipping-taxable","12":"purchasable","13":"product-type-simple","14":"entry","15":"content-bg","16":"loop-entry"},"taxonomy_info":{"product_cat":[{"value":660,"label":"Valentine Soap Gifts"}]},"featured_image_src_large":["https:\/\/holali.co.uk\/wp-content\/uploads\/2022\/08\/165016-1024x1024.jpeg",1024,1024,true],"author_info":[],"comment_info":0,"_links":{"self":[{"href":"https:\/\/holali.co.uk\/es\/wp-json\/wp\/v2\/product\/6389","targetHints":{"allow":["GET"]}}],"collection":[{"href":"https:\/\/holali.co.uk\/es\/wp-json\/wp\/v2\/product"}],"about":[{"href":"https:\/\/holali.co.uk\/es\/wp-json\/wp\/v2\/types\/product"}],"replies":[{"embeddable":true,"href":"https:\/\/holali.co.uk\/es\/wp-json\/wp\/v2\/comments?post=6389"}],"wp:featuredmedia":[{"embeddable":true,"href":"https:\/\/holali.co.uk\/es\/wp-json\/wp\/v2\/media\/6390"}],"wp:attachment":[{"href":"https:\/\/holali.co.uk\/es\/wp-json\/wp\/v2\/media?parent=6389"}],"wp:term":[{"taxonomy":"product_brand","embeddable":true,"href":"https:\/\/holali.co.uk\/es\/wp-json\/wp\/v2\/product_brand?post=6389"},{"taxonomy":"product_cat","embeddable":true,"href":"https:\/\/holali.co.uk\/es\/wp-json\/wp\/v2\/product_cat?post=6389"},{"taxonomy":"product_tag","embeddable":true,"href":"https:\/\/holali.co.uk\/es\/wp-json\/wp\/v2\/product_tag?post=6389"}],"curies":[{"name":"wp","href":"https:\/\/api.w.org\/{rel}","templated":true}]}}