{"id":6387,"date":"2022-08-30T19:52:56","date_gmt":"2022-08-30T19:52:56","guid":{"rendered":"https:\/\/holali.local\/product\/large-pink-bouquet-in-wicker-basket\/"},"modified":"2025-07-19T07:20:00","modified_gmt":"2025-07-19T07:20:00","slug":"ramo-grande-rosa-en-caja-de-mimbre","status":"publish","type":"product","link":"https:\/\/holali.co.uk\/es\/product\/soap-bouquet-flowers\/","title":{"rendered":"Ramo de flores de jab\u00f3n: Perfecto para el d\u00eda de San Valent\u00edn"},"content":{"rendered":"<h2 dir=\"auto\" data-pm-slice=\"1 1 []\">Ramo de flores de jab\u00f3n: Perfecto para el d\u00eda de San Valent\u00edn<\/h2>\n<p>Experience the elegance of fresh flowers with the luxurious touch of our Soap Bouquet Flowers. Perfectly designed to capture the essence of nature&#8217;s beauty, these soap flowers bring both visual appeal and a naturally fragrant aroma that will make you feel like a million dollars.<\/p>\n<p>Our Soap Bouquet Flowers are an effortless way to indulge in the charm of a bouquet without the hassle of buying or crafting individual soap flowers. Each bouquet is meticulously crafted to ensure that every petal not only looks exquisite but also delivers a delightful, soothing fragrance.<\/p>\n<p><strong>How to Use It?<\/strong><\/p>\n<p>Enhance your bath experience by adding a few <a href=\"https:\/\/holali.co.uk\/es\/producto\/ramo-de-flores-de-jabon-de-pie-morado\/?wmc-currency=EUR\" title=\"P\u00farpura Jab\u00f3n Ramo De Flores\"  data-wpil-monitor-id=\"618\">Soap Bouquet Flowers<\/a> to warm water. As the roses gently dissolve, they release their captivating scent, creating a spa-like atmosphere that invites relaxation and tranquility. The petals are also perfect for adding a touch of elegance to your sink, hand soap, or bath, transforming everyday moments into luxurious experiences.<\/p>\n<p>Share the joy and beauty of <a href=\"https:\/\/holali.co.uk\/es\/producto\/ramo-de-flores-de-jabon-de-pie-verde-amarillo\/?wmc-currency=EUR\" title=\"Verde Amarillo Jab\u00f3n Ramo De Flores\"  data-wpil-monitor-id=\"644\">Soap Bouquet Flowers<\/a> with those you love, or simply treat yourself to a moment of indulgence. Ideal for Valentine\u2019s Day or any special occasion, our <a href=\"https:\/\/holali.co.uk\/es\/producto\/jabon-vegano-de-citricos-frescos-en-una-cuerda\/?wmc-currency=EUR\" title=\"Jab\u00f3n vegano de c\u00edtricos frescos en una cuerda\"  data-wpil-monitor-id=\"44\">Soap Bouquet Flowers<\/a> provide a beautiful and practical way to enjoy the allure of fresh blooms with the added benefit of a cleansing touch.<\/p>\n<p>VER M\u00c1S <a href=\"https:\/\/holali.co.uk\/es\/productos-de-bano\/jabon-flores-bouquets\/caja-de-regalo-de-jabon\/?wmc-currency=EUR\">REGALO DE JAB\u00d3N DE SAN VALENT\u00cdN<\/a><\/p>","protected":false},"excerpt":{"rendered":"<p>Glicerina, Sulfato de Dodecilo, Alcohol Polivin\u00edlico, Cocamidopropil Beta\u00edna, Cocamida DEA, Almid\u00f3n de Zea Mays (Ma\u00edz), Parfum, Aqua, (+\/- CI 19140, CI 42090, CI 18050, CI 47005, CI 16255, CI 14720, CI 45430)<\/p>","protected":false},"featured_media":6388,"comment_status":"open","ping_status":"closed","template":"","meta":{"_kad_blocks_custom_css":"","_kad_blocks_head_custom_js":"","_kad_blocks_body_custom_js":"","_kad_blocks_footer_custom_js":"","_kad_post_transparent":"default","_kad_post_title":"","_kad_post_layout":"default","_kad_post_sidebar_id":"","_kad_post_content_style":"default","_kad_post_vertical_padding":"default","_kad_post_feature":"","_kad_post_feature_position":"","_kad_post_header":false,"_kad_post_footer":false,"_kad_post_classname":"","_daim_seo_power":"","_daim_enable_ail":""},"product_brand":[],"product_cat":[660],"product_tag":[],"class_list":{"0":"post-6387","1":"product","2":"type-product","3":"status-publish","4":"has-post-thumbnail","6":"product_cat-valentine-soap-gifts","8":"first","9":"instock","10":"taxable","11":"shipping-taxable","12":"purchasable","13":"product-type-simple","14":"entry","15":"content-bg","16":"loop-entry"},"taxonomy_info":{"product_cat":[{"value":660,"label":"Valentine Soap Gifts"}]},"featured_image_src_large":["https:\/\/holali.co.uk\/wp-content\/uploads\/2022\/08\/165015-1024x1024.jpeg",1024,1024,true],"author_info":[],"comment_info":0,"_links":{"self":[{"href":"https:\/\/holali.co.uk\/es\/wp-json\/wp\/v2\/product\/6387","targetHints":{"allow":["GET"]}}],"collection":[{"href":"https:\/\/holali.co.uk\/es\/wp-json\/wp\/v2\/product"}],"about":[{"href":"https:\/\/holali.co.uk\/es\/wp-json\/wp\/v2\/types\/product"}],"replies":[{"embeddable":true,"href":"https:\/\/holali.co.uk\/es\/wp-json\/wp\/v2\/comments?post=6387"}],"wp:featuredmedia":[{"embeddable":true,"href":"https:\/\/holali.co.uk\/es\/wp-json\/wp\/v2\/media\/6388"}],"wp:attachment":[{"href":"https:\/\/holali.co.uk\/es\/wp-json\/wp\/v2\/media?parent=6387"}],"wp:term":[{"taxonomy":"product_brand","embeddable":true,"href":"https:\/\/holali.co.uk\/es\/wp-json\/wp\/v2\/product_brand?post=6387"},{"taxonomy":"product_cat","embeddable":true,"href":"https:\/\/holali.co.uk\/es\/wp-json\/wp\/v2\/product_cat?post=6387"},{"taxonomy":"product_tag","embeddable":true,"href":"https:\/\/holali.co.uk\/es\/wp-json\/wp\/v2\/product_tag?post=6387"}],"curies":[{"name":"wp","href":"https:\/\/api.w.org\/{rel}","templated":true}]}}