{"id":6383,"date":"2022-08-30T19:52:54","date_gmt":"2022-08-30T19:52:54","guid":{"rendered":"https:\/\/holali.local\/product\/large-orange-bouquet-in-wicker-basket\/"},"modified":"2025-07-18T22:18:55","modified_gmt":"2025-07-18T22:18:55","slug":"gran-ramo-de-naranjas-en-cesta-de-mimbre","status":"publish","type":"product","link":"https:\/\/holali.co.uk\/es\/product\/best-orange-soap\/","title":{"rendered":"\u00a1El mejor set de jab\u00f3n de naranja para regalar!"},"content":{"rendered":"<h2 dir=\"auto\" data-pm-slice=\"1 1 []\">\u00a1El mejor set de jab\u00f3n de naranja para regalar!<\/h2>\n<p>Discover the Best Orange Soap Set, perfect for gifting or indulging yourself on a special occasion! This luxurious soap set not only features a stunning orange hue but also boasts a soothing and delightful fragrance that will invigorate your senses. The vibrant orange color and exquisite aroma make it an ideal choice for a romantic gift or a treat to celebrate a special day. The high-quality ingredients ensure that each bar of <a href=\"https:\/\/holali.co.uk\/es\/producto\/dewberry-soap-provides-a-refreshing-cleanse\/?wmc-currency=EUR\" title=\"El jab\u00f3n Dewberry proporciona una limpieza refrescante\"  data-wpil-monitor-id=\"546\">soap provides a refreshing<\/a> and pampering experience.<\/p>\n<p><strong>How to Use It?<\/strong><\/p>\n<p>For the ultimate relaxation, add a few of these beautiful <a href=\"https:\/\/holali.co.uk\/es\/producto\/naranja-amarillo-barra-de-jabon\/?wmc-currency=EUR\" title=\"Jab\u00f3n amarillo anaranjado en barra\"  data-wpil-monitor-id=\"139\">orange soap bars<\/a> to a warm bath and let the luxurious lather envelop you. As the soap melts, it releases its calming fragrance, transforming your bath into a serene escape. You can also use the soap petals for a touch of elegance in your sinks, as hand soap, or to enhance your bath time experience. With the Best Orange Soap Set, you\u2019re not just giving a gift\u2014you\u2019re offering a moment of pure indulgence and joy.<\/p>\n<p>VER M\u00c1S <a href=\"https:\/\/holali.co.uk\/es\/productos-de-bano\/jabon-flores-bouquets\/caja-de-regalo-de-jabon\/?wmc-currency=EUR\">REGALO DE JAB\u00d3N DE SAN VALENT\u00cdN<\/a><\/p>","protected":false},"excerpt":{"rendered":"<p>Glicerina, Sulfato de Dodecilo, Alcohol Polivin\u00edlico, Cocamidopropil Beta\u00edna, Cocamida DEA, Almid\u00f3n de Zea Mays (Ma\u00edz), Parfum, Aqua, (+\/- CI 19140, CI 42090, CI 18050, CI 47005, CI 16255, CI 14720, CI 45430)<\/p>","protected":false},"featured_media":11522,"comment_status":"open","ping_status":"closed","template":"","meta":{"_kad_blocks_custom_css":"","_kad_blocks_head_custom_js":"","_kad_blocks_body_custom_js":"","_kad_blocks_footer_custom_js":"","_kad_post_transparent":"default","_kad_post_title":"","_kad_post_layout":"default","_kad_post_sidebar_id":"","_kad_post_content_style":"default","_kad_post_vertical_padding":"default","_kad_post_feature":"","_kad_post_feature_position":"","_kad_post_header":false,"_kad_post_footer":false,"_kad_post_classname":"","_daim_seo_power":"","_daim_enable_ail":""},"product_brand":[],"product_cat":[660],"product_tag":[],"class_list":{"0":"post-6383","1":"product","2":"type-product","3":"status-publish","4":"has-post-thumbnail","6":"product_cat-valentine-soap-gifts","8":"first","9":"instock","10":"taxable","11":"shipping-taxable","12":"purchasable","13":"product-type-simple","14":"entry","15":"content-bg","16":"loop-entry"},"taxonomy_info":{"product_cat":[{"value":660,"label":"Valentine Soap Gifts"}]},"featured_image_src_large":["https:\/\/holali.co.uk\/wp-content\/uploads\/2022\/08\/soap-gift-1024x1024.jpeg",1024,1024,true],"author_info":[],"comment_info":0,"_links":{"self":[{"href":"https:\/\/holali.co.uk\/es\/wp-json\/wp\/v2\/product\/6383","targetHints":{"allow":["GET"]}}],"collection":[{"href":"https:\/\/holali.co.uk\/es\/wp-json\/wp\/v2\/product"}],"about":[{"href":"https:\/\/holali.co.uk\/es\/wp-json\/wp\/v2\/types\/product"}],"replies":[{"embeddable":true,"href":"https:\/\/holali.co.uk\/es\/wp-json\/wp\/v2\/comments?post=6383"}],"wp:featuredmedia":[{"embeddable":true,"href":"https:\/\/holali.co.uk\/es\/wp-json\/wp\/v2\/media\/11522"}],"wp:attachment":[{"href":"https:\/\/holali.co.uk\/es\/wp-json\/wp\/v2\/media?parent=6383"}],"wp:term":[{"taxonomy":"product_brand","embeddable":true,"href":"https:\/\/holali.co.uk\/es\/wp-json\/wp\/v2\/product_brand?post=6383"},{"taxonomy":"product_cat","embeddable":true,"href":"https:\/\/holali.co.uk\/es\/wp-json\/wp\/v2\/product_cat?post=6383"},{"taxonomy":"product_tag","embeddable":true,"href":"https:\/\/holali.co.uk\/es\/wp-json\/wp\/v2\/product_tag?post=6383"}],"curies":[{"name":"wp","href":"https:\/\/api.w.org\/{rel}","templated":true}]}}