{"id":6381,"date":"2022-08-30T19:52:54","date_gmt":"2022-08-30T19:52:54","guid":{"rendered":"https:\/\/holali.local\/product\/medium-red-bouquet-in-wicker-basket\/"},"modified":"2025-07-18T22:03:03","modified_gmt":"2025-07-18T22:03:03","slug":"bouquet-rojo-mediano-en-cesta-de-mimbre","status":"publish","type":"product","link":"https:\/\/holali.co.uk\/es\/product\/red-decorative-soaps\/","title":{"rendered":"Jabones decorativos rojos para su hogar"},"content":{"rendered":"<h2 dir=\"auto\" data-pm-slice=\"1 1 []\">Jabones decorativos rojos para su hogar<\/h2>\n<p>Elevate your home ambiance with our exquisite Red Decorative Soaps, designed to infuse your space with both beauty and fragrance. These vibrant soaps, with their enchanting red hue and refreshing scent, make for the perfect gift to delight your friends and family. Not only do they enhance the aesthetic of your bathroom, but they also provide a sensory experience that leaves you feeling rejuvenated.<\/p>\n<p><strong>\u00bfC\u00d3MO UTILIZARLOS?<\/strong><\/p>\n<p>Transform your bath into a luxurious retreat by adding a few <a href=\"https:\/\/holali.co.uk\/es\/producto\/jabon-de-lujo-de-doble-manteca-y-aceite-picante\/?wmc-currency=EUR\" title=\"Jab\u00f3n de lujo de alta calidad con aceites picantes\"  data-wpil-monitor-id=\"404\">Red Decorative<\/a> Soaps to warm water, letting their delightful aroma and color create a soothing atmosphere as you relax. The rose-shaped petals are not only perfect for use in your bath but also ideal for decorating sinks and hand soap dispensers, adding a touch of elegance to every corner of your home. Enjoy the blend of functionality and style with our <a href=\"https:\/\/holali.co.uk\/es\/producto\/bano-decoracion-13-rojo-jabon-rosas\/?wmc-currency=EUR\" title=\"Decoraci\u00f3n para el ba\u00f1o: 13 Rosas rojas de jab\u00f3n\"  data-wpil-monitor-id=\"227\">Red Decorative Soaps<\/a>, and make your everyday routine a little more special.<\/p>\n<p>VER M\u00c1S <a href=\"https:\/\/holali.co.uk\/es\/productos-de-bano\/jabon-flores-bouquets\/caja-de-regalo-de-jabon\/?wmc-currency=EUR\">REGALO DE JAB\u00d3N DE SAN VALENT\u00cdN<\/a><\/p>","protected":false},"excerpt":{"rendered":"<p>Glicerina, Sulfato de Dodecilo, Alcohol Polivin\u00edlico, Cocamidopropil Beta\u00edna, Cocamida DEA, Almid\u00f3n de Zea Mays (Ma\u00edz), Parfum, Aqua, (+\/- CI 19140, CI 42090, CI 18050, CI 47005, CI 16255, CI 14720, CI 45430)<\/p>","protected":false},"featured_media":6382,"comment_status":"open","ping_status":"closed","template":"","meta":{"_kad_blocks_custom_css":"","_kad_blocks_head_custom_js":"","_kad_blocks_body_custom_js":"","_kad_blocks_footer_custom_js":"","_kad_post_transparent":"default","_kad_post_title":"","_kad_post_layout":"default","_kad_post_sidebar_id":"","_kad_post_content_style":"default","_kad_post_vertical_padding":"default","_kad_post_feature":"","_kad_post_feature_position":"","_kad_post_header":false,"_kad_post_footer":false,"_kad_post_classname":"","_daim_seo_power":"","_daim_enable_ail":""},"product_brand":[],"product_cat":[660],"product_tag":[],"class_list":{"0":"post-6381","1":"product","2":"type-product","3":"status-publish","4":"has-post-thumbnail","6":"product_cat-valentine-soap-gifts","8":"first","9":"instock","10":"taxable","11":"shipping-taxable","12":"purchasable","13":"product-type-simple","14":"entry","15":"content-bg","16":"loop-entry"},"taxonomy_info":{"product_cat":[{"value":660,"label":"Valentine Soap Gifts"}]},"featured_image_src_large":["https:\/\/holali.co.uk\/wp-content\/uploads\/2022\/08\/165009-1024x1024.jpeg",1024,1024,true],"author_info":[],"comment_info":0,"_links":{"self":[{"href":"https:\/\/holali.co.uk\/es\/wp-json\/wp\/v2\/product\/6381","targetHints":{"allow":["GET"]}}],"collection":[{"href":"https:\/\/holali.co.uk\/es\/wp-json\/wp\/v2\/product"}],"about":[{"href":"https:\/\/holali.co.uk\/es\/wp-json\/wp\/v2\/types\/product"}],"replies":[{"embeddable":true,"href":"https:\/\/holali.co.uk\/es\/wp-json\/wp\/v2\/comments?post=6381"}],"wp:featuredmedia":[{"embeddable":true,"href":"https:\/\/holali.co.uk\/es\/wp-json\/wp\/v2\/media\/6382"}],"wp:attachment":[{"href":"https:\/\/holali.co.uk\/es\/wp-json\/wp\/v2\/media?parent=6381"}],"wp:term":[{"taxonomy":"product_brand","embeddable":true,"href":"https:\/\/holali.co.uk\/es\/wp-json\/wp\/v2\/product_brand?post=6381"},{"taxonomy":"product_cat","embeddable":true,"href":"https:\/\/holali.co.uk\/es\/wp-json\/wp\/v2\/product_cat?post=6381"},{"taxonomy":"product_tag","embeddable":true,"href":"https:\/\/holali.co.uk\/es\/wp-json\/wp\/v2\/product_tag?post=6381"}],"curies":[{"name":"wp","href":"https:\/\/api.w.org\/{rel}","templated":true}]}}