{"id":6379,"date":"2022-08-30T19:52:53","date_gmt":"2022-08-30T19:52:53","guid":{"rendered":"https:\/\/holali.local\/product\/medium-pink-bouquet-in-wicker-basket\/"},"modified":"2024-10-03T20:57:57","modified_gmt":"2024-10-03T20:57:57","slug":"ramo-rosa-medio-en-caja-de-mimbre","status":"publish","type":"product","link":"https:\/\/holali.co.uk\/es\/product\/pink-soap-flower-box\/","title":{"rendered":"Caja de flores de jab\u00f3n rosa para mujeres y hombres"},"content":{"rendered":"<h2 dir=\"auto\" data-pm-slice=\"1 1 []\">Caja de flores de jab\u00f3n rosa para mujeres y hombres<\/h2>\n<p>Nuestro <strong><a href=\"https:\/\/holali.co.uk\/es\/product\/white-pink-soap-bar\/\">Jab\u00f3n rosa<\/a> Flower Box<\/strong> is a stunning and sophisticated gift that adds a touch of elegance to any occasion. This exquisite basket is designed to captivate the senses and evoke a deep sense of sentimentality with its intricate and delicate craftsmanship.<\/p>\n<p>Each <strong>Pink Soap Flower Box<\/strong> features a single, luxury handcrafted soap that embodies contemporary beauty and style. Ideal for Valentine&#8217;s Day, birthdays, anniversaries, or weddings, this unique gift stands out as a symbol of thoughtfulness and grace.<\/p>\n<p>Experience the innovation and artistry behind our <strong>Pink <a href=\"https:\/\/holali.co.uk\/es\/producto\/cesta-de-mimbre-naranja-mediana\/?wmc-currency=EUR\" title=\"La mejor idea de regalo: Caja de flores de jab\u00f3n de naranja\"  data-wpil-monitor-id=\"441\">Soap Flower Box<\/a><\/strong>. This product allows you to immerse yourself in the passion and creativity that inspired its creation. To use, simply add a few rose petals to a warm bath and let the enchanting scent and soothing properties transform your bath time into a luxurious retreat. The petals can also be used to enhance the ambiance of your sinks, hand soap, or bath, adding a touch of floral elegance to your everyday routine.<\/p>\n<p>VER M\u00c1S <a href=\"https:\/\/holali.co.uk\/es\/productos-de-bano\/jabon-flores-bouquets\/caja-de-regalo-de-jabon\/?wmc-currency=EUR\">REGALO DE JAB\u00d3N DE SAN VALENT\u00cdN<\/a><\/p>","protected":false},"excerpt":{"rendered":"<p>Glicerina, Sulfato de Dodecilo, Alcohol Polivin\u00edlico, Cocamidopropil Beta\u00edna, Cocamida DEA, Almid\u00f3n de Zea Mays (Ma\u00edz), Parfum, Aqua, (+\/- CI 19140, CI 42090, CI 18050, CI 47005, CI 16255, CI 14720, CI 45430)<\/p>","protected":false},"featured_media":6380,"comment_status":"open","ping_status":"closed","template":"","meta":{"_kad_blocks_custom_css":"","_kad_blocks_head_custom_js":"","_kad_blocks_body_custom_js":"","_kad_blocks_footer_custom_js":"","_kad_post_transparent":"default","_kad_post_title":"","_kad_post_layout":"default","_kad_post_sidebar_id":"","_kad_post_content_style":"default","_kad_post_vertical_padding":"default","_kad_post_feature":"","_kad_post_feature_position":"","_kad_post_header":false,"_kad_post_footer":false,"_kad_post_classname":"","_daim_seo_power":"","_daim_enable_ail":""},"product_brand":[],"product_cat":[660],"product_tag":[],"class_list":{"0":"post-6379","1":"product","2":"type-product","3":"status-publish","4":"has-post-thumbnail","6":"product_cat-valentine-soap-gifts","8":"first","9":"instock","10":"taxable","11":"shipping-taxable","12":"purchasable","13":"product-type-simple","14":"entry","15":"content-bg","16":"loop-entry"},"taxonomy_info":{"product_cat":[{"value":660,"label":"Valentine Soap Gifts"}]},"featured_image_src_large":["https:\/\/holali.co.uk\/wp-content\/uploads\/2022\/08\/165020-1024x1024.jpeg",1024,1024,true],"author_info":[],"comment_info":0,"_links":{"self":[{"href":"https:\/\/holali.co.uk\/es\/wp-json\/wp\/v2\/product\/6379","targetHints":{"allow":["GET"]}}],"collection":[{"href":"https:\/\/holali.co.uk\/es\/wp-json\/wp\/v2\/product"}],"about":[{"href":"https:\/\/holali.co.uk\/es\/wp-json\/wp\/v2\/types\/product"}],"replies":[{"embeddable":true,"href":"https:\/\/holali.co.uk\/es\/wp-json\/wp\/v2\/comments?post=6379"}],"wp:featuredmedia":[{"embeddable":true,"href":"https:\/\/holali.co.uk\/es\/wp-json\/wp\/v2\/media\/6380"}],"wp:attachment":[{"href":"https:\/\/holali.co.uk\/es\/wp-json\/wp\/v2\/media?parent=6379"}],"wp:term":[{"taxonomy":"product_brand","embeddable":true,"href":"https:\/\/holali.co.uk\/es\/wp-json\/wp\/v2\/product_brand?post=6379"},{"taxonomy":"product_cat","embeddable":true,"href":"https:\/\/holali.co.uk\/es\/wp-json\/wp\/v2\/product_cat?post=6379"},{"taxonomy":"product_tag","embeddable":true,"href":"https:\/\/holali.co.uk\/es\/wp-json\/wp\/v2\/product_tag?post=6379"}],"curies":[{"name":"wp","href":"https:\/\/api.w.org\/{rel}","templated":true}]}}