{"id":6101,"date":"2022-08-30T19:51:46","date_gmt":"2022-08-30T19:51:46","guid":{"rendered":"https:\/\/holali.local\/product\/funky-bath-bomb-125g-red-rose\/"},"modified":"2026-03-23T08:25:30","modified_gmt":"2026-03-23T08:25:30","slug":"rojo-rosa-lujo-bano-bomba","status":"publish","type":"product","link":"https:\/\/holali.co.uk\/es\/product\/red-rose-luxury-bath-bomb\/","title":{"rendered":"Bomba de Ba\u00f1o de Lujo Rosa Roja"},"content":{"rendered":"<p>Our Red Rose Luxury Bath Bomb is made with love and care and handmade to provide you with an unforgettable bath experience. The recipe is carefully crafted by a team of handcraftsmen, and all of the ingredients are obtained locally!<\/p>\n<p>Indulge in the ultimate relaxation with the Red Rose Luxury Bath Bomb, designed to transform your bath into a spa-like oasis. Each bath bomb is meticulously handcrafted, ensuring that every detail meets the highest standards of luxury.<\/p>\n<p>The alluring scent of <a href=\"https:\/\/holali.co.uk\/es\/producto\/bano-decoracion-13-rojo-jabon-rosas\/?wmc-currency=EUR\" title=\"Decoraci\u00f3n para el ba\u00f1o: 13 Rosas rojas de jab\u00f3n\"  data-wpil-monitor-id=\"230\">red roses will fill your bathroom<\/a>, creating a soothing ambiance that helps melt away the stress of the day. Additionally, the high-quality ingredients, all sourced from local suppliers, ensure that your skin feels soft, nourished, and rejuvenated after each use.<\/p>\n<p>Treat yourself or someone special to the Red <a href=\"https:\/\/holali.co.uk\/es\/producto\/amor-corazon-bomba-de-bano-70g-ylang-rosa\/?wmc-currency=EUR\" title=\"Bombas de ba\u00f1o con forma de coraz\u00f3n de ylang y rosa\"  data-wpil-monitor-id=\"243\">Rose Luxury Bath Bomb<\/a> and elevate your bathing experience to new heights.<\/p>\n<p>CARACTER\u00cdSTICAS: Tama\u00f1o de la bomba: 6cm Peso: 125g \u00bfQuieres probar nuevos productos para el cabello? <a href=\"https:\/\/holali.co.uk\/es\/cuidado-del-cuerpo\/productos-para-el-cuidado-del-cabello\/?wmc-currency=EUR\">S\u00d3LO TIENE QUE HACER CLIC AQU\u00cd<\/a><\/p>","protected":false},"excerpt":{"rendered":"<p>Our Red Rose Luxury Bath Bomb is made with love and care and handmade to provide you with an unforgettable bath experience. The recipe is carefully crafted by a team of handcraftsmen, and all of the ingredients are obtained locally! Indulge in the ultimate relaxation with the Red Rose Luxury Bath Bomb, designed to transform&#8230;<\/p>","protected":false},"featured_media":6102,"comment_status":"open","ping_status":"closed","template":"","meta":{"_kad_blocks_custom_css":"","_kad_blocks_head_custom_js":"","_kad_blocks_body_custom_js":"","_kad_blocks_footer_custom_js":"","_kad_post_transparent":"default","_kad_post_title":"","_kad_post_layout":"default","_kad_post_sidebar_id":"","_kad_post_content_style":"default","_kad_post_vertical_padding":"default","_kad_post_feature":"","_kad_post_feature_position":"","_kad_post_header":false,"_kad_post_footer":false,"_kad_post_classname":"","_daim_seo_power":"","_daim_enable_ail":""},"product_brand":[],"product_cat":[490],"product_tag":[],"class_list":{"0":"post-6101","1":"product","2":"type-product","3":"status-publish","4":"has-post-thumbnail","6":"product_cat-luxury-bathbombs","8":"first","9":"instock","10":"taxable","11":"shipping-taxable","12":"purchasable","13":"product-type-simple","14":"entry","15":"content-bg","16":"loop-entry"},"taxonomy_info":{"product_cat":[{"value":490,"label":"Luxury Bathbombs"}]},"featured_image_src_large":["https:\/\/holali.co.uk\/wp-content\/uploads\/2022\/08\/189479.jpeg",501,501,false],"author_info":[],"comment_info":4,"_links":{"self":[{"href":"https:\/\/holali.co.uk\/es\/wp-json\/wp\/v2\/product\/6101","targetHints":{"allow":["GET"]}}],"collection":[{"href":"https:\/\/holali.co.uk\/es\/wp-json\/wp\/v2\/product"}],"about":[{"href":"https:\/\/holali.co.uk\/es\/wp-json\/wp\/v2\/types\/product"}],"replies":[{"embeddable":true,"href":"https:\/\/holali.co.uk\/es\/wp-json\/wp\/v2\/comments?post=6101"}],"wp:featuredmedia":[{"embeddable":true,"href":"https:\/\/holali.co.uk\/es\/wp-json\/wp\/v2\/media\/6102"}],"wp:attachment":[{"href":"https:\/\/holali.co.uk\/es\/wp-json\/wp\/v2\/media?parent=6101"}],"wp:term":[{"taxonomy":"product_brand","embeddable":true,"href":"https:\/\/holali.co.uk\/es\/wp-json\/wp\/v2\/product_brand?post=6101"},{"taxonomy":"product_cat","embeddable":true,"href":"https:\/\/holali.co.uk\/es\/wp-json\/wp\/v2\/product_cat?post=6101"},{"taxonomy":"product_tag","embeddable":true,"href":"https:\/\/holali.co.uk\/es\/wp-json\/wp\/v2\/product_tag?post=6101"}],"curies":[{"name":"wp","href":"https:\/\/api.w.org\/{rel}","templated":true}]}}