{"id":5819,"date":"2022-08-30T19:50:31","date_gmt":"2022-08-30T19:50:31","guid":{"rendered":"https:\/\/holali.local\/product\/handcrafted-soap-lavender-slice-100g\/"},"modified":"2025-09-15T02:05:53","modified_gmt":"2025-09-15T02:05:53","slug":"jabones-hechos-a-mano-con-lavanda","status":"publish","type":"product","link":"https:\/\/holali.co.uk\/es\/product\/handmade-soaps-with-lavender\/","title":{"rendered":"Jabones hechos a mano con lavanda"},"content":{"rendered":"<h2>Jabones hechos a mano con lavanda<\/h2>\n<p dir=\"auto\" data-pm-slice=\"1 1 []\">Mantenerse activo y sentirse fresco es f\u00e1cil, con nuestros jabones hechos a mano con lavanda.<\/p>\n<p dir=\"auto\" data-pm-slice=\"1 1 []\">Utiliza uno de nuestros nuevos jabones de manos de lavanda para dar un impulso a tu viaje, y disfruta del confort de un calmante jab\u00f3n corporal que te ayudar\u00e1 a sentirte bien.<\/p>\n<p dir=\"auto\" data-pm-slice=\"1 1 []\">La fragancia de nuestro jab\u00f3n artesanal es muy delicada y hace que sus manos, su cuerpo y su alma se sientan limpios, nutridos e hidratados.<\/p>\n<p dir=\"auto\" data-pm-slice=\"1 1 []\">Their <a href=\"https:\/\/holali.co.uk\/es\/producto\/jabones-hechos-a-mano-con-marina-fresca\/?wmc-currency=EUR\" title=\"Jabones hechos a mano con frescor marino\" target=\"_blank\" rel=\"noopener\"  data-wpil-monitor-id=\"1438\">wave twirl design<\/a> and their method of manufacturing make them a super cool eco-friendly product.<\/p>\n<ul>\n<li>Tipos de piel: Todos<\/li>\n<li><a href=\"https:\/\/holali.co.uk\/es\/producto\/jabones-hechos-a-mano-con-fresa\/?wmc-currency=EUR\" title=\"Jabones hechos a mano con fresa\" target=\"_blank\" rel=\"noopener\"  data-wpil-monitor-id=\"1193\">Skin care area<\/a>: Face, Body<\/li>\n<li>Peso: 100g aproximadamente<\/li>\n<\/ul>\n<p>NOTA: El color o el dise\u00f1o pueden variar ligeramente de las im\u00e1genes mostradas. Si desea saber m\u00e1s sobre nuestros productos, no dude en ponerse en contacto con nosotros en cualquier momento.<\/p>\n<p><a href=\"https:\/\/holali.co.uk\/es\/categoria-de-producto\/cuidado-del-cuerpo\/productos-para-el-cuidado-de-la-piel\/paper-soap\/?wmc-currency=EUR\">LO QUE NO PUEDE FALTAR EN TU RUTINA DE CUIDADO DE LA PIEL<\/a><\/p>","protected":false},"excerpt":{"rendered":"<p>Handmade Soaps With Lavender Keeping active and feeling fresh is easy, with our handmade soaps with lavender. Use one of our new lavender hand soaps to add a boost to your journey, and enjoy the comfort of a soothing body wash to help you feel great. Our Handmade soap&#8217;s fragrance is very delicate that makes&#8230;<\/p>","protected":false},"featured_media":5820,"comment_status":"open","ping_status":"closed","template":"","meta":{"_kad_blocks_custom_css":"","_kad_blocks_head_custom_js":"","_kad_blocks_body_custom_js":"","_kad_blocks_footer_custom_js":"","_kad_post_transparent":"default","_kad_post_title":"","_kad_post_layout":"default","_kad_post_sidebar_id":"","_kad_post_content_style":"default","_kad_post_vertical_padding":"default","_kad_post_feature":"","_kad_post_feature_position":"","_kad_post_header":false,"_kad_post_footer":false,"_kad_post_classname":"","_daim_seo_power":"","_daim_enable_ail":""},"product_brand":[],"product_cat":[471],"product_tag":[],"class_list":{"0":"post-5819","1":"product","2":"type-product","3":"status-publish","4":"has-post-thumbnail","6":"product_cat-scented-soaps","8":"first","9":"instock","10":"taxable","11":"shipping-taxable","12":"purchasable","13":"product-type-simple","14":"entry","15":"content-bg","16":"loop-entry"},"taxonomy_info":{"product_cat":[{"value":471,"label":"Scented Soaps"}]},"featured_image_src_large":["https:\/\/holali.co.uk\/wp-content\/uploads\/2022\/08\/188629-scaled-1024x1024.jpeg",1024,1024,true],"author_info":[],"comment_info":0,"_links":{"self":[{"href":"https:\/\/holali.co.uk\/es\/wp-json\/wp\/v2\/product\/5819","targetHints":{"allow":["GET"]}}],"collection":[{"href":"https:\/\/holali.co.uk\/es\/wp-json\/wp\/v2\/product"}],"about":[{"href":"https:\/\/holali.co.uk\/es\/wp-json\/wp\/v2\/types\/product"}],"replies":[{"embeddable":true,"href":"https:\/\/holali.co.uk\/es\/wp-json\/wp\/v2\/comments?post=5819"}],"wp:featuredmedia":[{"embeddable":true,"href":"https:\/\/holali.co.uk\/es\/wp-json\/wp\/v2\/media\/5820"}],"wp:attachment":[{"href":"https:\/\/holali.co.uk\/es\/wp-json\/wp\/v2\/media?parent=5819"}],"wp:term":[{"taxonomy":"product_brand","embeddable":true,"href":"https:\/\/holali.co.uk\/es\/wp-json\/wp\/v2\/product_brand?post=5819"},{"taxonomy":"product_cat","embeddable":true,"href":"https:\/\/holali.co.uk\/es\/wp-json\/wp\/v2\/product_cat?post=5819"},{"taxonomy":"product_tag","embeddable":true,"href":"https:\/\/holali.co.uk\/es\/wp-json\/wp\/v2\/product_tag?post=5819"}],"curies":[{"name":"wp","href":"https:\/\/api.w.org\/{rel}","templated":true}]}}