{"id":5535,"date":"2022-08-30T19:49:18","date_gmt":"2022-08-30T19:49:18","guid":{"rendered":"https:\/\/holali.local\/product\/chamomile-lemon-solid-shampoo-90g\/"},"modified":"2024-10-03T20:58:01","modified_gmt":"2024-10-03T20:58:01","slug":"champu-solido-organico-de-limon-de-manzanilla-90g","status":"publish","type":"product","link":"https:\/\/holali.co.uk\/es\/product\/organic-chamomile-lemon-solid-shampoo-90g\/","title":{"rendered":"Organic Chamomile Lemon Solid Shampoo"},"content":{"rendered":"<h2>Organic Chamomile Lemon Solid Shampoo<\/h2>\n<p>Champ\u00fa s\u00f3lido de manzanilla y lim\u00f3n est\u00e1 especialmente formulado para mejorar el color y el brillo del cabello claro, rubio y resaltado.<\/p>\n<p>Lo hemos mezclado con aceite esencial refrescante para obtener un champ\u00fa con una fragancia vigorizante, que puede ayudar a equilibrar el cabello graso y dar a su cuero cabelludo un tratamiento de limpieza profunda pero suave.<\/p>\n<p>Nuestra nueva y mejorada f\u00f3rmula est\u00e1 hecha con una base de aceite de arg\u00e1n y no contiene SLS.<\/p>\n<p>Hechos a mano con aceites esenciales y hermosos colores vivos, estos jabones son ideales para viajar sin posibilidad de derrames. Los trozos de jab\u00f3n se venden envueltos en papel encerado con una etiqueta de ingredientes y pesan aproximadamente 90 g.<\/p>\n<p>NOTA: Nuestros jabones est\u00e1n hechos a mano y el color puede variar ligeramente de las im\u00e1genes mostradas.<\/p>","protected":false},"excerpt":{"rendered":"<p>Organic Chamomile Lemon Solid Shampoo Chamomile &amp; Lemon Solid Shampoo is specially formulated to enhance the color and shine of fair, blonde, and highlighted hair. We&#8217;ve blended this with refreshing essential oil for a shampoo with an invigorating fragrance, which may help to balance oily hair and to give your scalp a deeply cleansing yet&#8230;<\/p>","protected":false},"featured_media":5536,"comment_status":"open","ping_status":"closed","template":"","meta":{"_kad_blocks_custom_css":"","_kad_blocks_head_custom_js":"","_kad_blocks_body_custom_js":"","_kad_blocks_footer_custom_js":"","_kad_post_transparent":"default","_kad_post_title":"","_kad_post_layout":"default","_kad_post_sidebar_id":"","_kad_post_content_style":"default","_kad_post_vertical_padding":"default","_kad_post_feature":"","_kad_post_feature_position":"","_kad_post_header":false,"_kad_post_footer":false,"_kad_post_classname":"","_daim_seo_power":"","_daim_enable_ail":""},"product_brand":[],"product_cat":[569,699],"product_tag":[],"class_list":{"0":"post-5535","1":"product","2":"type-product","3":"status-publish","4":"has-post-thumbnail","6":"product_cat-shampoo-bar","7":"product_cat-vegan-shampoo-bar","9":"first","10":"instock","11":"taxable","12":"shipping-taxable","13":"purchasable","14":"product-type-simple","15":"entry","16":"content-bg","17":"loop-entry"},"taxonomy_info":{"product_cat":[{"value":569,"label":"Shampoo Bar"},{"value":699,"label":"Vegan Shampoo Bar"}]},"featured_image_src_large":["https:\/\/holali.co.uk\/wp-content\/uploads\/2022\/08\/176847.jpeg",1000,1000,false],"author_info":[],"comment_info":0,"_links":{"self":[{"href":"https:\/\/holali.co.uk\/es\/wp-json\/wp\/v2\/product\/5535","targetHints":{"allow":["GET"]}}],"collection":[{"href":"https:\/\/holali.co.uk\/es\/wp-json\/wp\/v2\/product"}],"about":[{"href":"https:\/\/holali.co.uk\/es\/wp-json\/wp\/v2\/types\/product"}],"replies":[{"embeddable":true,"href":"https:\/\/holali.co.uk\/es\/wp-json\/wp\/v2\/comments?post=5535"}],"wp:featuredmedia":[{"embeddable":true,"href":"https:\/\/holali.co.uk\/es\/wp-json\/wp\/v2\/media\/5536"}],"wp:attachment":[{"href":"https:\/\/holali.co.uk\/es\/wp-json\/wp\/v2\/media?parent=5535"}],"wp:term":[{"taxonomy":"product_brand","embeddable":true,"href":"https:\/\/holali.co.uk\/es\/wp-json\/wp\/v2\/product_brand?post=5535"},{"taxonomy":"product_cat","embeddable":true,"href":"https:\/\/holali.co.uk\/es\/wp-json\/wp\/v2\/product_cat?post=5535"},{"taxonomy":"product_tag","embeddable":true,"href":"https:\/\/holali.co.uk\/es\/wp-json\/wp\/v2\/product_tag?post=5535"}],"curies":[{"name":"wp","href":"https:\/\/api.w.org\/{rel}","templated":true}]}}