{"id":2716,"date":"2022-08-30T19:13:08","date_gmt":"2022-08-30T19:13:08","guid":{"rendered":"https:\/\/holali.local\/product\/bouquet-petite-basket-rich-reds\/"},"modified":"2025-07-19T07:20:00","modified_gmt":"2025-07-19T07:20:00","slug":"bouquet-petita-cesta-rica-roja","status":"publish","type":"product","link":"https:\/\/holali.co.uk\/es\/product\/red-valentine-soap-gift\/","title":{"rendered":"Jab\u00f3n rojo de San Valent\u00edn para regalar"},"content":{"rendered":"<p>This Red Valentine Soap Gift is the perfect way to indulge in luxurious self-care and make every bath an extraordinary experience. Crafted with care, this enchanting gift set will leave your skin feeling soft, silky, and smelling wonderfully fresh. Arriving in a beautifully arranged basket, it\u2019s an exquisite choice for Valentine\u2019s Day, birthdays, weddings, or anniversaries.<\/p>\n<p>El <a href=\"https:\/\/holali.co.uk\/es\/producto\/ramo-de-flores-de-jabon-de-pie-rojo\/?wmc-currency=EUR\" title=\"Rojo Jab\u00f3n Ramo De Flores\"  data-wpil-monitor-id=\"647\">Jab\u00f3n rojo de San Valent\u00edn para regalar<\/a> features delightful soap flowers that can be separated into individual petals. Each petal transforms your bath into a fragrant escape, turning your water into a colorful, aromatic haven. You&#8217;ll love the way these petals dissolve, creating a soothing and visually pleasing experience.<\/p>\n<p><strong>\u00bfC\u00d3MO USARLO?<\/strong><\/p>\n<p>Simply add a few petals of the <a href=\"https:\/\/holali.co.uk\/es\/producto\/polvo-de-vainilla-200g\/?wmc-currency=EUR\" title=\"Polvo de Ba\u00f1o Simplemente Vainilla 200g\"  data-wpil-monitor-id=\"163\">Red Valentine Soap<\/a> to a warm bath and unwind as the flowers melt, infusing your bath with their delightful scent. The petals also serve as charming decor for sinks, hand soap dishes, and baths, adding a touch of elegance to your daily routine. Treat yourself or a loved one to the luxury of the <a href=\"https:\/\/holali.co.uk\/es\/producto\/set-de-3-flores-de-jabon-caja-de-corazon-rojo-rosas\/?wmc-currency=EUR\" title=\"Caja de 3 rosas rojas de jab\u00f3n\" target=\"_blank\" rel=\"noopener\"  data-wpil-monitor-id=\"1002\">Red Valentine Soap<\/a> and enjoy a rejuvenating bath experience like no other.<\/p>\n<p>VER M\u00c1S <a href=\"https:\/\/holali.co.uk\/es\/productos-de-bano\/jabon-flores-bouquets\/caja-de-regalo-de-jabon\/?wmc-currency=EUR\">REGALO DE JAB\u00d3N DE SAN VALENT\u00cdN<\/a><\/p>","protected":false},"excerpt":{"rendered":"<p>Zea Mays (almid\u00f3n de ma\u00edz), alcohol polivin\u00edlico, agua, dodecil sulfato de sodio, cocamida DEA, propilenglicol, parafina l\u00edquida, perfume, metilisotiazolinona, (+\/- CI 16035, CI 19140, CI 42090, CI 18050, CI 16255, CI 45430, CI 15985)<\/p>","protected":false},"featured_media":2717,"comment_status":"open","ping_status":"closed","template":"","meta":{"_kad_blocks_custom_css":"","_kad_blocks_head_custom_js":"","_kad_blocks_body_custom_js":"","_kad_blocks_footer_custom_js":"","_kad_post_transparent":"default","_kad_post_title":"","_kad_post_layout":"default","_kad_post_sidebar_id":"","_kad_post_content_style":"default","_kad_post_vertical_padding":"default","_kad_post_feature":"","_kad_post_feature_position":"","_kad_post_header":false,"_kad_post_footer":false,"_kad_post_classname":"","_daim_seo_power":"","_daim_enable_ail":""},"product_brand":[],"product_cat":[660],"product_tag":[],"class_list":{"0":"post-2716","1":"product","2":"type-product","3":"status-publish","4":"has-post-thumbnail","6":"product_cat-valentine-soap-gifts","8":"first","9":"instock","10":"taxable","11":"shipping-taxable","12":"purchasable","13":"product-type-simple","14":"entry","15":"content-bg","16":"loop-entry"},"taxonomy_info":{"product_cat":[{"value":660,"label":"Valentine Soap Gifts"}]},"featured_image_src_large":["https:\/\/holali.co.uk\/wp-content\/uploads\/2022\/08\/27423-2.jpeg",1000,1000,false],"author_info":[],"comment_info":0,"_links":{"self":[{"href":"https:\/\/holali.co.uk\/es\/wp-json\/wp\/v2\/product\/2716","targetHints":{"allow":["GET"]}}],"collection":[{"href":"https:\/\/holali.co.uk\/es\/wp-json\/wp\/v2\/product"}],"about":[{"href":"https:\/\/holali.co.uk\/es\/wp-json\/wp\/v2\/types\/product"}],"replies":[{"embeddable":true,"href":"https:\/\/holali.co.uk\/es\/wp-json\/wp\/v2\/comments?post=2716"}],"wp:featuredmedia":[{"embeddable":true,"href":"https:\/\/holali.co.uk\/es\/wp-json\/wp\/v2\/media\/2717"}],"wp:attachment":[{"href":"https:\/\/holali.co.uk\/es\/wp-json\/wp\/v2\/media?parent=2716"}],"wp:term":[{"taxonomy":"product_brand","embeddable":true,"href":"https:\/\/holali.co.uk\/es\/wp-json\/wp\/v2\/product_brand?post=2716"},{"taxonomy":"product_cat","embeddable":true,"href":"https:\/\/holali.co.uk\/es\/wp-json\/wp\/v2\/product_cat?post=2716"},{"taxonomy":"product_tag","embeddable":true,"href":"https:\/\/holali.co.uk\/es\/wp-json\/wp\/v2\/product_tag?post=2716"}],"curies":[{"name":"wp","href":"https:\/\/api.w.org\/{rel}","templated":true}]}}