{"id":2712,"date":"2022-08-30T19:13:07","date_gmt":"2022-08-30T19:13:07","guid":{"rendered":"https:\/\/holali.local\/product\/bouquet-petite-basket-peaceful-pink\/"},"modified":"2025-11-08T20:49:08","modified_gmt":"2025-11-08T20:49:08","slug":"ramo-petita-cesta-rosa-paz","status":"publish","type":"product","link":"https:\/\/holali.co.uk\/es\/product\/pink-valentine-soap-gift\/","title":{"rendered":"Jab\u00f3n rosa de San Valent\u00edn para regalar"},"content":{"rendered":"<p>Nuestro <strong>Jab\u00f3n rosa de San Valent\u00edn para regalar<\/strong> is designed to make your skin feel soft, silky, and wonderfully fresh, offering a luxurious and fragrant bathing experience. Arriving in a beautifully crafted basket, this <strong>Jab\u00f3n rosa de San Valent\u00edn para regalar<\/strong> is not just a treat for yourself but an ideal present for your loved ones on Valentine\u2019s Day, birthdays, weddings, or anniversaries.<\/p>\n<p>This charming gift features an assortment of soap flowers that can be easily separated and used as individual scented soap petals. Each petal releases a delightful fragrance, creating a vibrant and <a href=\"https:\/\/holali.co.uk\/es\/producto\/set-de-24-flores-de-jabon-caja-de-corazon-rosas-azules\/?wmc-currency=EUR\" title=\"Ramo de 24 rosas azules de jab\u00f3n\" target=\"_blank\" rel=\"noopener\"  data-wpil-monitor-id=\"1653\">aromatic bath experience<\/a>. The colorful water and enchanting scent will make every bath a relaxing and enjoyable escape.<\/p>\n<p><strong>\u00bfC\u00d3MO USARLO?<\/strong><\/p>\n<p>Simply add a few rose petals to a warm bath and unwind as the flowers dissolve, releasing their soothing fragrance. The petals are also perfect for decorating sinks, hand soap dispensers, and baths, adding a touch of elegance and a lovely aroma to any space. Whether treating yourself or someone special, this <strong>Pink <a href=\"https:\/\/holali.co.uk\/es\/producto\/ramo-petita-cesta-azul-calmante\/?wmc-currency=EUR\" title=\"Jab\u00f3n de San Valent\u00edn azul de regalo\" target=\"_blank\" rel=\"noopener\"  data-wpil-monitor-id=\"1120\">Valentine Soap Gift<\/a><\/strong> is sure to impress with its beauty and indulgent qualities.<\/p>\n<p>VER M\u00c1S <a href=\"https:\/\/holali.co.uk\/es\/productos-de-bano\/jabon-flores-bouquets\/caja-de-regalo-de-jabon\/?wmc-currency=EUR\">REGALO DE JAB\u00d3N DE SAN VALENT\u00cdN<\/a><\/p>","protected":false},"excerpt":{"rendered":"<p>Zea Mays (almid\u00f3n de ma\u00edz), alcohol polivin\u00edlico, agua, dodecil sulfato de sodio, cocamida DEA, propilenglicol, parafina l\u00edquida, perfume, metilisotiazolinona, (+\/- CI 16035, CI 19140, CI 42090, CI 18050, CI 16255, CI 45430, CI 15985)<\/p>","protected":false},"featured_media":2713,"comment_status":"open","ping_status":"closed","template":"","meta":{"_kad_blocks_custom_css":"","_kad_blocks_head_custom_js":"","_kad_blocks_body_custom_js":"","_kad_blocks_footer_custom_js":"","_kad_post_transparent":"default","_kad_post_title":"","_kad_post_layout":"default","_kad_post_sidebar_id":"","_kad_post_content_style":"default","_kad_post_vertical_padding":"default","_kad_post_feature":"","_kad_post_feature_position":"","_kad_post_header":false,"_kad_post_footer":false,"_kad_post_classname":"","_daim_seo_power":"","_daim_enable_ail":""},"product_brand":[],"product_cat":[660],"product_tag":[],"class_list":{"0":"post-2712","1":"product","2":"type-product","3":"status-publish","4":"has-post-thumbnail","6":"product_cat-valentine-soap-gifts","8":"first","9":"instock","10":"taxable","11":"shipping-taxable","12":"purchasable","13":"product-type-simple","14":"entry","15":"content-bg","16":"loop-entry"},"taxonomy_info":{"product_cat":[{"value":660,"label":"Valentine Soap Gifts"}]},"featured_image_src_large":["https:\/\/holali.co.uk\/wp-content\/uploads\/2022\/08\/27419-2.jpeg",1000,1000,false],"author_info":[],"comment_info":0,"_links":{"self":[{"href":"https:\/\/holali.co.uk\/es\/wp-json\/wp\/v2\/product\/2712","targetHints":{"allow":["GET"]}}],"collection":[{"href":"https:\/\/holali.co.uk\/es\/wp-json\/wp\/v2\/product"}],"about":[{"href":"https:\/\/holali.co.uk\/es\/wp-json\/wp\/v2\/types\/product"}],"replies":[{"embeddable":true,"href":"https:\/\/holali.co.uk\/es\/wp-json\/wp\/v2\/comments?post=2712"}],"wp:featuredmedia":[{"embeddable":true,"href":"https:\/\/holali.co.uk\/es\/wp-json\/wp\/v2\/media\/2713"}],"wp:attachment":[{"href":"https:\/\/holali.co.uk\/es\/wp-json\/wp\/v2\/media?parent=2712"}],"wp:term":[{"taxonomy":"product_brand","embeddable":true,"href":"https:\/\/holali.co.uk\/es\/wp-json\/wp\/v2\/product_brand?post=2712"},{"taxonomy":"product_cat","embeddable":true,"href":"https:\/\/holali.co.uk\/es\/wp-json\/wp\/v2\/product_cat?post=2712"},{"taxonomy":"product_tag","embeddable":true,"href":"https:\/\/holali.co.uk\/es\/wp-json\/wp\/v2\/product_tag?post=2712"}],"curies":[{"name":"wp","href":"https:\/\/api.w.org\/{rel}","templated":true}]}}