{"id":2710,"date":"2022-08-30T19:13:07","date_gmt":"2022-08-30T19:13:07","guid":{"rendered":"https:\/\/holali.local\/product\/bouquet-petite-basket-soft-lavender\/"},"modified":"2024-10-22T03:18:02","modified_gmt":"2024-10-22T03:18:02","slug":"ramo-petita-cesta-suave-lavanda","status":"publish","type":"product","link":"https:\/\/holali.co.uk\/es\/product\/lavender-valentine-soap-gift\/","title":{"rendered":"Jab\u00f3n de Lavanda para San Valent\u00edn"},"content":{"rendered":"<p>This Lavender Valentine Soap Gift is a luxurious treat designed to leave your skin feeling soft, silky, and beautifully scented. Presented in an elegantly crafted basket, it makes an ideal choice for a Valentine&#8217;s Day surprise, a thoughtful birthday present, a charming wedding gift, or a memorable anniversary gesture.<\/p>\n<p>Each arrangement within this Lavender Valentine Soap Gift features intricately designed soap flowers that can be disassembled to reveal individually scented petals. As you enjoy the colorful and fragrant water, the petals dissolve gracefully, enhancing your bath experience with their soothing lavender aroma.<\/p>\n<p><strong>How to Use It:<\/strong><\/p>\n<p>For a blissful experience, add a few of the <a href=\"https:\/\/holali.co.uk\/es\/producto\/floral-fizz-layback-languidez\/?wmc-currency=EUR\" title=\"Bomba de ba\u00f1o de flores espumosas de lavanda\"  data-wpil-monitor-id=\"710\">jab\u00f3n de lavanda<\/a> roses to a warm bath and let the flowers melt away, releasing their calming scent. Additionally, the petals can be used for decorative purposes\u2014place them in sinks, alongside hand soap, or in your bath to elevate any space with their delicate fragrance and visual appeal. This <a href=\"https:\/\/holali.co.uk\/es\/producto\/jabon-flor-bouqet-rosa-carnacion\/?wmc-currency=EUR\" title=\"Jab\u00f3n de flores de lavanda para regalar\"  data-wpil-monitor-id=\"723\">Jab\u00f3n de Lavanda para San Valent\u00edn<\/a> transforms any ordinary moment into a serene and fragrant escape.<\/p>\n<p>VER M\u00c1S <a href=\"https:\/\/holali.co.uk\/es\/productos-de-bano\/jabon-flores-bouquets\/caja-de-regalo-de-jabon\/?wmc-currency=EUR\">REGALO DE JAB\u00d3N DE SAN VALENT\u00cdN<\/a><\/p>","protected":false},"excerpt":{"rendered":"<p>Zea Mays (almid\u00f3n de ma\u00edz), alcohol polivin\u00edlico, agua, dodecil sulfato de sodio, cocamida DEA, propilenglicol, parafina l\u00edquida, perfume, metilisotiazolinona, (+\/- CI 16035, CI 19140, CI 42090, CI 18050, CI 16255, CI 45430, CI 15985)<\/p>","protected":false},"featured_media":2711,"comment_status":"open","ping_status":"closed","template":"","meta":{"_kad_blocks_custom_css":"","_kad_blocks_head_custom_js":"","_kad_blocks_body_custom_js":"","_kad_blocks_footer_custom_js":"","_kad_post_transparent":"default","_kad_post_title":"","_kad_post_layout":"default","_kad_post_sidebar_id":"","_kad_post_content_style":"default","_kad_post_vertical_padding":"default","_kad_post_feature":"","_kad_post_feature_position":"","_kad_post_header":false,"_kad_post_footer":false,"_kad_post_classname":"","_daim_seo_power":"","_daim_enable_ail":""},"product_brand":[],"product_cat":[660],"product_tag":[],"class_list":{"0":"post-2710","1":"product","2":"type-product","3":"status-publish","4":"has-post-thumbnail","6":"product_cat-valentine-soap-gifts","8":"first","9":"instock","10":"taxable","11":"shipping-taxable","12":"purchasable","13":"product-type-simple","14":"entry","15":"content-bg","16":"loop-entry"},"taxonomy_info":{"product_cat":[{"value":660,"label":"Valentine Soap Gifts"}]},"featured_image_src_large":["https:\/\/holali.co.uk\/wp-content\/uploads\/2022\/08\/27417-2.jpeg",1000,1000,false],"author_info":[],"comment_info":0,"_links":{"self":[{"href":"https:\/\/holali.co.uk\/es\/wp-json\/wp\/v2\/product\/2710","targetHints":{"allow":["GET"]}}],"collection":[{"href":"https:\/\/holali.co.uk\/es\/wp-json\/wp\/v2\/product"}],"about":[{"href":"https:\/\/holali.co.uk\/es\/wp-json\/wp\/v2\/types\/product"}],"replies":[{"embeddable":true,"href":"https:\/\/holali.co.uk\/es\/wp-json\/wp\/v2\/comments?post=2710"}],"wp:featuredmedia":[{"embeddable":true,"href":"https:\/\/holali.co.uk\/es\/wp-json\/wp\/v2\/media\/2711"}],"wp:attachment":[{"href":"https:\/\/holali.co.uk\/es\/wp-json\/wp\/v2\/media?parent=2710"}],"wp:term":[{"taxonomy":"product_brand","embeddable":true,"href":"https:\/\/holali.co.uk\/es\/wp-json\/wp\/v2\/product_brand?post=2710"},{"taxonomy":"product_cat","embeddable":true,"href":"https:\/\/holali.co.uk\/es\/wp-json\/wp\/v2\/product_cat?post=2710"},{"taxonomy":"product_tag","embeddable":true,"href":"https:\/\/holali.co.uk\/es\/wp-json\/wp\/v2\/product_tag?post=2710"}],"curies":[{"name":"wp","href":"https:\/\/api.w.org\/{rel}","templated":true}]}}