{"id":2708,"date":"2022-08-30T19:13:06","date_gmt":"2022-08-30T19:13:06","guid":{"rendered":"https:\/\/holali.local\/product\/bouquet-petite-basket-soothing-blues\/"},"modified":"2025-09-15T01:31:40","modified_gmt":"2025-09-15T01:31:40","slug":"ramo-petita-cesta-azul-calmante","status":"publish","type":"product","link":"https:\/\/holali.co.uk\/es\/product\/blue-valentine-soap-gift\/","title":{"rendered":"Jab\u00f3n de San Valent\u00edn azul de regalo"},"content":{"rendered":"<p>El <strong>Jab\u00f3n de San Valent\u00edn azul de regalo<\/strong> is the perfect indulgence for anyone who loves to pamper themselves with luxurious self-care products. This exquisite gift set features soap flowers that will leave your skin feeling incredibly soft, silky, and wonderfully fresh. Housed in a beautifully designed basket, it makes an elegant choice for a Valentine\u2019s Day present, a thoughtful birthday gift, a charming wedding favor, or a memorable anniversary surprise.<\/p>\n<p>Each arrangement in this <strong><a href=\"https:\/\/holali.co.uk\/es\/producto\/flor-de-jabon-bouqet-boda-azul\/?wmc-currency=EUR\" title=\"Regalos de jab\u00f3n de flores azules\"  data-wpil-monitor-id=\"722\">Jab\u00f3n de San Valent\u00edn azul de regalo<\/a><\/strong> is crafted to provide a delightful sensory experience. The soap flowers can be easily separated, allowing you to use their petals as fragrant soap. As you enjoy a bath, the petals dissolve gracefully, turning your bath water into a colorful and aromatic oasis.<\/p>\n<p><strong>\u00bfC\u00d3MO USARLO?<\/strong><\/p>\n<p>For a truly relaxing experience, add a few petals to your warm bath and let the soothing aroma envelop you as the flowers dissolve. Additionally, the petals can be used to decorate sinks, hand soap dispensers, or baths, adding a touch of elegance and a lovely scent to any setting. This <strong><a href=\"https:\/\/holali.co.uk\/es\/producto\/set-de-9-flores-de-jabon-rosas-de-boda-azules\/?wmc-currency=EUR\" title=\"Caja de regalo con 9 rosas azules para jab\u00f3n\" target=\"_blank\" rel=\"noopener\"  data-wpil-monitor-id=\"995\">Jab\u00f3n de San Valent\u00edn azul de regalo<\/a><\/strong> is not just a treat for your skin but a beautifully presented way to elevate your daily self-care routine.<\/p>\n<p>VER M\u00c1S <a href=\"https:\/\/holali.co.uk\/es\/productos-de-bano\/jabon-flores-bouquets\/caja-de-regalo-de-jabon\/?wmc-currency=EUR\">REGALO DE JAB\u00d3N DE SAN VALENT\u00cdN<\/a><\/p>","protected":false},"excerpt":{"rendered":"<p>Zea Mays (almid\u00f3n de ma\u00edz), alcohol polivin\u00edlico, agua, dodecil sulfato de sodio, cocamida DEA, propilenglicol, parafina l\u00edquida, perfume, metilisotiazolinona, (+\/- CI 16035, CI 19140, CI 42090, CI 18050, CI 16255, CI 45430, CI 15985)<\/p>","protected":false},"featured_media":2709,"comment_status":"open","ping_status":"closed","template":"","meta":{"_kad_blocks_custom_css":"","_kad_blocks_head_custom_js":"","_kad_blocks_body_custom_js":"","_kad_blocks_footer_custom_js":"","_kad_post_transparent":"default","_kad_post_title":"","_kad_post_layout":"default","_kad_post_sidebar_id":"","_kad_post_content_style":"default","_kad_post_vertical_padding":"default","_kad_post_feature":"","_kad_post_feature_position":"","_kad_post_header":false,"_kad_post_footer":false,"_kad_post_classname":"","_daim_seo_power":"","_daim_enable_ail":""},"product_brand":[],"product_cat":[660],"product_tag":[],"class_list":{"0":"post-2708","1":"product","2":"type-product","3":"status-publish","4":"has-post-thumbnail","6":"product_cat-valentine-soap-gifts","8":"first","9":"instock","10":"taxable","11":"shipping-taxable","12":"purchasable","13":"product-type-simple","14":"entry","15":"content-bg","16":"loop-entry"},"taxonomy_info":{"product_cat":[{"value":660,"label":"Valentine Soap Gifts"}]},"featured_image_src_large":["https:\/\/holali.co.uk\/wp-content\/uploads\/2022\/08\/27414-2.jpeg",1000,1000,false],"author_info":[],"comment_info":0,"_links":{"self":[{"href":"https:\/\/holali.co.uk\/es\/wp-json\/wp\/v2\/product\/2708","targetHints":{"allow":["GET"]}}],"collection":[{"href":"https:\/\/holali.co.uk\/es\/wp-json\/wp\/v2\/product"}],"about":[{"href":"https:\/\/holali.co.uk\/es\/wp-json\/wp\/v2\/types\/product"}],"replies":[{"embeddable":true,"href":"https:\/\/holali.co.uk\/es\/wp-json\/wp\/v2\/comments?post=2708"}],"wp:featuredmedia":[{"embeddable":true,"href":"https:\/\/holali.co.uk\/es\/wp-json\/wp\/v2\/media\/2709"}],"wp:attachment":[{"href":"https:\/\/holali.co.uk\/es\/wp-json\/wp\/v2\/media?parent=2708"}],"wp:term":[{"taxonomy":"product_brand","embeddable":true,"href":"https:\/\/holali.co.uk\/es\/wp-json\/wp\/v2\/product_brand?post=2708"},{"taxonomy":"product_cat","embeddable":true,"href":"https:\/\/holali.co.uk\/es\/wp-json\/wp\/v2\/product_cat?post=2708"},{"taxonomy":"product_tag","embeddable":true,"href":"https:\/\/holali.co.uk\/es\/wp-json\/wp\/v2\/product_tag?post=2708"}],"curies":[{"name":"wp","href":"https:\/\/api.w.org\/{rel}","templated":true}]}}