{"id":2428,"date":"2022-08-30T19:12:07","date_gmt":"2022-08-30T19:12:07","guid":{"rendered":"https:\/\/holali.local\/product\/set-of-3-soap-flower-heart-box-peach-roses\/"},"modified":"2025-09-15T01:31:39","modified_gmt":"2025-09-15T01:31:39","slug":"set-de-3-flores-de-jabon-caja-de-corazon-rosas-de-melocoton","status":"publish","type":"product","link":"https:\/\/holali.co.uk\/es\/product\/3-peach-soap-roses-box\/","title":{"rendered":"Caja de 3 rosas de jab\u00f3n de melocot\u00f3n"},"content":{"rendered":"<p>st like real flowers! Each bouquet is artistically arranged and beautifully presented in a gift package.<\/p>\n<p>This 3 Peach Soap Roses Box will leave your skin soft, silky, and smelling wonderfully fresh.<\/p>\n<p>These <a href=\"https:\/\/holali.co.uk\/es\/producto\/flor-de-jabon-bouqet-flor-morada-jardin\/?wmc-currency=EUR\" title=\"Regalos de jab\u00f3n de flores amarillas y moradas\" target=\"_blank\" rel=\"noopener\"  data-wpil-monitor-id=\"991\">soap flowers make a perfect birthday gift<\/a>, wedding gift, Christmas gift, or just a delightful treat for yourself.<\/p>\n<p><strong>HOW TO USE YOUR 3 PEACH SOAP ROSES BOX:<\/strong> Simply add one or two of the peach soap roses to your warm bath, relax, and watch as the charming flowers dissolve right before your eyes. Enjoy the colorful water and the delightful scent. Additionally, these soap roses can serve as a lovely decoration for your hallway or bathroom.<\/p>\n<p><a href=\"https:\/\/holali.co.uk\/en\/product-category\/bath-products\/soap-flowers-bouquets\/\">VER M\u00c1S RAMOS DE FLORES DE JAB\u00d3N<\/a><\/p>","protected":false},"excerpt":{"rendered":"<p>Zea Mays (almid\u00f3n de ma\u00edz), alcohol polivin\u00edlico, agua, dodecil sulfato de sodio, cocamida DEA, propilenglicol, parafina l\u00edquida, perfume, metilisotiazolinona, (+\/- CI 16035, CI 19140, CI 42090, CI 18050, CI 16255, CI 45430, CI 15985)<\/p>","protected":false},"featured_media":2429,"comment_status":"open","ping_status":"closed","template":"","meta":{"_kad_blocks_custom_css":"","_kad_blocks_head_custom_js":"","_kad_blocks_body_custom_js":"","_kad_blocks_footer_custom_js":"","_kad_post_transparent":"default","_kad_post_title":"","_kad_post_layout":"default","_kad_post_sidebar_id":"","_kad_post_content_style":"default","_kad_post_vertical_padding":"default","_kad_post_feature":"","_kad_post_feature_position":"","_kad_post_header":false,"_kad_post_footer":false,"_kad_post_classname":"","_daim_seo_power":"","_daim_enable_ail":""},"product_brand":[],"product_cat":[651],"product_tag":[],"class_list":{"0":"post-2428","1":"product","2":"type-product","3":"status-publish","4":"has-post-thumbnail","6":"product_cat-soap-gift-box","8":"first","9":"instock","10":"taxable","11":"shipping-taxable","12":"purchasable","13":"product-type-simple","14":"entry","15":"content-bg","16":"loop-entry"},"taxonomy_info":{"product_cat":[{"value":651,"label":"Soap Gift Box"}]},"featured_image_src_large":["https:\/\/holali.co.uk\/wp-content\/uploads\/2022\/08\/3786-2-1024x1024.jpeg",1024,1024,true],"author_info":[],"comment_info":0,"_links":{"self":[{"href":"https:\/\/holali.co.uk\/es\/wp-json\/wp\/v2\/product\/2428","targetHints":{"allow":["GET"]}}],"collection":[{"href":"https:\/\/holali.co.uk\/es\/wp-json\/wp\/v2\/product"}],"about":[{"href":"https:\/\/holali.co.uk\/es\/wp-json\/wp\/v2\/types\/product"}],"replies":[{"embeddable":true,"href":"https:\/\/holali.co.uk\/es\/wp-json\/wp\/v2\/comments?post=2428"}],"wp:featuredmedia":[{"embeddable":true,"href":"https:\/\/holali.co.uk\/es\/wp-json\/wp\/v2\/media\/2429"}],"wp:attachment":[{"href":"https:\/\/holali.co.uk\/es\/wp-json\/wp\/v2\/media?parent=2428"}],"wp:term":[{"taxonomy":"product_brand","embeddable":true,"href":"https:\/\/holali.co.uk\/es\/wp-json\/wp\/v2\/product_brand?post=2428"},{"taxonomy":"product_cat","embeddable":true,"href":"https:\/\/holali.co.uk\/es\/wp-json\/wp\/v2\/product_cat?post=2428"},{"taxonomy":"product_tag","embeddable":true,"href":"https:\/\/holali.co.uk\/es\/wp-json\/wp\/v2\/product_tag?post=2428"}],"curies":[{"name":"wp","href":"https:\/\/api.w.org\/{rel}","templated":true}]}}