{"id":2408,"date":"2022-08-30T19:12:03","date_gmt":"2022-08-30T19:12:03","guid":{"rendered":"https:\/\/holali.local\/product\/set-of-9-soap-flowers-pink-roses\/"},"modified":"2025-09-15T01:31:38","modified_gmt":"2025-09-15T01:31:38","slug":"set-de-9-flores-de-jabon-rosas-rosas","status":"publish","type":"product","link":"https:\/\/holali.co.uk\/es\/product\/9-pink-roses-soap-flower\/","title":{"rendered":"Caja de regalo con 9 rosas rosas para jab\u00f3n"},"content":{"rendered":"<p>Take a look at these wonderful <strong>9 Pink Roses Soap Flower<\/strong> arrangements\u2014they look just like real roses! Each bouquet is artistically arranged and beautifully presented in an elegant gift package.<\/p>\n<p>These <strong>Pink Roses Soap Flowers<\/strong> will leave your skin soft, silky, and smelling wonderfully fresh.<\/p>\n<p>They make a perfect birthday gift, wedding gift, Christmas gift, or a delightful treat for yourself.<\/p>\n<p><strong>HOW TO USE YOUR 9 <a href=\"https:\/\/holali.co.uk\/es\/producto\/soap-flower-bouqet-pink-rose-carnation\/?wmc-currency=EUR\" title=\"Regalos de jab\u00f3n de flores rosas\" target=\"_blank\" rel=\"noopener\"  data-wpil-monitor-id=\"961\">PINK ROSES SOAP FLOWER?<\/a><\/strong> Simply add one or two of the <strong>9 Pink Roses Soap Flowers<\/strong> to your warm bath, relax, and watch the charming flowers dissolve right before your eyes. You&#8217;ll enjoy the <a href=\"https:\/\/holali.co.uk\/es\/producto\/set-de-9-flores-de-jabon-primavera-rosas\/?wmc-currency=EUR\" title=\"Caja de regalo con 9 rosas amarillas para jab\u00f3n\" target=\"_blank\" rel=\"noopener\"  data-wpil-monitor-id=\"974\">colorful water and the delightful scent<\/a>. They also serve as a lovely and fragrant decoration for your hallway or bathroom.<\/p>\n<p><a href=\"https:\/\/holali.co.uk\/en\/product-category\/bath-products\/soap-flowers-bouquets\/\">VER M\u00c1S RAMOS DE FLORES DE JAB\u00d3N<\/a><\/p>","protected":false},"excerpt":{"rendered":"<p>Zea Mays (almid\u00f3n de ma\u00edz), alcohol polivin\u00edlico, agua, dodecil sulfato de sodio, cocamida DEA, propilenglicol, parafina l\u00edquida, perfume, metilisotiazolinona, (+\/- CI 16035, CI 19140, CI 42090, CI 18050, CI 16255, CI 45430, CI 15985)<\/p>","protected":false},"featured_media":2409,"comment_status":"open","ping_status":"closed","template":"","meta":{"_kad_blocks_custom_css":"","_kad_blocks_head_custom_js":"","_kad_blocks_body_custom_js":"","_kad_blocks_footer_custom_js":"","_kad_post_transparent":"default","_kad_post_title":"","_kad_post_layout":"default","_kad_post_sidebar_id":"","_kad_post_content_style":"default","_kad_post_vertical_padding":"default","_kad_post_feature":"","_kad_post_feature_position":"","_kad_post_header":false,"_kad_post_footer":false,"_kad_post_classname":"","_daim_seo_power":"","_daim_enable_ail":""},"product_brand":[],"product_cat":[651],"product_tag":[],"class_list":{"0":"post-2408","1":"product","2":"type-product","3":"status-publish","4":"has-post-thumbnail","6":"product_cat-soap-gift-box","8":"first","9":"instock","10":"taxable","11":"shipping-taxable","12":"purchasable","13":"product-type-simple","14":"entry","15":"content-bg","16":"loop-entry"},"taxonomy_info":{"product_cat":[{"value":651,"label":"Soap Gift Box"}]},"featured_image_src_large":["https:\/\/holali.co.uk\/wp-content\/uploads\/2022\/08\/3744-2-1024x1024.jpeg",1024,1024,true],"author_info":[],"comment_info":0,"_links":{"self":[{"href":"https:\/\/holali.co.uk\/es\/wp-json\/wp\/v2\/product\/2408","targetHints":{"allow":["GET"]}}],"collection":[{"href":"https:\/\/holali.co.uk\/es\/wp-json\/wp\/v2\/product"}],"about":[{"href":"https:\/\/holali.co.uk\/es\/wp-json\/wp\/v2\/types\/product"}],"replies":[{"embeddable":true,"href":"https:\/\/holali.co.uk\/es\/wp-json\/wp\/v2\/comments?post=2408"}],"wp:featuredmedia":[{"embeddable":true,"href":"https:\/\/holali.co.uk\/es\/wp-json\/wp\/v2\/media\/2409"}],"wp:attachment":[{"href":"https:\/\/holali.co.uk\/es\/wp-json\/wp\/v2\/media?parent=2408"}],"wp:term":[{"taxonomy":"product_brand","embeddable":true,"href":"https:\/\/holali.co.uk\/es\/wp-json\/wp\/v2\/product_brand?post=2408"},{"taxonomy":"product_cat","embeddable":true,"href":"https:\/\/holali.co.uk\/es\/wp-json\/wp\/v2\/product_cat?post=2408"},{"taxonomy":"product_tag","embeddable":true,"href":"https:\/\/holali.co.uk\/es\/wp-json\/wp\/v2\/product_tag?post=2408"}],"curies":[{"name":"wp","href":"https:\/\/api.w.org\/{rel}","templated":true}]}}