{"id":2402,"date":"2022-08-30T19:12:01","date_gmt":"2022-08-30T19:12:01","guid":{"rendered":"https:\/\/holali.local\/product\/soap-flower-bouqet-blue-wedding\/"},"modified":"2025-07-19T07:19:59","modified_gmt":"2025-07-19T07:19:59","slug":"flor-de-jabon-bouqet-boda-azul","status":"publish","type":"product","link":"https:\/\/holali.co.uk\/es\/product\/blue-flowers-soap\/","title":{"rendered":"Regalos de jab\u00f3n de flores azules"},"content":{"rendered":"<p>Take a look at these wonderful blue flowers soap gifts, featuring luxurious roses and carnations that resemble actual flowers! The blue flower bouquet is artistically arranged and beautifully presented in a gift package. This soap flower will leave your skin soft, silky, and smelling wonderfully fresh.<\/p>\n<p>These blue <a href=\"https:\/\/holali.co.uk\/es\/producto\/ramo-grande-rosa-en-caja-de-mimbre\/?wmc-currency=EUR\" title=\"Ramo de flores de jab\u00f3n: Perfecto para el d\u00eda de San Valent\u00edn\"  data-wpil-monitor-id=\"437\">flowers soap bouquets are a perfect<\/a> birthday gift, wedding gift, Christmas gift, or just a little treat for yourself.<\/p>\n<p><strong>HOW TO USE YOUR <a href=\"https:\/\/holali.co.uk\/es\/producto\/flor-de-jabon-de-pie-bouquet-azul\/?wmc-currency=EUR\" title=\"Azul Jab\u00f3n Ramo De Flores\"  data-wpil-monitor-id=\"628\">BLUE FLOWERS SOAP?<\/a><\/strong> Just add one or two blue flower soaps to your warm bath, relax, and watch the cute flowers dissolve right before your very eyes. You will surely enjoy the colorful water and the great scent. The soap also makes a beautiful decoration for your hallway or bathroom.<\/p>\n<p><a href=\"https:\/\/holali.co.uk\/en\/product-category\/bath-products\/soap-flowers-bouquets\/\">VER M\u00c1S RAMOS DE FLORES DE JAB\u00d3N<\/a><\/p>","protected":false},"excerpt":{"rendered":"<p>Take a look at these wonderful blue flowers soap gifts, featuring luxurious roses and carnations that resemble actual flowers! The blue flower bouquet is artistically arranged and beautifully presented in a gift package. This soap flower will leave your skin soft, silky, and smelling wonderfully fresh. These blue flowers soap bouquets are a perfect birthday&#8230;<\/p>","protected":false},"featured_media":11524,"comment_status":"open","ping_status":"closed","template":"","meta":{"_kad_blocks_custom_css":"","_kad_blocks_head_custom_js":"","_kad_blocks_body_custom_js":"","_kad_blocks_footer_custom_js":"","_kad_post_transparent":"default","_kad_post_title":"","_kad_post_layout":"default","_kad_post_sidebar_id":"","_kad_post_content_style":"default","_kad_post_vertical_padding":"default","_kad_post_feature":"","_kad_post_feature_position":"","_kad_post_header":false,"_kad_post_footer":false,"_kad_post_classname":"","_daim_seo_power":"","_daim_enable_ail":""},"product_brand":[],"product_cat":[660],"product_tag":[],"class_list":{"0":"post-2402","1":"product","2":"type-product","3":"status-publish","4":"has-post-thumbnail","6":"product_cat-valentine-soap-gifts","8":"first","9":"instock","10":"taxable","11":"shipping-taxable","12":"purchasable","13":"product-type-simple","14":"entry","15":"content-bg","16":"loop-entry"},"taxonomy_info":{"product_cat":[{"value":660,"label":"Valentine Soap Gifts"}]},"featured_image_src_large":["https:\/\/holali.co.uk\/wp-content\/uploads\/2022\/08\/Blue-Flowers-Soap-Gifts-1024x1024.jpeg",1024,1024,true],"author_info":[],"comment_info":0,"_links":{"self":[{"href":"https:\/\/holali.co.uk\/es\/wp-json\/wp\/v2\/product\/2402","targetHints":{"allow":["GET"]}}],"collection":[{"href":"https:\/\/holali.co.uk\/es\/wp-json\/wp\/v2\/product"}],"about":[{"href":"https:\/\/holali.co.uk\/es\/wp-json\/wp\/v2\/types\/product"}],"replies":[{"embeddable":true,"href":"https:\/\/holali.co.uk\/es\/wp-json\/wp\/v2\/comments?post=2402"}],"wp:featuredmedia":[{"embeddable":true,"href":"https:\/\/holali.co.uk\/es\/wp-json\/wp\/v2\/media\/11524"}],"wp:attachment":[{"href":"https:\/\/holali.co.uk\/es\/wp-json\/wp\/v2\/media?parent=2402"}],"wp:term":[{"taxonomy":"product_brand","embeddable":true,"href":"https:\/\/holali.co.uk\/es\/wp-json\/wp\/v2\/product_brand?post=2402"},{"taxonomy":"product_cat","embeddable":true,"href":"https:\/\/holali.co.uk\/es\/wp-json\/wp\/v2\/product_cat?post=2402"},{"taxonomy":"product_tag","embeddable":true,"href":"https:\/\/holali.co.uk\/es\/wp-json\/wp\/v2\/product_tag?post=2402"}],"curies":[{"name":"wp","href":"https:\/\/api.w.org\/{rel}","templated":true}]}}