{"id":10783,"date":"2022-10-29T15:49:25","date_gmt":"2022-10-29T15:49:25","guid":{"rendered":"https:\/\/holali.co.uk\/?post_type=product&#038;p=10783"},"modified":"2025-09-14T23:15:05","modified_gmt":"2025-09-14T23:15:05","slug":"17-pc-increibles-mimos-cajas-para-su-proxima-escapada","status":"publish","type":"product","link":"https:\/\/holali.co.uk\/es\/product\/17-amazing-pcs-pampering-boxes\/","title":{"rendered":"17 PC incre\u00edbles mimos cajas para su pr\u00f3xima escapada"},"content":{"rendered":"<h2>17 PC incre\u00edbles mimos cajas para su pr\u00f3xima escapada<\/h2>\n<p><a href=\"https:\/\/holali.co.uk\/wp-content\/uploads\/2022\/10\/pampering-boxes-5.jpeg\"><img loading=\"lazy\" decoding=\"async\" class=\"alignnone size-medium wp-image-11482\" src=\"https:\/\/holali.co.uk\/wp-content\/uploads\/2022\/10\/pampering-boxes-5-300x300.jpeg\" alt=\"cajas de mimos\" width=\"300\" height=\"300\" title=\"\" srcset=\"https:\/\/holali.co.uk\/wp-content\/uploads\/2022\/10\/pampering-boxes-5-300x300.jpeg 300w, https:\/\/holali.co.uk\/wp-content\/uploads\/2022\/10\/pampering-boxes-5-1024x1024.jpeg 1024w, https:\/\/holali.co.uk\/wp-content\/uploads\/2022\/10\/pampering-boxes-5-150x150.jpeg 150w, https:\/\/holali.co.uk\/wp-content\/uploads\/2022\/10\/pampering-boxes-5-768x768.jpeg 768w, https:\/\/holali.co.uk\/wp-content\/uploads\/2022\/10\/pampering-boxes-5-1536x1536.jpeg 1536w, https:\/\/holali.co.uk\/wp-content\/uploads\/2022\/10\/pampering-boxes-5-12x12.jpeg 12w, https:\/\/holali.co.uk\/wp-content\/uploads\/2022\/10\/pampering-boxes-5-465x465.jpeg 465w, https:\/\/holali.co.uk\/wp-content\/uploads\/2022\/10\/pampering-boxes-5-100x100.jpeg 100w, https:\/\/holali.co.uk\/wp-content\/uploads\/2022\/10\/pampering-boxes-5-930x930.jpeg 930w, https:\/\/holali.co.uk\/wp-content\/uploads\/2022\/10\/pampering-boxes-5-154x154.jpeg 154w, https:\/\/holali.co.uk\/wp-content\/uploads\/2022\/10\/pampering-boxes-5-77x77.jpeg 77w, https:\/\/holali.co.uk\/wp-content\/uploads\/2022\/10\/pampering-boxes-5.jpeg 1600w\" sizes=\"auto, (max-width: 300px) 100vw, 300px\" \/><\/a><\/p>\n<p>Estas cajas de mimos para su ba\u00f1o cambiar\u00e1n el resto de su experiencia de ba\u00f1o simplemente agregando sales de ba\u00f1o y aceites esenciales org\u00e1nicos calmantes.<\/p>\n<p>Una ducha diaria resultar\u00e1 ser un atractivo ritual de limpieza para tu cuerpo y alma que combina minerales naturales y aromas perfectamente mezclados.<\/p>\n<p>Las cajas de mimos son la manera perfecta de darle a alguien un regalo que le encantar\u00e1.<\/p>\n<p>They make a perfect <a title=\"13 Rosas rosas de jab\u00f3n Excelente regalo de San Valent\u00edn\" href=\"https:\/\/holali.co.uk\/es\/producto\/13-rosas-rosas-rosas-excelentes-regalo-de-valentin\/?wmc-currency=EUR\" data-wpil-monitor-id=\"819\">gift for any occasion such as valentine&#8217;s<\/a> day, mother&#8217;s day, birthdays, anniversaries, wedding favors, and more.<\/p>\n<p>Tambi\u00e9n son perfectos para cuando te vas de vacaciones o simplemente necesitas mimarte.<\/p>\n<p>The 17 Pcs Must-Have <a title=\"Caja de regalo con 5 piezas de jab\u00f3n - La soluci\u00f3n para su pr\u00f3xima ocasi\u00f3n\" href=\"https:\/\/holali.co.uk\/es\/producto\/5-pc-jabon-caja-de-regalo\/?wmc-currency=EUR\" data-wpil-monitor-id=\"1\">Pampering Boxes<\/a> are great spa gift boxes to give your loved ones and include items such as:<\/p>\n<p><a title=\"Caja de regalo con 9 rosas rojas de jab\u00f3n\" href=\"https:\/\/holali.co.uk\/es\/producto\/set-de-9-flores-de-jabon-rosas-rojas\/?wmc-currency=EUR\" data-wpil-monitor-id=\"820\">rose blossom soap<\/a>, sunflower soap, and more!<\/p>\n<h4>Jab\u00f3n floral para el mejor ramo de jab\u00f3n hecho a mano<\/h4>\n<h6>Hay muchos beneficios al usar p\u00e9talos de flores de jab\u00f3n como fragancia.<\/h6>\n<p>Hot water could be a <a title=\"Mejores aromas de bombas de ba\u00f1o, bombas de ba\u00f1o para mujeres\" href=\"https:\/\/holali.co.uk\/es\/producto\/pasion-pocion-bano-bola\/?wmc-currency=EUR\" data-wpil-monitor-id=\"822\">popular way to enhance the scent<\/a>, as it will create a relaxing and stimulating result on the skin.<\/p>\n<p>Esto no solo funcionar\u00e1 bien para las personas que les gusta relajarse en climas c\u00e1lidos, sino que tambi\u00e9n ser\u00eda perfecto para aquellos que les gusta tener un aroma edificante a su alrededor.<\/p>\n<h5>\u00bfQu\u00e9 hay en nuestras elegantes cajas de regalo para ella?<\/h5>\n<ul>\n<li>\u00a0Ylang-ylang, lemon, and orange <a title=\"Bombas de ba\u00f1o de sal marina y carb\u00f3n vegetal - 180g\" href=\"https:\/\/holali.co.uk\/es\/producto\/carbon-bombas-de-bano-musgo-de-mar-230g\/?wmc-currency=EUR\" data-wpil-monitor-id=\"157\">sea salt bath<\/a> 350g &#8211; Our rejuvenating sea salt bath is made using a blend of pure essential oils.<\/li>\n<\/ul>\n<p>This <a title=\"Bomba de Ba\u00f1o Relax - La mejor bomba de ba\u00f1o relajante\" href=\"https:\/\/holali.co.uk\/es\/producto\/calentador-pocion-bano-bolas\/?wmc-currency=EUR\" data-wpil-monitor-id=\"821\">Bath Potion will relax<\/a> and energize you, along with clearing your mind.<\/p>\n<ul>\n<li>8 Soap Roses &#8211; Drop the <a title=\"Miniba\u00f1era de cer\u00e1mica - Naranja\" href=\"https:\/\/holali.co.uk\/es\/producto\/minibate-de-ceramica-naranja\/?wmc-currency=EUR\" data-wpil-monitor-id=\"823\">soap roses in the bathtub<\/a>, and they will dissolve into foam. Lightly scented and available in an array of colors.<\/li>\n<\/ul>\n<ul>\n<li>8 <a title=\"Jab\u00f3n de rosa mosqueta \u00fanico y respetuoso con la piel sensible\" href=\"https:\/\/holali.co.uk\/es\/producto\/jabon-de-rosa-mosqueta-con-aceite-de-oliva\/?wmc-currency=EUR\" data-wpil-monitor-id=\"833\">Soap<\/a> Sunflowers &#8211; You can make your unique floral creations with our soap sunflowers and use them in the bathtub to transform them into fragrant soap.<\/li>\n<\/ul>\n<p>Use strong scents along with different <a title=\"Jab\u00f3n ligero multicolor\" href=\"https:\/\/holali.co.uk\/es\/producto\/barra-de-jabon-multicolor-claro\/?wmc-currency=EUR\" data-wpil-monitor-id=\"832\">colors to produce amazing soap<\/a> bouquets.<\/p>\n<p>Ver m\u00e1s <a href=\"https:\/\/holali.co.uk\/es\/ideas-regalo\/bath-gift-sets\/pamper-boxes\/?wmc-currency=EUR\" target=\"_blank\" rel=\"noopener noreferrer\">CAJAS DE REGALO MIMOS<\/a><\/p>","protected":false},"excerpt":{"rendered":"<p>17 Amazing Pcs Pampering Boxes For Your Next Getaway These pampering boxes for your bathroom will change the rest of your bathing experience simply by adding calming organic bath salts and essential oils. An everyday shower will turn out to be an attractive cleansing ritual for your body and soul that combines natural minerals and&#8230;<\/p>","protected":false},"featured_media":11485,"comment_status":"open","ping_status":"closed","template":"","meta":{"_kad_blocks_custom_css":"","_kad_blocks_head_custom_js":"","_kad_blocks_body_custom_js":"","_kad_blocks_footer_custom_js":"","_kad_post_transparent":"default","_kad_post_title":"","_kad_post_layout":"default","_kad_post_sidebar_id":"","_kad_post_content_style":"default","_kad_post_vertical_padding":"default","_kad_post_feature":"","_kad_post_feature_position":"","_kad_post_header":false,"_kad_post_footer":false,"_kad_post_classname":"","_daim_seo_power":"1000","_daim_enable_ail":"1"},"product_brand":[],"product_cat":[716,718],"product_tag":[],"class_list":{"0":"post-10783","1":"product","2":"type-product","3":"status-publish","4":"has-post-thumbnail","6":"product_cat-black-friday","7":"product_cat-pamper-boxes","9":"first","10":"instock","11":"sale","12":"taxable","13":"shipping-taxable","14":"purchasable","15":"product-type-simple","16":"entry","17":"content-bg","18":"loop-entry"},"taxonomy_info":{"product_cat":[{"value":716,"label":"Black Friday"},{"value":718,"label":"Pamper Boxes"}]},"featured_image_src_large":["https:\/\/holali.co.uk\/wp-content\/uploads\/2022\/10\/pampering-boxes-1024x1024.jpeg",1024,1024,true],"author_info":[],"comment_info":0,"_links":{"self":[{"href":"https:\/\/holali.co.uk\/es\/wp-json\/wp\/v2\/product\/10783","targetHints":{"allow":["GET"]}}],"collection":[{"href":"https:\/\/holali.co.uk\/es\/wp-json\/wp\/v2\/product"}],"about":[{"href":"https:\/\/holali.co.uk\/es\/wp-json\/wp\/v2\/types\/product"}],"replies":[{"embeddable":true,"href":"https:\/\/holali.co.uk\/es\/wp-json\/wp\/v2\/comments?post=10783"}],"wp:featuredmedia":[{"embeddable":true,"href":"https:\/\/holali.co.uk\/es\/wp-json\/wp\/v2\/media\/11485"}],"wp:attachment":[{"href":"https:\/\/holali.co.uk\/es\/wp-json\/wp\/v2\/media?parent=10783"}],"wp:term":[{"taxonomy":"product_brand","embeddable":true,"href":"https:\/\/holali.co.uk\/es\/wp-json\/wp\/v2\/product_brand?post=10783"},{"taxonomy":"product_cat","embeddable":true,"href":"https:\/\/holali.co.uk\/es\/wp-json\/wp\/v2\/product_cat?post=10783"},{"taxonomy":"product_tag","embeddable":true,"href":"https:\/\/holali.co.uk\/es\/wp-json\/wp\/v2\/product_tag?post=10783"}],"curies":[{"name":"wp","href":"https:\/\/api.w.org\/{rel}","templated":true}]}}