{"id":10775,"date":"2022-10-28T12:53:20","date_gmt":"2022-10-28T12:53:20","guid":{"rendered":"https:\/\/holali.co.uk\/?post_type=product&#038;p=10775"},"modified":"2025-11-08T20:14:18","modified_gmt":"2025-11-08T20:14:18","slug":"5-pc-jabon-caja-de-regalo","status":"publish","type":"product","link":"https:\/\/holali.co.uk\/es\/product\/soap-gift-box-solution-5pcs\/","title":{"rendered":"5 PC Jab\u00f3n Caja de Regalo - La Soluci\u00f3n Para Su Pr\u00f3xima Ocasi\u00f3n"},"content":{"rendered":"<h2>Caja de regalo con 5 piezas de jab\u00f3n - La soluci\u00f3n para su pr\u00f3xima ocasi\u00f3n<\/h2>\n<p><img loading=\"lazy\" decoding=\"async\" class=\"alignnone size-medium wp-image-11486\" src=\"https:\/\/holali.co.uk\/wp-content\/uploads\/2022\/10\/Soap-Gift-Box-300x300.jpeg\" alt=\"Jab\u00f3n Caja De Regalo\" width=\"300\" height=\"300\" title=\"\" srcset=\"https:\/\/holali.co.uk\/wp-content\/uploads\/2022\/10\/Soap-Gift-Box-300x300.jpeg 300w, https:\/\/holali.co.uk\/wp-content\/uploads\/2022\/10\/Soap-Gift-Box-1024x1024.jpeg 1024w, https:\/\/holali.co.uk\/wp-content\/uploads\/2022\/10\/Soap-Gift-Box-150x150.jpeg 150w, https:\/\/holali.co.uk\/wp-content\/uploads\/2022\/10\/Soap-Gift-Box-768x768.jpeg 768w, https:\/\/holali.co.uk\/wp-content\/uploads\/2022\/10\/Soap-Gift-Box-1536x1536.jpeg 1536w, https:\/\/holali.co.uk\/wp-content\/uploads\/2022\/10\/Soap-Gift-Box-12x12.jpeg 12w, https:\/\/holali.co.uk\/wp-content\/uploads\/2022\/10\/Soap-Gift-Box-465x465.jpeg 465w, https:\/\/holali.co.uk\/wp-content\/uploads\/2022\/10\/Soap-Gift-Box-100x100.jpeg 100w, https:\/\/holali.co.uk\/wp-content\/uploads\/2022\/10\/Soap-Gift-Box-930x930.jpeg 930w, https:\/\/holali.co.uk\/wp-content\/uploads\/2022\/10\/Soap-Gift-Box-154x154.jpeg 154w, https:\/\/holali.co.uk\/wp-content\/uploads\/2022\/10\/Soap-Gift-Box-77x77.jpeg 77w, https:\/\/holali.co.uk\/wp-content\/uploads\/2022\/10\/Soap-Gift-Box.jpeg 1600w\" sizes=\"auto, (max-width: 300px) 100vw, 300px\" \/><\/p>\n<p>Regale a su piel s\u00f3lo lo mejor con nuestra caja de regalo de jab\u00f3n de aceite de oliva.<\/p>\n<p>Estos jabones de aceite de oliva se elaboran artesanalmente mediante un m\u00e9todo de procesamiento en fr\u00edo bien establecido. Elaborados con aceite de oliva de alta calidad y sin SLS ni <a href=\"https:\/\/en.wikipedia.org\/wiki\/Paraben\" target=\"_blank\" rel=\"noopener\">parabenos<\/a>Estos jabones pueden ayudar a proteger la piel y mejorar su suavidad y juventud. Cada jab\u00f3n tiene propiedades especiales relacionadas con los aceites esenciales y otros ingredientes naturales que contienen y son para todo tipo de pieles.<\/p>\n<p>This is the suitable <a title=\"14 Rosas de jab\u00f3n blancas para Adictos a los jabones\" href=\"https:\/\/holali.co.uk\/es\/producto\/14-rosas-de-jabon-blanco-para-adictos-a-los-jabones\/?wmc-currency=EUR\" data-wpil-monitor-id=\"215\">soap gift box<\/a> for the skin that we will provide specifically to you.<\/p>\n<ul>\n<li><a title=\"Jab\u00f3n de Naranja y Canela para Manos, Pies y Cuerpo Saludables\" href=\"https:\/\/holali.co.uk\/es\/producto\/jabon-de-naranja-y-canela-para-unas-manos-y-pies-sanos\/?wmc-currency=EUR\" data-wpil-monitor-id=\"321\">Orange &amp; cinnamon soap for healthy hands<\/a>, feet, and body 100g &#8211; This cold process soap includes ground cinnamon, which helps exfoliate the skin, restore it, and soften it. Orange might help to defend and silken the skin, supplying it with moisture and vital vitamin C.<\/li>\n<li><a title=\"Jab\u00f3n de rosa mosqueta \u00fanico y respetuoso con la piel sensible\" href=\"https:\/\/holali.co.uk\/es\/producto\/jabon-de-rosa-mosqueta-con-aceite-de-oliva\/?wmc-currency=EUR\" data-wpil-monitor-id=\"307\">Unique and sensitive-skin-friendly Rosehip Soap<\/a> 100g &#8211; Our natural soap with Rosehip pulp is a very rich source of vitamins A, C, and E, flavonoids, and other bioactive compounds. It also has quite a few <a href=\"https:\/\/holali.co.uk\/es\/producto\/aromaterapia-mantequilla-de-cuerpo-90g-menta\/?wmc-currency=EUR\" title=\"Aceite esencial de menta y manteca de karit\u00e9 cruda 90g\" target=\"_blank\" rel=\"noopener\" data-wpil-monitor-id=\"1387\">essential fatty acids<\/a>, which is rare for a fruit. Rosehip oil is believed to help tone and refine the skin, even its complexion, and contribute the pleasant scent of roses to the skin.<\/li>\n<li><a title=\"Jab\u00f3n de hierbas con aceite de oliva para una piel suave y limpia\" href=\"https:\/\/holali.co.uk\/es\/producto\/jabon-de-hierbas-con-aceite-de-oliva-y-hierba-de-la-gracia\/?wmc-currency=EUR\" data-wpil-monitor-id=\"282\">Herb soap with olive oil for soft<\/a>, clean skin 100g &#8211; The antimicrobial and anti-inflammatory effects of rue oil may help your skin in countering the substances that wind up causing aging. These properties will preserve your young and healthy skin, and we call it the soap cure.<\/li>\n<li>Lavender body <a title=\"Jab\u00f3n de manteca de karit\u00e9 para una piel suave y delicada\" href=\"https:\/\/holali.co.uk\/es\/producto\/jabon-de-manteca-de-karite-con-aceite-de-oliva\/?wmc-currency=EUR\" data-wpil-monitor-id=\"308\">soap for skin softness<\/a> and smoothness 100 g &#8211; Lavender essential oil is believed to have a healing result due to its tannin content and may so protect against skin infection. Its essential oil gives lavender <a href=\"https:\/\/holali.co.uk\/es\/producto\/caja-jabon-flores-rojo\/?wmc-currency=EUR\" title=\"Caja de regalo de jab\u00f3n rojo con rosas y claveles\" target=\"_blank\" rel=\"noopener\" data-wpil-monitor-id=\"1102\">soap a calming and soothing fragrance<\/a>. Oil for the face like lavender makes our lavender soap the ultimate <a title=\"Jab\u00f3n de jengibre y clavo de olor Producto definitivo para el cuidado de la piel\" href=\"https:\/\/holali.co.uk\/es\/producto\/producto-de-jengibre-jabon-y-clavo-de-olor-para-el-cuidado-de-la-piel\/?wmc-currency=EUR\" data-wpil-monitor-id=\"108\">soap bar for skin care<\/a>.<\/li>\n<li>In our <a title=\"Jab\u00f3n de lavanda para una piel suave y tersa\" href=\"https:\/\/holali.co.uk\/es\/producto\/jabon-de-lavanda-con-aceite-de-oliva\/?wmc-currency=EUR\" data-wpil-monitor-id=\"290\">olive oil soap<\/a> set you&#8217;ll have an oval soap dish for showering in Mahogany &#8211; A top-notch mahogany soap dish model, hand crafted with drainage holes and perforations, is an excellent alternative to more conventional soaps.<\/li>\n<\/ul>\n<h4>\u00bfQu\u00e9 beneficios tendr\u00e1 tu piel con nuestra pastilla de jab\u00f3n prensado en fr\u00edo?<\/h4>\n<p>As you noticed, on our <a title=\"9 Pink Soap Roses The Best Bathing Present\" href=\"https:\/\/holali.co.uk\/es\/producto\/9-jabon-rosa-rosas-el-mejor-regalo-de-bano\/?wmc-currency=EUR\" data-wpil-monitor-id=\"229\">soap gift box<\/a> each soap has a specific purpose, and for any skin condition.<\/p>\n<ol>\n<li>Jab\u00f3n antienvejecimiento con hierbas.<\/li>\n<li>Mejor aroma con aceites de fragancia natural con la naranja y la canela<\/li>\n<li>Resultados curativos con aceite facial en nuestro jab\u00f3n de lavanda<\/li>\n<\/ol>\n<p>Vea m\u00e1s cajas de jab\u00f3n hechas a mano en nuestro <a href=\"https:\/\/holali.co.uk\/es\/ideas-regalo\/?wmc-currency=EUR\" target=\"_blank\" rel=\"noopener noreferrer\">Secci\u00f3n de IDEAS PARA REGALOS<\/a><\/p>","protected":false},"excerpt":{"rendered":"<p>5 Pcs\u00a0Soap Gift Box &#8211; The Solution For Your Next Occasion Only give your skin the best with our olive oil soap gift box! These olive oil soaps are handcrafted using a well-established cold-process method. Made with high-quality olive oil and free of SLS and parabens, these soaps can help give protection to the skin&#8230;<\/p>","protected":false},"featured_media":11486,"comment_status":"open","ping_status":"closed","template":"","meta":{"_kad_blocks_custom_css":"","_kad_blocks_head_custom_js":"","_kad_blocks_body_custom_js":"","_kad_blocks_footer_custom_js":"","_kad_post_transparent":"default","_kad_post_title":"","_kad_post_layout":"default","_kad_post_sidebar_id":"","_kad_post_content_style":"default","_kad_post_vertical_padding":"default","_kad_post_feature":"","_kad_post_feature_position":"","_kad_post_header":false,"_kad_post_footer":false,"_kad_post_classname":"","_daim_seo_power":"","_daim_enable_ail":""},"product_brand":[],"product_cat":[716,651],"product_tag":[],"class_list":{"0":"post-10775","1":"product","2":"type-product","3":"status-publish","4":"has-post-thumbnail","6":"product_cat-black-friday","7":"product_cat-soap-gift-box","9":"first","10":"instock","11":"sale","12":"taxable","13":"shipping-taxable","14":"purchasable","15":"product-type-simple","16":"entry","17":"content-bg","18":"loop-entry"},"taxonomy_info":{"product_cat":[{"value":716,"label":"Black Friday"},{"value":651,"label":"Soap Gift Box"}]},"featured_image_src_large":["https:\/\/holali.co.uk\/wp-content\/uploads\/2022\/10\/Soap-Gift-Box-1024x1024.jpeg",1024,1024,true],"author_info":[],"comment_info":0,"_links":{"self":[{"href":"https:\/\/holali.co.uk\/es\/wp-json\/wp\/v2\/product\/10775","targetHints":{"allow":["GET"]}}],"collection":[{"href":"https:\/\/holali.co.uk\/es\/wp-json\/wp\/v2\/product"}],"about":[{"href":"https:\/\/holali.co.uk\/es\/wp-json\/wp\/v2\/types\/product"}],"replies":[{"embeddable":true,"href":"https:\/\/holali.co.uk\/es\/wp-json\/wp\/v2\/comments?post=10775"}],"wp:featuredmedia":[{"embeddable":true,"href":"https:\/\/holali.co.uk\/es\/wp-json\/wp\/v2\/media\/11486"}],"wp:attachment":[{"href":"https:\/\/holali.co.uk\/es\/wp-json\/wp\/v2\/media?parent=10775"}],"wp:term":[{"taxonomy":"product_brand","embeddable":true,"href":"https:\/\/holali.co.uk\/es\/wp-json\/wp\/v2\/product_brand?post=10775"},{"taxonomy":"product_cat","embeddable":true,"href":"https:\/\/holali.co.uk\/es\/wp-json\/wp\/v2\/product_cat?post=10775"},{"taxonomy":"product_tag","embeddable":true,"href":"https:\/\/holali.co.uk\/es\/wp-json\/wp\/v2\/product_tag?post=10775"}],"curies":[{"name":"wp","href":"https:\/\/api.w.org\/{rel}","templated":true}]}}