{"id":10772,"date":"2022-10-27T19:17:18","date_gmt":"2022-10-27T19:17:18","guid":{"rendered":"https:\/\/holali.co.uk\/?post_type=product&#038;p=10772"},"modified":"2026-03-20T09:28:51","modified_gmt":"2026-03-20T09:28:51","slug":"ultima-caja-de-regalo-pamper-para-spa-de-lujo-en-casa-4-piezas","status":"publish","type":"product","link":"https:\/\/holali.co.uk\/es\/product\/the-ultimate-pamper-gift-box-4-pcs\/","title":{"rendered":"La \u00faltima caja de regalo Pamper para spa de lujo en casa - 4 piezas"},"content":{"rendered":"<h2>La caja de regalo definitiva para un spa de lujo en casa - 4 unidades<\/h2>\n<p><img loading=\"lazy\" decoding=\"async\" class=\"alignnone size-medium wp-image-11616\" src=\"https:\/\/holali.co.uk\/wp-content\/uploads\/2022\/10\/bath-gift-sets-300x300.jpeg\" alt=\"El \u00daltimo Mimar Caja De Regalo Para El Hogar Spa De Lujo\" width=\"300\" height=\"300\" title=\"\" srcset=\"https:\/\/holali.co.uk\/wp-content\/uploads\/2022\/10\/bath-gift-sets-300x300.jpeg 300w, https:\/\/holali.co.uk\/wp-content\/uploads\/2022\/10\/bath-gift-sets-1024x1024.jpeg 1024w, https:\/\/holali.co.uk\/wp-content\/uploads\/2022\/10\/bath-gift-sets-150x150.jpeg 150w, https:\/\/holali.co.uk\/wp-content\/uploads\/2022\/10\/bath-gift-sets-768x768.jpeg 768w, https:\/\/holali.co.uk\/wp-content\/uploads\/2022\/10\/bath-gift-sets-1536x1536.jpeg 1536w, https:\/\/holali.co.uk\/wp-content\/uploads\/2022\/10\/bath-gift-sets-12x12.jpeg 12w, https:\/\/holali.co.uk\/wp-content\/uploads\/2022\/10\/bath-gift-sets-465x465.jpeg 465w, https:\/\/holali.co.uk\/wp-content\/uploads\/2022\/10\/bath-gift-sets-100x100.jpeg 100w, https:\/\/holali.co.uk\/wp-content\/uploads\/2022\/10\/bath-gift-sets-930x930.jpeg 930w, https:\/\/holali.co.uk\/wp-content\/uploads\/2022\/10\/bath-gift-sets-154x154.jpeg 154w, https:\/\/holali.co.uk\/wp-content\/uploads\/2022\/10\/bath-gift-sets-77x77.jpeg 77w, https:\/\/holali.co.uk\/wp-content\/uploads\/2022\/10\/bath-gift-sets.jpeg 1600w\" sizes=\"auto, (max-width: 300px) 100vw, 300px\" \/><\/p>\n<p>This pamper gift box has been carefully selected to provide you with everything you need to give yourself the ultimate pampering session! From <a href=\"https:\/\/holali.co.uk\/es\/product\/charcoal-konjac-sponge\/\">Konjac sponge<\/a> to shampoo and solid soap, you&#8217;ll have everything you need to pamper your skin and give it extra care. These are what you will get in our pamper gift box:<\/p>\n<ul>\n<li>Lavender Soap for Soft, Smooth Skin 100 grams &#8211; SLS and parabens-free <a title=\"Jab\u00f3n de lavanda para una piel suave y tersa\" href=\"https:\/\/holali.co.uk\/es\/producto\/jabon-de-lavanda-con-aceite-de-oliva\/?wmc-currency=EUR\" data-wpil-monitor-id=\"294\">olive oil soap<\/a> which is made with traditional methods and is intended to help redefine the appearance of the skin and soften it. This firm soap for the skin uses lavender extract and olive oil that works to restrengthen the skin and helps to tighten and smooth out its texture.<\/li>\n<\/ul>\n<p>Se supone que el aceite de lavanda ayuda a curar las heridas gracias a sus antioxidantes, que pueden ayudar a proteger la piel. Su aceite esencial tiene un efecto calmante y proporciona un agradable aroma.<\/p>\n<ul>\n<li><a title=\"Barra de champ\u00fa de coco para espesores y rebote\" href=\"https:\/\/holali.co.uk\/es\/producto\/barra-de-champu-vegano-de-coco\/?wmc-currency=EUR\" data-wpil-monitor-id=\"346\">Coconut Lime Shampoo Bars<\/a> 90g &#8211; This natural soap shampoo contains hydrated lime oil and coconut fragrance. This shampoo can refresh dull, dry hair by restoring luster and invigorating follicles.<\/li>\n<\/ul>\n<p>Our formula is made with Moroccan argan oil and is SLS-free. <a title=\"Jab\u00f3n de lujo elaborado con aceites naturales de madera\" href=\"https:\/\/holali.co.uk\/es\/producto\/jabon-de-lujo-de-doble-manteca-y-aceite-de-lana\/?wmc-currency=EUR\" data-wpil-monitor-id=\"409\">Handmade soap<\/a> shampoo with an array of natural ingredients and luxurious colors made this Moroccan soap shampoo bar perfect to take with you.<\/p>\n<ul>\n<li>Rosa <a href=\"https:\/\/en.wikipedia.org\/wiki\/Konjac\" target=\"_blank\" rel=\"noopener\">Konjac<\/a> Esponja - Esta esponja natural 100% tiene una textura suave, tiene una base de celulosa suave y delicada de ra\u00edz de Konjac. Al estar creadas a partir de un ingrediente natural, \u00a1puedes compostarlas cuando se acaben! Le recomendamos que se exfolie cada d\u00eda o tres o cuatro veces a la semana si tiene la piel sensible.<\/li>\n<li><a title=\"Bolsa de jab\u00f3n de sisal\" href=\"https:\/\/holali.co.uk\/es\/producto\/nature-soap-bag-sisal\/?wmc-currency=EUR\" data-wpil-monitor-id=\"600\">Bolsa de jab\u00f3n de sisal<\/a> &#8211; This soap bag is amazing at exfoliating and is biodegradable and environmentally friendly.<\/li>\n<\/ul>\n<p>Pones tu pastilla de jab\u00f3n en el interior -apretada con una manivela- y tienes el accesorio de ba\u00f1o ideal para la exfoliaci\u00f3n y la limpieza facial.<\/p>\n<h4>Efectos del aceite de coco en la piel<\/h4>\n<p>El aceite de coco ha sido un tema muy popular en los \u00faltimos a\u00f1os y se utiliza habitualmente en muchos productos de belleza. Tambi\u00e9n se est\u00e1 utilizando como remedio natural para muchas afecciones de la salud y la piel.<\/p>\n<h5>Los beneficios del aceite de coco.<\/h5>\n<p>El aceite de coco es rico en grasas saturadas y contiene antioxidantes que ayudan a combatir los radicales libres que pueden provocar afecciones cut\u00e1neas como la dermatitis at\u00f3pica o el eczema.<\/p>\n<h3><strong>Esponja Konjac \u00bfUtiliza nuestros sets de regalo para el ba\u00f1o?<\/strong><\/h3>\n<ol>\n<li>Sumergir la esponja en agua hasta que se expanda<\/li>\n<li>(opcional) a\u00f1ade un poco de tu limpiador facial favorito a la esponja<\/li>\n<li>Exfoliar suavemente el rostro con movimientos circulares<\/li>\n<li>Apretar y dejar secar<\/li>\n<\/ol>\n<p>Vea m\u00e1s cajas de regalo para ella en nuestro <a href=\"https:\/\/holali.co.uk\/es\/ideas-regalo\/bath-gift-sets\/pamper-boxes\/?wmc-currency=EUR\">SECCI\u00d3N DE IDEAS PARA REGALAR<\/a><\/p>","protected":false},"excerpt":{"rendered":"<p>The Ultimate Pamper Gift Box For Luxury Spa at Home &#8211; 4 Pcs This pamper gift box has been carefully selected to provide you with everything you need to give yourself the ultimate pampering session! From Konjac sponge to shampoo and solid soap, you&#8217;ll have everything you need to pamper your skin and give it&#8230;<\/p>","protected":false},"featured_media":11616,"comment_status":"open","ping_status":"closed","template":"","meta":{"_kad_blocks_custom_css":"","_kad_blocks_head_custom_js":"","_kad_blocks_body_custom_js":"","_kad_blocks_footer_custom_js":"","_kad_post_transparent":"default","_kad_post_title":"","_kad_post_layout":"default","_kad_post_sidebar_id":"","_kad_post_content_style":"default","_kad_post_vertical_padding":"default","_kad_post_feature":"","_kad_post_feature_position":"","_kad_post_header":false,"_kad_post_footer":false,"_kad_post_classname":"","_daim_seo_power":"","_daim_enable_ail":""},"product_brand":[],"product_cat":[716,718],"product_tag":[],"class_list":{"0":"post-10772","1":"product","2":"type-product","3":"status-publish","4":"has-post-thumbnail","6":"product_cat-black-friday","7":"product_cat-pamper-boxes","9":"first","10":"instock","11":"sale","12":"taxable","13":"shipping-taxable","14":"purchasable","15":"product-type-simple","16":"entry","17":"content-bg","18":"loop-entry"},"taxonomy_info":{"product_cat":[{"value":716,"label":"Black Friday"},{"value":718,"label":"Pamper Boxes"}]},"featured_image_src_large":["https:\/\/holali.co.uk\/wp-content\/uploads\/2022\/10\/bath-gift-sets-1024x1024.jpeg",1024,1024,true],"author_info":[],"comment_info":2,"_links":{"self":[{"href":"https:\/\/holali.co.uk\/es\/wp-json\/wp\/v2\/product\/10772","targetHints":{"allow":["GET"]}}],"collection":[{"href":"https:\/\/holali.co.uk\/es\/wp-json\/wp\/v2\/product"}],"about":[{"href":"https:\/\/holali.co.uk\/es\/wp-json\/wp\/v2\/types\/product"}],"replies":[{"embeddable":true,"href":"https:\/\/holali.co.uk\/es\/wp-json\/wp\/v2\/comments?post=10772"}],"wp:featuredmedia":[{"embeddable":true,"href":"https:\/\/holali.co.uk\/es\/wp-json\/wp\/v2\/media\/11616"}],"wp:attachment":[{"href":"https:\/\/holali.co.uk\/es\/wp-json\/wp\/v2\/media?parent=10772"}],"wp:term":[{"taxonomy":"product_brand","embeddable":true,"href":"https:\/\/holali.co.uk\/es\/wp-json\/wp\/v2\/product_brand?post=10772"},{"taxonomy":"product_cat","embeddable":true,"href":"https:\/\/holali.co.uk\/es\/wp-json\/wp\/v2\/product_cat?post=10772"},{"taxonomy":"product_tag","embeddable":true,"href":"https:\/\/holali.co.uk\/es\/wp-json\/wp\/v2\/product_tag?post=10772"}],"curies":[{"name":"wp","href":"https:\/\/api.w.org\/{rel}","templated":true}]}}