{"id":10766,"date":"2022-10-27T15:38:58","date_gmt":"2022-10-27T15:38:58","guid":{"rendered":"https:\/\/holali.co.uk\/?post_type=product&#038;p=10766"},"modified":"2026-03-23T08:18:24","modified_gmt":"2026-03-23T08:18:24","slug":"6-conjuntos-de-bano-de-lujo-para-mujeres","status":"publish","type":"product","link":"https:\/\/holali.co.uk\/es\/product\/6-luxurious-pcs-bath-sets-for-women\/","title":{"rendered":"6 Conjuntos de ba\u00f1o de lujo para mujeres"},"content":{"rendered":"<h2>6 lujosos juegos de ba\u00f1o para mujeres<\/h2>\n<p><img loading=\"lazy\" decoding=\"async\" class=\"alignnone size-medium wp-image-11488\" src=\"https:\/\/holali.co.uk\/wp-content\/uploads\/2022\/10\/Bath-Gift-Set-300x300.jpeg\" alt=\"Ba\u00f1o Set De Regalo\" width=\"300\" height=\"300\" title=\"\" srcset=\"https:\/\/holali.co.uk\/wp-content\/uploads\/2022\/10\/Bath-Gift-Set-300x300.jpeg 300w, https:\/\/holali.co.uk\/wp-content\/uploads\/2022\/10\/Bath-Gift-Set-1024x1024.jpeg 1024w, https:\/\/holali.co.uk\/wp-content\/uploads\/2022\/10\/Bath-Gift-Set-150x150.jpeg 150w, https:\/\/holali.co.uk\/wp-content\/uploads\/2022\/10\/Bath-Gift-Set-768x768.jpeg 768w, https:\/\/holali.co.uk\/wp-content\/uploads\/2022\/10\/Bath-Gift-Set-1536x1536.jpeg 1536w, https:\/\/holali.co.uk\/wp-content\/uploads\/2022\/10\/Bath-Gift-Set-12x12.jpeg 12w, https:\/\/holali.co.uk\/wp-content\/uploads\/2022\/10\/Bath-Gift-Set-465x465.jpeg 465w, https:\/\/holali.co.uk\/wp-content\/uploads\/2022\/10\/Bath-Gift-Set-100x100.jpeg 100w, https:\/\/holali.co.uk\/wp-content\/uploads\/2022\/10\/Bath-Gift-Set-930x930.jpeg 930w, https:\/\/holali.co.uk\/wp-content\/uploads\/2022\/10\/Bath-Gift-Set-154x154.jpeg 154w, https:\/\/holali.co.uk\/wp-content\/uploads\/2022\/10\/Bath-Gift-Set-77x77.jpeg 77w, https:\/\/holali.co.uk\/wp-content\/uploads\/2022\/10\/Bath-Gift-Set.jpeg 1600w\" sizes=\"auto, (max-width: 300px) 100vw, 300px\" \/><\/p>\n<p>En nuestros sets de ba\u00f1o para mujeres, obtendr\u00e1 1 bomba de ba\u00f1o, 1 set de jab\u00f3n de flores, 1 jab\u00f3n y 1 vela en un tarro, y es un regalo cosm\u00e9tico perfecto.<\/p>\n<ul>\n<li>3 <a href=\"https:\/\/holali.co.uk\/es\/product\/white-pink-soap-bar\/\">Jab\u00f3n rosa<\/a> Roses Box &#8211; You can also try adding one or two flowers to your bath to delight in the pretty pink flowers dissolving. After you take a warm bath, your skin will be left soft. And the scent of the soap will be amazing.<\/li>\n<li>Coconut Pineapple Fruit <a href=\"https:\/\/holali.co.uk\/es\/product\/angel-delight-bath-bomb\/\">Bombas De Ba\u00f1o<\/a> massive 180 grams &#8211; With our tropical fruit <a title=\"Bombas efervescentes Dolly Blue\" href=\"https:\/\/holali.co.uk\/es\/producto\/bath-fizzer-dolly-blue\/?wmc-currency=EUR\" data-wpil-monitor-id=\"152\">bath fizzer<\/a> by now, you may be whisked away to an exotic location behind your eyelids, thanks to the Bubble Bath Bomb&#8217;s tropical vibes.<\/li>\n<\/ul>\n<p>Su generosa porci\u00f3n de manteca de coco hidrata y suaviza la piel para una experiencia de ba\u00f1o intensamente refrescante.<\/p>\n<ul>\n<li><a title=\"Jab\u00f3n de lavanda para manos y pieles secas\" href=\"https:\/\/holali.co.uk\/es\/producto\/jabon-barra-de-lavanda-para-la-piel-seca\/?wmc-currency=EUR\" data-wpil-monitor-id=\"128\">Lavender Bar Soap<\/a> for Dry Hands &amp; Skin 115g &#8211; Made with lavender oil, which was used for its antiseptic and anti-inflammatory properties.<\/li>\n<\/ul>\n<p>El <a href=\"https:\/\/holali.co.uk\/es\/producto\/aromaterapia-mantequilla-de-cuerpo-90g-menta\/?wmc-currency=EUR\" title=\"Aceite esencial de menta y manteca de karit\u00e9 cruda 90g\" target=\"_blank\" rel=\"noopener\"  data-wpil-monitor-id=\"1389\">lavender essential oil<\/a> traditionally promotes a state of mind of relaxation and calmness.<\/p>\n<ul>\n<li>Vela de cera de soja Whiskey &amp; Woodsmoke en tarro de hormig\u00f3n 30hrs- Lo suficientemente \u00fanica como para animar el dise\u00f1o de tu casa, esta vela cosm\u00e9tica en un tarro r\u00fastico de hormig\u00f3n es un regalo inspirado para un amigo o familiar.<\/li>\n<\/ul>\n<h5>Sets de ba\u00f1o de lujo para regalar: Sets de ba\u00f1o de lujo para ella<\/h5>\n<p>Nuestro lujoso set de regalo para spa es simplemente incre\u00edble con esta vela. Vea todas sus caracter\u00edsticas siguientes:<\/p>\n<ul>\n<li>Como ver\u00e1s, el fondo del tarro se ha acolchado con fieltro para evitar ara\u00f1azos.<\/li>\n<li>La mecha de la vela parpadeante est\u00e1 hecha de madera natural, y el sonido natural crea una atm\u00f3sfera relajante.<\/li>\n<li>Esta vela es reutilizable como maceta y puede ser un gran art\u00edculo de decoraci\u00f3n para el hogar.<\/li>\n<li>Tiempo de combusti\u00f3n 30 horas.<\/li>\n<\/ul>\n<p>Ver m\u00e1s <a href=\"https:\/\/holali.co.uk\/es\/ideas-regalo\/?wmc-currency=EUR\" target=\"_blank\" rel=\"noopener noreferrer\">IDEAS DE REGALO<\/a> para hombres y mujeres como Set de Ba\u00f1o, cesta de regalo ramo de flores.<\/p>","protected":false},"excerpt":{"rendered":"<p>6 Luxurious Bath Sets For Women In our bath sets for women, you will get 1 Bath Bomb, 1 Soap set Flower, 1 Soap, and 1 Candle in a jar, and it&#8217;s a perfect cosmetic gift. 3 Pink Soap Roses Box &#8211; You can also try adding one or two flowers to your bath to&#8230;<\/p>","protected":false},"featured_media":11488,"comment_status":"open","ping_status":"closed","template":"","meta":{"_kad_blocks_custom_css":"","_kad_blocks_head_custom_js":"","_kad_blocks_body_custom_js":"","_kad_blocks_footer_custom_js":"","_kad_post_transparent":"default","_kad_post_title":"","_kad_post_layout":"default","_kad_post_sidebar_id":"","_kad_post_content_style":"default","_kad_post_vertical_padding":"default","_kad_post_feature":"","_kad_post_feature_position":"","_kad_post_header":false,"_kad_post_footer":false,"_kad_post_classname":"","_daim_seo_power":"","_daim_enable_ail":""},"product_brand":[],"product_cat":[716,718],"product_tag":[],"class_list":{"0":"post-10766","1":"product","2":"type-product","3":"status-publish","4":"has-post-thumbnail","6":"product_cat-black-friday","7":"product_cat-pamper-boxes","9":"first","10":"instock","11":"sale","12":"taxable","13":"shipping-taxable","14":"purchasable","15":"product-type-simple","16":"entry","17":"content-bg","18":"loop-entry"},"taxonomy_info":{"product_cat":[{"value":716,"label":"Black Friday"},{"value":718,"label":"Pamper Boxes"}]},"featured_image_src_large":["https:\/\/holali.co.uk\/wp-content\/uploads\/2022\/10\/Bath-Gift-Set-1024x1024.jpeg",1024,1024,true],"author_info":[],"comment_info":2,"_links":{"self":[{"href":"https:\/\/holali.co.uk\/es\/wp-json\/wp\/v2\/product\/10766","targetHints":{"allow":["GET"]}}],"collection":[{"href":"https:\/\/holali.co.uk\/es\/wp-json\/wp\/v2\/product"}],"about":[{"href":"https:\/\/holali.co.uk\/es\/wp-json\/wp\/v2\/types\/product"}],"replies":[{"embeddable":true,"href":"https:\/\/holali.co.uk\/es\/wp-json\/wp\/v2\/comments?post=10766"}],"wp:featuredmedia":[{"embeddable":true,"href":"https:\/\/holali.co.uk\/es\/wp-json\/wp\/v2\/media\/11488"}],"wp:attachment":[{"href":"https:\/\/holali.co.uk\/es\/wp-json\/wp\/v2\/media?parent=10766"}],"wp:term":[{"taxonomy":"product_brand","embeddable":true,"href":"https:\/\/holali.co.uk\/es\/wp-json\/wp\/v2\/product_brand?post=10766"},{"taxonomy":"product_cat","embeddable":true,"href":"https:\/\/holali.co.uk\/es\/wp-json\/wp\/v2\/product_cat?post=10766"},{"taxonomy":"product_tag","embeddable":true,"href":"https:\/\/holali.co.uk\/es\/wp-json\/wp\/v2\/product_tag?post=10766"}],"curies":[{"name":"wp","href":"https:\/\/api.w.org\/{rel}","templated":true}]}}