{"id":10754,"date":"2022-10-27T10:44:23","date_gmt":"2022-10-27T10:44:23","guid":{"rendered":"https:\/\/holali.co.uk\/?post_type=product&#038;p=10754"},"modified":"2026-03-23T08:19:55","modified_gmt":"2026-03-23T08:19:55","slug":"conjunto-de-bomba-de-bano-6-xxxl-olores-diferentes-para-elegir","status":"publish","type":"product","link":"https:\/\/holali.co.uk\/es\/product\/bath-bomb-set-6-xxxl-different-smells\/","title":{"rendered":"Conjunto de bomba de ba\u00f1o - 6 XXXL olores diferentes para elegir!"},"content":{"rendered":"<h2>Conjunto de bomba de ba\u00f1o - 6 XXXL olores diferentes para elegir!<\/h2>\n<p><img loading=\"lazy\" decoding=\"async\" class=\"alignnone size-medium wp-image-11504\" src=\"https:\/\/holali.co.uk\/wp-content\/uploads\/2022\/10\/bath-bomb-set-holali-300x300.jpg\" alt=\"bomba de ba\u00f1o conjunto holali\" width=\"300\" height=\"300\" title=\"\" srcset=\"https:\/\/holali.co.uk\/wp-content\/uploads\/2022\/10\/bath-bomb-set-holali-300x300.jpg 300w, https:\/\/holali.co.uk\/wp-content\/uploads\/2022\/10\/bath-bomb-set-holali-1024x1024.jpg 1024w, https:\/\/holali.co.uk\/wp-content\/uploads\/2022\/10\/bath-bomb-set-holali-150x150.jpg 150w, https:\/\/holali.co.uk\/wp-content\/uploads\/2022\/10\/bath-bomb-set-holali-768x768.jpg 768w, https:\/\/holali.co.uk\/wp-content\/uploads\/2022\/10\/bath-bomb-set-holali-1536x1536.jpg 1536w, https:\/\/holali.co.uk\/wp-content\/uploads\/2022\/10\/bath-bomb-set-holali-12x12.jpg 12w, https:\/\/holali.co.uk\/wp-content\/uploads\/2022\/10\/bath-bomb-set-holali-465x465.jpg 465w, https:\/\/holali.co.uk\/wp-content\/uploads\/2022\/10\/bath-bomb-set-holali-100x100.jpg 100w, https:\/\/holali.co.uk\/wp-content\/uploads\/2022\/10\/bath-bomb-set-holali-930x930.jpg 930w, https:\/\/holali.co.uk\/wp-content\/uploads\/2022\/10\/bath-bomb-set-holali-154x154.jpg 154w, https:\/\/holali.co.uk\/wp-content\/uploads\/2022\/10\/bath-bomb-set-holali-77x77.jpg 77w, https:\/\/holali.co.uk\/wp-content\/uploads\/2022\/10\/bath-bomb-set-holali.jpg 1600w\" sizes=\"auto, (max-width: 300px) 100vw, 300px\" \/><\/p>\n<p>Nuestro Set de Bombas de Ba\u00f1o est\u00e1 hecho con ingredientes totalmente naturales y no contiene pl\u00e1stico ni fragancias sint\u00e9ticas, por lo que es seguro usarlo en la ba\u00f1era o en la ducha. Con este set, puedes elegir entre 6 aromas diferentes, incluyendo Strawberry Pavlova, Sweet Orange, Mango, Coconut, Dragon Fruit y Pomelo.<\/p>\n<h5>Set de regalo de bombas de ba\u00f1o My Best<\/h5>\n<p>The colorful and scented Bath Bomb set will give you an amazing bath time experience. It includes the following massive fizzy <a href=\"https:\/\/holali.co.uk\/es\/producto\/bomba-de-bano-de-lujo\/?wmc-currency=EUR\" title=\"Bomba de ba\u00f1o de lujo de goma de mascar\" target=\"_blank\" rel=\"noopener\"  data-wpil-monitor-id=\"1433\">bombs with essential oil<\/a> and dry ingredients such as baking soda and Epsom salts.<\/p>\n<ul>\n<li>Dulce <a title=\"Bomba de ba\u00f1o de Halloween de hinojo y naranja\" href=\"https:\/\/holali.co.uk\/es\/producto\/hinojo-naranja-bano-bomba\/?wmc-currency=EUR\" data-wpil-monitor-id=\"115\">Orange Bath Bomb<\/a> 180 grams &#8211; Refreshing zesty orange fizzy bath bomb, made with the scent of this cocktail, lets you soak in that scent as you bathe.<\/li>\n<li><a title=\"Bombas efervescentes de mango\" href=\"https:\/\/holali.co.uk\/es\/producto\/hawaiian-mango-bath-bomb-180g\/?wmc-currency=EUR\" data-wpil-monitor-id=\"569\">Bombas efervescentes de mango<\/a> 180g &#8211; Mass fizzy bomb infused with mango fragrance makes a tropical ambiance, is so tender, and you will imagine yourself on a sandy beach.<\/li>\n<li><a title=\"Bombas efervescentes de pavlova de fresa\" href=\"https:\/\/holali.co.uk\/es\/producto\/fresa-pavlova-rojo-bomba-de-bano-180g\/?wmc-currency=EUR\" data-wpil-monitor-id=\"395\">Strawberry Pavlova Fizzy Bomb<\/a> 180g &#8211; This dessert bomb cosmetic is top quality, beautiful, and suits your tastes. Our strawberry pavlova <a title=\"Polvo de Ba\u00f1o Sue\u00f1o de Coco 200g\" href=\"https:\/\/holali.co.uk\/es\/producto\/polvo-de-coco-sueno-bano-200g\/?wmc-currency=EUR\" data-wpil-monitor-id=\"160\">bath bomb<\/a> will leave your skin soft and smelling good with coconut and shea butter!<\/li>\n<li>Party Girl <a href=\"https:\/\/holali.co.uk\/es\/product\/bath-fizzer-provence\/\">Fizzy Bombs<\/a> 180g &#8211; Tonight, we are on the razz, so get ready to party with a high-quality <a title=\"Bomba de ba\u00f1o de an\u00eds para Halloween\" href=\"https:\/\/holali.co.uk\/es\/producto\/bomba-de-anis-de-halloween\/?wmc-currency=EUR\" data-wpil-monitor-id=\"116\">bath fizz called Party Girl Fizzy Bombs<\/a>.<\/li>\n<li><a title=\"Bomba de ba\u00f1o de Halloween de coco y lima\" href=\"https:\/\/holali.co.uk\/es\/producto\/coco-lima-bano-bomba-de-halloween\/?wmc-currency=EUR\" data-wpil-monitor-id=\"117\">Coconut<\/a> Dragon Fruit Fruity <a href=\"https:\/\/holali.co.uk\/es\/product\/angel-delight-bath-bomb\/\">Bombas De Ba\u00f1o<\/a> 180g &#8211; This XXXL dessert bath bomb smells great, with a generous portion of Coconut Butter to ensure it is smoother on your skin, with colorful peelings that provide a gentle massage as you soak in the shower. <a href=\"https:\/\/commons.wikimedia.org\/wiki\/Category:Pitaya\" target=\"_blank\" rel=\"noopener\">La fruta del drag\u00f3n<\/a> (tambi\u00e9n conocida como Pitaya) es una fruta de cactus con una dulce y jugosa fragancia, a veces descrita como un cruce entre un kiwi y una pera.<\/li>\n<li>Coconut Pomelo Fruit <a title=\"Bombas de ba\u00f1o de sal marina y carb\u00f3n vegetal - 180g\" href=\"https:\/\/holali.co.uk\/es\/producto\/carbon-bombas-de-bano-musgo-de-mar-230g\/?wmc-currency=EUR\" data-wpil-monitor-id=\"155\">Bath Bombs 180g<\/a> &#8211; Pomelo is the largest of the citrus fruits, with a clean fruity fragrance that&#8217;s sharp and sweet. There&#8217;s a generous amount of Coconut Butter within this <a title=\"Bomba de Ba\u00f1o de Sal del Himalaya 16 piezas Skin Revive\" href=\"https:\/\/holali.co.uk\/es\/producto\/skin-revive-himalayan-salt-bath-bomb\/?wmc-currency=EUR\" data-wpil-monitor-id=\"214\">bath bomb to lather up your skin<\/a> besides the colors of tropical shower decorations to help cleanse you while you are having a bath.<\/li>\n<\/ul>\n<h5><strong>CARACTER\u00cdSTICAS DE NUESTRO SET DE REGALO DE BOMBAS DE BA\u00d1O DE LUJO:<\/strong><\/h5>\n<ul>\n<li><a href=\"https:\/\/holali.co.uk\/es\/product\/white-pink-soap-bar\/\">Vegano<\/a> friendly<\/li>\n<li>Pl\u00e1stico reducido<\/li>\n<\/ul>\n<p>Ver m\u00e1s <a href=\"https:\/\/holali.co.uk\/es\/ideas-regalo\/?wmc-currency=EUR\" target=\"_blank\" rel=\"noopener noreferrer\">SETS DE REGALO DE BOMBAS DE BA\u00d1O<\/a><\/p>","protected":false},"excerpt":{"rendered":"<p>Bath Bomb Set &#8211; 6 XXXL Different Smells to Choose From! Our Bath Bomb Set is made of all-natural ingredients and contains no plastic or synthetic fragrance, so it is safe to use in the tub or shower. With this set, you can choose from 6 different scents, including Strawberry Pavlova, Sweet Orange, Mango, Coconut,&#8230;<\/p>","protected":false},"featured_media":11504,"comment_status":"open","ping_status":"closed","template":"","meta":{"_kad_blocks_custom_css":"","_kad_blocks_head_custom_js":"","_kad_blocks_body_custom_js":"","_kad_blocks_footer_custom_js":"","_kad_post_transparent":"default","_kad_post_title":"","_kad_post_layout":"default","_kad_post_sidebar_id":"","_kad_post_content_style":"default","_kad_post_vertical_padding":"default","_kad_post_feature":"","_kad_post_feature_position":"","_kad_post_header":false,"_kad_post_footer":false,"_kad_post_classname":"","_daim_seo_power":"","_daim_enable_ail":""},"product_brand":[],"product_cat":[716,291],"product_tag":[],"class_list":{"0":"post-10754","1":"product","2":"type-product","3":"status-publish","4":"has-post-thumbnail","6":"product_cat-black-friday","7":"product_cat-bath-bomb-gift-sets","9":"first","10":"instock","11":"sale","12":"taxable","13":"shipping-taxable","14":"purchasable","15":"product-type-simple","16":"entry","17":"content-bg","18":"loop-entry"},"taxonomy_info":{"product_cat":[{"value":716,"label":"Black Friday"},{"value":291,"label":"Bath Bomb Gift Sets"}]},"featured_image_src_large":["https:\/\/holali.co.uk\/wp-content\/uploads\/2022\/10\/bath-bomb-set-holali-1024x1024.jpg",1024,1024,true],"author_info":[],"comment_info":2,"_links":{"self":[{"href":"https:\/\/holali.co.uk\/es\/wp-json\/wp\/v2\/product\/10754","targetHints":{"allow":["GET"]}}],"collection":[{"href":"https:\/\/holali.co.uk\/es\/wp-json\/wp\/v2\/product"}],"about":[{"href":"https:\/\/holali.co.uk\/es\/wp-json\/wp\/v2\/types\/product"}],"replies":[{"embeddable":true,"href":"https:\/\/holali.co.uk\/es\/wp-json\/wp\/v2\/comments?post=10754"}],"wp:featuredmedia":[{"embeddable":true,"href":"https:\/\/holali.co.uk\/es\/wp-json\/wp\/v2\/media\/11504"}],"wp:attachment":[{"href":"https:\/\/holali.co.uk\/es\/wp-json\/wp\/v2\/media?parent=10754"}],"wp:term":[{"taxonomy":"product_brand","embeddable":true,"href":"https:\/\/holali.co.uk\/es\/wp-json\/wp\/v2\/product_brand?post=10754"},{"taxonomy":"product_cat","embeddable":true,"href":"https:\/\/holali.co.uk\/es\/wp-json\/wp\/v2\/product_cat?post=10754"},{"taxonomy":"product_tag","embeddable":true,"href":"https:\/\/holali.co.uk\/es\/wp-json\/wp\/v2\/product_tag?post=10754"}],"curies":[{"name":"wp","href":"https:\/\/api.w.org\/{rel}","templated":true}]}}