{"id":10691,"date":"2022-10-21T08:51:17","date_gmt":"2022-10-21T08:51:17","guid":{"rendered":"https:\/\/holali.co.uk\/?post_type=product&#038;p=10691"},"modified":"2025-07-19T12:54:54","modified_gmt":"2025-07-19T12:54:54","slug":"arbol-de-te-y-sal-de-bano-de-cal-paquete-de-500g","status":"publish","type":"product","link":"https:\/\/holali.co.uk\/es\/product\/tea-tree-lime-bath-salt-pack-of-500g\/","title":{"rendered":"\u00c1rbol de t\u00e9 y sal de ba\u00f1o de cal - paquete de 500g"},"content":{"rendered":"<p><img loading=\"lazy\" decoding=\"async\" class=\"alignnone size-medium wp-image-11615\" src=\"https:\/\/holali.co.uk\/wp-content\/uploads\/2022\/10\/tea-tree-lime-oils-bath-salts-300x300.jpeg\" alt=\"Tea Tree &amp; Lime Bath Salt\" width=\"300\" height=\"300\" title=\"\" srcset=\"https:\/\/holali.co.uk\/wp-content\/uploads\/2022\/10\/tea-tree-lime-oils-bath-salts-300x300.jpeg 300w, https:\/\/holali.co.uk\/wp-content\/uploads\/2022\/10\/tea-tree-lime-oils-bath-salts-150x150.jpeg 150w, https:\/\/holali.co.uk\/wp-content\/uploads\/2022\/10\/tea-tree-lime-oils-bath-salts-12x12.jpeg 12w, https:\/\/holali.co.uk\/wp-content\/uploads\/2022\/10\/tea-tree-lime-oils-bath-salts-100x100.jpeg 100w, https:\/\/holali.co.uk\/wp-content\/uploads\/2022\/10\/tea-tree-lime-oils-bath-salts-154x154.jpeg 154w, https:\/\/holali.co.uk\/wp-content\/uploads\/2022\/10\/tea-tree-lime-oils-bath-salts-77x77.jpeg 77w, https:\/\/holali.co.uk\/wp-content\/uploads\/2022\/10\/tea-tree-lime-oils-bath-salts.jpeg 330w\" sizes=\"auto, (max-width: 300px) 100vw, 300px\" \/><\/p>\n<p>Tea Tree &amp; Lime Bath Salt is an amazing way to treat both your body and soul! Each Bath Salt has great benefits, and with added Pure Essential Oils, it will create the ultimate aromatherapy bath experience, turning your bathroom into a personal spa sanctuary. Whether you&#8217;re looking to de-stress after a hectic day or simply indulge in some self-care, this bath salt is designed to provide you with a moment of pure relaxation.<\/p>\n<p>A bathtub filled with Tea Tree &amp; Lime Bath Salt will help you unwind, leave your worries behind, and calm your muscles after a long day at work. The invigorating combination of <a title=\"Jab\u00f3n de \u00e1rbol de t\u00e9 y menta para pieles con acn\u00e9\" href=\"https:\/\/holali.co.uk\/es\/producto\/jabon-de-arbol-de-te-y-menta-para-la-piel-propensa-al-acne\/?wmc-currency=EUR\" data-wpil-monitor-id=\"565\">tea tree and lime<\/a> essential oils not only refreshes the senses but also revitalizes the skin, leaving you feeling rejuvenated and ready to take on the next day.<\/p>\n<p>Holali&#8217;s Agnes and Cat <a title=\"Sales de ba\u00f1o para remojar los m\u00fasculos mezcladas con aceites esenciales 350g\" href=\"https:\/\/holali.co.uk\/es\/producto\/aromaterapia-pocion-de-bano-en-bolsa-kraft-350g-gripe-frio\/?wmc-currency=EUR\" data-wpil-monitor-id=\"508\">Bath Salts comprise a blend<\/a> of amazing minerals such as zinc, magnesium, iron, and selenium, which may help clear away toxins and impurities from the body. These essential minerals work in harmony to promote healthy, glowing skin while providing the therapeutic benefits of a luxurious bath.<\/p>\n<p>Our Himalayan, Epsom, and Dead Sea salts are unscented, giving you the freedom to customize your bath experience. Perfect for you to experiment by adding a few drops of your favorite essential oil and base oil to the mix, creating a personalized aromatic experience that suits your mood and needs.<\/p>\n<p>CARACTER\u00cdSTICAS:<\/p>\n<ul>\n<li>Only natural and vegan-friendly ingredients are used, ensuring that you can pamper yourself guilt-free.<\/li>\n<li>All <a title=\"Grapefruit &amp; Geranium Bath Salts \u2013 Pack of 500g\" href=\"https:\/\/holali.co.uk\/es\/producto\/pomelo-y-sal-de-bano-de-geranio-paquete-de-500g\/?wmc-currency=EUR\" data-wpil-monitor-id=\"7\">bath salts are beautifully packed<\/a> in a stylish box with an attached wooden scoop that can be used as a measuring tool, making it easy to get the perfect amount every time.<\/li>\n<li>Ideal gift for your loved ones or just a little treat for yourself, Tea Tree &amp; Lime <a title=\"Sales de Ba\u00f1o Relajantes Musculares: Perfectas Antiestr\u00e9s 350g\" href=\"https:\/\/holali.co.uk\/es\/producto\/aromaterapia-pocion-de-bano-en-bolsa-kraft-350g-descanso-estres\/?wmc-currency=EUR\" data-wpil-monitor-id=\"494\">Bath Salt is the perfect<\/a> addition to any self-care routine.<\/li>\n<\/ul>\n<p>Indulge in the natural goodness of <a title=\"Fresco, Natural Lily Bomba De Ba\u00f1o De Lujo\" href=\"https:\/\/holali.co.uk\/es\/producto\/bomba-de-bano-fresca-y-natural-de-lujo\/?wmc-currency=EUR\" data-wpil-monitor-id=\"446\">Tea Tree &amp; Lime Bath Salt<\/a> by Holali and elevate your bath time to a whole new level of luxury and relaxation.<\/p>\n<p>Echa un vistazo a nuestros <strong><a href=\"https:\/\/holali.co.uk\/es\/productos-de-bano\/bombas-de-bano\/bano-polvo\/?wmc-currency=EUR\">COPOS DE BA\u00d1O<\/a><\/strong><\/p>","protected":false},"excerpt":{"rendered":"<p>Tea Tree &amp; Lime Bath Salt is an amazing way to treat both your body and soul! Each Bath Salt has great benefits, and with added Pure Essential Oils, it will create the ultimate aromatherapy bath experience, turning your bathroom into a personal spa sanctuary. Whether you&#8217;re looking to de-stress after a hectic day or&#8230;<\/p>","protected":false},"featured_media":11615,"comment_status":"open","ping_status":"closed","template":"","meta":{"_kad_blocks_custom_css":"","_kad_blocks_head_custom_js":"","_kad_blocks_body_custom_js":"","_kad_blocks_footer_custom_js":"","_kad_post_transparent":"default","_kad_post_title":"","_kad_post_layout":"default","_kad_post_sidebar_id":"","_kad_post_content_style":"default","_kad_post_vertical_padding":"default","_kad_post_feature":"","_kad_post_feature_position":"","_kad_post_header":false,"_kad_post_footer":false,"_kad_post_classname":"","_daim_seo_power":"","_daim_enable_ail":""},"product_brand":[],"product_cat":[294],"product_tag":[],"class_list":{"0":"post-10691","1":"product","2":"type-product","3":"status-publish","4":"has-post-thumbnail","6":"product_cat-bath-salt-from-himalaya","8":"first","9":"instock","10":"taxable","11":"shipping-taxable","12":"purchasable","13":"product-type-simple","14":"entry","15":"content-bg","16":"loop-entry"},"taxonomy_info":{"product_cat":[{"value":294,"label":"Bath Salt From Himalaya"}]},"featured_image_src_large":["https:\/\/holali.co.uk\/wp-content\/uploads\/2022\/10\/tea-tree-lime-oils-bath-salts.jpeg",330,330,false],"author_info":[],"comment_info":0,"_links":{"self":[{"href":"https:\/\/holali.co.uk\/es\/wp-json\/wp\/v2\/product\/10691","targetHints":{"allow":["GET"]}}],"collection":[{"href":"https:\/\/holali.co.uk\/es\/wp-json\/wp\/v2\/product"}],"about":[{"href":"https:\/\/holali.co.uk\/es\/wp-json\/wp\/v2\/types\/product"}],"replies":[{"embeddable":true,"href":"https:\/\/holali.co.uk\/es\/wp-json\/wp\/v2\/comments?post=10691"}],"wp:featuredmedia":[{"embeddable":true,"href":"https:\/\/holali.co.uk\/es\/wp-json\/wp\/v2\/media\/11615"}],"wp:attachment":[{"href":"https:\/\/holali.co.uk\/es\/wp-json\/wp\/v2\/media?parent=10691"}],"wp:term":[{"taxonomy":"product_brand","embeddable":true,"href":"https:\/\/holali.co.uk\/es\/wp-json\/wp\/v2\/product_brand?post=10691"},{"taxonomy":"product_cat","embeddable":true,"href":"https:\/\/holali.co.uk\/es\/wp-json\/wp\/v2\/product_cat?post=10691"},{"taxonomy":"product_tag","embeddable":true,"href":"https:\/\/holali.co.uk\/es\/wp-json\/wp\/v2\/product_tag?post=10691"}],"curies":[{"name":"wp","href":"https:\/\/api.w.org\/{rel}","templated":true}]}}