{"id":10636,"date":"2022-10-18T15:05:18","date_gmt":"2022-10-18T15:05:18","guid":{"rendered":"https:\/\/holali.co.uk\/?post_type=product&#038;p=10636"},"modified":"2025-07-19T13:24:47","modified_gmt":"2025-07-19T13:24:47","slug":"peonias-veganas-jabon-en-una-cuerda","status":"publish","type":"product","link":"https:\/\/holali.co.uk\/es\/product\/peonies-vegan-soap-on-a-rope\/","title":{"rendered":"Jab\u00f3n vegano de peon\u00edas en una cuerda"},"content":{"rendered":"<h2>Jab\u00f3n vegano de peon\u00edas en una cuerda<\/h2>\n<p><a href=\"https:\/\/holali.co.uk\/wp-content\/uploads\/2022\/10\/peonies-vegan-soap-on-a-rope-2.jpeg\"><img loading=\"lazy\" decoding=\"async\" class=\"alignnone size-medium wp-image-11580\" src=\"https:\/\/holali.co.uk\/wp-content\/uploads\/2022\/10\/peonies-vegan-soap-on-a-rope-2-300x300.jpeg\" alt=\"Jab\u00f3n vegano de peon\u00edas en una cuerda\" width=\"300\" height=\"300\" title=\"\" srcset=\"https:\/\/holali.co.uk\/wp-content\/uploads\/2022\/10\/peonies-vegan-soap-on-a-rope-2-300x300.jpeg 300w, https:\/\/holali.co.uk\/wp-content\/uploads\/2022\/10\/peonies-vegan-soap-on-a-rope-2-1024x1024.jpeg 1024w, https:\/\/holali.co.uk\/wp-content\/uploads\/2022\/10\/peonies-vegan-soap-on-a-rope-2-150x150.jpeg 150w, https:\/\/holali.co.uk\/wp-content\/uploads\/2022\/10\/peonies-vegan-soap-on-a-rope-2-768x768.jpeg 768w, https:\/\/holali.co.uk\/wp-content\/uploads\/2022\/10\/peonies-vegan-soap-on-a-rope-2-1536x1536.jpeg 1536w, https:\/\/holali.co.uk\/wp-content\/uploads\/2022\/10\/peonies-vegan-soap-on-a-rope-2-12x12.jpeg 12w, https:\/\/holali.co.uk\/wp-content\/uploads\/2022\/10\/peonies-vegan-soap-on-a-rope-2-465x465.jpeg 465w, https:\/\/holali.co.uk\/wp-content\/uploads\/2022\/10\/peonies-vegan-soap-on-a-rope-2-100x100.jpeg 100w, https:\/\/holali.co.uk\/wp-content\/uploads\/2022\/10\/peonies-vegan-soap-on-a-rope-2-930x930.jpeg 930w, https:\/\/holali.co.uk\/wp-content\/uploads\/2022\/10\/peonies-vegan-soap-on-a-rope-2-154x154.jpeg 154w, https:\/\/holali.co.uk\/wp-content\/uploads\/2022\/10\/peonies-vegan-soap-on-a-rope-2-77x77.jpeg 77w, https:\/\/holali.co.uk\/wp-content\/uploads\/2022\/10\/peonies-vegan-soap-on-a-rope-2.jpeg 1600w\" sizes=\"auto, (max-width: 300px) 100vw, 300px\" \/><\/a><\/p>\n<p>Diga adi\u00f3s a las pastillas de jab\u00f3n que se resbalan en su ba\u00f1era con nuestro bonito Jab\u00f3n en una Cuerda.  Simplemente cu\u00e9lgalo de la ducha o de los grifos y listo.<\/p>\n<p>A\u00f1adimos manteca de coco a nuestros jabones para dar a la piel la hidrataci\u00f3n que necesita. Es ideal como jab\u00f3n facial y corporal que limpia y suaviza la piel de forma suave pero efectiva.<\/p>\n<p>Nuestros jabones se prensan en fr\u00edo en peque\u00f1os lotes y se cortan a mano en nuestras instalaciones de producci\u00f3n de Sheffield.<\/p>\n<p><strong>CARACTER\u00cdSTICAS:\u00a0<\/strong><\/p>\n<ul>\n<li>vegano y definitivamente<\/li>\n<li>no se ha probado en animales<\/li>\n<li>Sin SLS<\/li>\n<li>sin parabenos ni conservantes.<\/li>\n<li>El embalaje es reciclable y 100% biodegradable.<\/li>\n<\/ul>","protected":false},"excerpt":{"rendered":"<p>Peonies Vegan Soap On A Rope Say goodbye to bars of soap slipping in your bathtub with our beautiful Soap on a Rope. \u00a0Just hang off the shower or on the taps and you are good to go. We add coconut butter to our soaps to give your skin the moisture it needs. It is&#8230;<\/p>","protected":false},"featured_media":11580,"comment_status":"open","ping_status":"closed","template":"","meta":{"_kad_blocks_custom_css":"","_kad_blocks_head_custom_js":"","_kad_blocks_body_custom_js":"","_kad_blocks_footer_custom_js":"","_kad_post_transparent":"default","_kad_post_title":"","_kad_post_layout":"default","_kad_post_sidebar_id":"","_kad_post_content_style":"default","_kad_post_vertical_padding":"default","_kad_post_feature":"","_kad_post_feature_position":"","_kad_post_header":false,"_kad_post_footer":false,"_kad_post_classname":"","_daim_seo_power":"","_daim_enable_ail":""},"product_brand":[],"product_cat":[712],"product_tag":[],"class_list":{"0":"post-10636","1":"product","2":"type-product","3":"status-publish","4":"has-post-thumbnail","6":"product_cat-vegan-soap-on-a-rope","8":"first","9":"instock","10":"taxable","11":"shipping-taxable","12":"purchasable","13":"product-type-simple","14":"entry","15":"content-bg","16":"loop-entry"},"taxonomy_info":{"product_cat":[{"value":712,"label":"Vegan Soap On A Rope"}]},"featured_image_src_large":["https:\/\/holali.co.uk\/wp-content\/uploads\/2022\/10\/peonies-vegan-soap-on-a-rope-2-1024x1024.jpeg",1024,1024,true],"author_info":[],"comment_info":0,"_links":{"self":[{"href":"https:\/\/holali.co.uk\/es\/wp-json\/wp\/v2\/product\/10636","targetHints":{"allow":["GET"]}}],"collection":[{"href":"https:\/\/holali.co.uk\/es\/wp-json\/wp\/v2\/product"}],"about":[{"href":"https:\/\/holali.co.uk\/es\/wp-json\/wp\/v2\/types\/product"}],"replies":[{"embeddable":true,"href":"https:\/\/holali.co.uk\/es\/wp-json\/wp\/v2\/comments?post=10636"}],"wp:featuredmedia":[{"embeddable":true,"href":"https:\/\/holali.co.uk\/es\/wp-json\/wp\/v2\/media\/11580"}],"wp:attachment":[{"href":"https:\/\/holali.co.uk\/es\/wp-json\/wp\/v2\/media?parent=10636"}],"wp:term":[{"taxonomy":"product_brand","embeddable":true,"href":"https:\/\/holali.co.uk\/es\/wp-json\/wp\/v2\/product_brand?post=10636"},{"taxonomy":"product_cat","embeddable":true,"href":"https:\/\/holali.co.uk\/es\/wp-json\/wp\/v2\/product_cat?post=10636"},{"taxonomy":"product_tag","embeddable":true,"href":"https:\/\/holali.co.uk\/es\/wp-json\/wp\/v2\/product_tag?post=10636"}],"curies":[{"name":"wp","href":"https:\/\/api.w.org\/{rel}","templated":true}]}}