{"id":10610,"date":"2022-10-18T14:15:10","date_gmt":"2022-10-18T14:15:10","guid":{"rendered":"https:\/\/holali.co.uk\/?post_type=product&#038;p=10610"},"modified":"2024-10-03T20:53:05","modified_gmt":"2024-10-03T20:53:05","slug":"jabon-vegano-hecho-a-mano-en-marruecos-140g","status":"publish","type":"product","link":"https:\/\/holali.co.uk\/es\/product\/moroccan-handmade-vegan-soap-140g\/","title":{"rendered":"Jab\u00f3n vegano hecho a mano en Marruecos - 140g"},"content":{"rendered":"<h2>Jab\u00f3n vegano hecho a mano en Marruecos - 140g<\/h2>\n<p>A\u00f1adimos manteca de coco a nuestros jabones para dar a la piel la hidrataci\u00f3n que necesita. Es ideal como jab\u00f3n facial y corporal que limpia y suaviza la piel de forma suave pero efectiva. Nuestros jabones se prensan en fr\u00edo en peque\u00f1os lotes y se cortan a mano en nuestras instalaciones de producci\u00f3n de Sheffield.<\/p>\n<p><strong>CARACTER\u00cdSTICAS:\u00a0<\/strong><\/p>\n<ul>\n<li>vegano y definitivamente<\/li>\n<li>no se ha probado en animales<\/li>\n<li>Sin SLS<\/li>\n<li>sin parabenos ni conservantes.<\/li>\n<li>El embalaje es reciclable y 100% biodegradable.<\/li>\n<\/ul>","protected":false},"excerpt":{"rendered":"<p>Moroccan Handmade Vegan Soap &#8211; 140g We add coconut butter to our soaps to give your skin the moisture it needs. It is ideal as a face and body soap that gently but effectively cleanses and softens the skin. Our soaps are cold pressed in small batches and hand cut in our production facility in&#8230;<\/p>","protected":false},"featured_media":11452,"comment_status":"open","ping_status":"closed","template":"","meta":{"_kad_blocks_custom_css":"","_kad_blocks_head_custom_js":"","_kad_blocks_body_custom_js":"","_kad_blocks_footer_custom_js":"","_kad_post_transparent":"default","_kad_post_title":"","_kad_post_layout":"default","_kad_post_sidebar_id":"","_kad_post_content_style":"default","_kad_post_vertical_padding":"default","_kad_post_feature":"","_kad_post_feature_position":"","_kad_post_header":false,"_kad_post_footer":false,"_kad_post_classname":"","_daim_seo_power":"","_daim_enable_ail":""},"product_brand":[],"product_cat":[706],"product_tag":[],"class_list":{"0":"post-10610","1":"product","2":"type-product","3":"status-publish","4":"has-post-thumbnail","6":"product_cat-vegan-handmade-soaps","8":"first","9":"instock","10":"taxable","11":"shipping-taxable","12":"purchasable","13":"product-type-simple","14":"entry","15":"content-bg","16":"loop-entry"},"taxonomy_info":{"product_cat":[{"value":706,"label":"Vegan Handmade Soaps"}]},"featured_image_src_large":["https:\/\/holali.co.uk\/wp-content\/uploads\/2022\/10\/vegan-soap-465x465-1.png",465,465,false],"author_info":[],"comment_info":0,"_links":{"self":[{"href":"https:\/\/holali.co.uk\/es\/wp-json\/wp\/v2\/product\/10610","targetHints":{"allow":["GET"]}}],"collection":[{"href":"https:\/\/holali.co.uk\/es\/wp-json\/wp\/v2\/product"}],"about":[{"href":"https:\/\/holali.co.uk\/es\/wp-json\/wp\/v2\/types\/product"}],"replies":[{"embeddable":true,"href":"https:\/\/holali.co.uk\/es\/wp-json\/wp\/v2\/comments?post=10610"}],"wp:featuredmedia":[{"embeddable":true,"href":"https:\/\/holali.co.uk\/es\/wp-json\/wp\/v2\/media\/11452"}],"wp:attachment":[{"href":"https:\/\/holali.co.uk\/es\/wp-json\/wp\/v2\/media?parent=10610"}],"wp:term":[{"taxonomy":"product_brand","embeddable":true,"href":"https:\/\/holali.co.uk\/es\/wp-json\/wp\/v2\/product_brand?post=10610"},{"taxonomy":"product_cat","embeddable":true,"href":"https:\/\/holali.co.uk\/es\/wp-json\/wp\/v2\/product_cat?post=10610"},{"taxonomy":"product_tag","embeddable":true,"href":"https:\/\/holali.co.uk\/es\/wp-json\/wp\/v2\/product_tag?post=10610"}],"curies":[{"name":"wp","href":"https:\/\/api.w.org\/{rel}","templated":true}]}}