{"id":3,"date":"2022-07-16T08:10:37","date_gmt":"2022-07-16T08:10:37","guid":{"rendered":"https:\/\/foodbybox.com\/?page_id=3"},"modified":"2024-08-11T17:22:42","modified_gmt":"2024-08-11T17:22:42","slug":"politica-de-privacidad","status":"publish","type":"page","link":"https:\/\/holali.co.uk\/es\/privacy-policy\/","title":{"rendered":"Pol\u00edtica De Privacidad"},"content":{"rendered":"<style>#kt-layout-id_8047a6-05 > .kt-row-column-wrap{align-content:start;}:where(#kt-layout-id_8047a6-05 > .kt-row-column-wrap) > .wp-block-kadence-column{justify-content:start;}#kt-layout-id_8047a6-05 > .kt-row-column-wrap{column-gap:var(--global-kb-gap-md, 2rem);row-gap:var(--global-kb-gap-md, 2rem);padding-top:var( --global-kb-row-default-top, 25px );padding-bottom:var( --global-kb-row-default-bottom, 25px );padding-top:var(--global-kb-spacing-sm, 1.5rem);padding-bottom:var(--global-kb-spacing-sm, 1.5rem);grid-template-columns:minmax(0, 1fr);}#kt-layout-id_8047a6-05 > .kt-row-layout-overlay{opacity:0.30;}@media all and (max-width: 1024px){#kt-layout-id_8047a6-05 > .kt-row-column-wrap{grid-template-columns:minmax(0, 1fr);}}@media all and (max-width: 767px){#kt-layout-id_8047a6-05 > .kt-row-column-wrap{grid-template-columns:minmax(0, 1fr);}}<\/style>\n<div class=\"wp-block-kadence-rowlayout alignnone\"><div id=\"kt-layout-id_8047a6-05\" class=\"kt-row-layout-inner kt-layout-id_8047a6-05\"><div class=\"kt-row-column-wrap kt-has-1-columns kt-gutter-default kt-v-gutter-default kt-row-valign-top kt-row-layout-equal kt-tab-layout-inherit kt-m-colapse-left-to-right kt-mobile-layout-row\"><style>.kadence-column_e3608b-4c > .kt-inside-inner-col{border-top-width:0px;border-right-width:0px;border-bottom-width:0px;border-left-width:0px;}.kadence-column_e3608b-4c > .kt-inside-inner-col,.kadence-column_e3608b-4c > .kt-inside-inner-col:before{border-top-left-radius:0px;border-top-right-radius:0px;border-bottom-right-radius:0px;border-bottom-left-radius:0px;}.kadence-column_e3608b-4c > .kt-inside-inner-col{column-gap:var(--global-kb-gap-sm, 1rem);}.kadence-column_e3608b-4c > .kt-inside-inner-col{flex-direction:column;}.kadence-column_e3608b-4c > .kt-inside-inner-col > .aligncenter{width:100%;}.kadence-column_e3608b-4c > .kt-inside-inner-col:before{opacity:0.3;}.kadence-column_e3608b-4c{position:relative;}@media all and (max-width: 1024px){.kadence-column_e3608b-4c > .kt-inside-inner-col{flex-direction:column;justify-content:center;}}@media all and (max-width: 767px){.kadence-column_e3608b-4c > .kt-inside-inner-col{flex-direction:column;justify-content:center;}}<\/style>\n<div class=\"wp-block-kadence-column inner-column-1 kadence-column_e3608b-4c\"><div class=\"kt-inside-inner-col\">\n<h1>Pol\u00edtica De Privacidad<\/h1>\n<p>Este sitio web es operado por Holali. Nos tomamos muy en serio su privacidad, por lo que le rogamos que lea atentamente esta pol\u00edtica, ya que contiene informaci\u00f3n importante sobre el:<\/p>\n<p>qui\u00e9nes somos,<\/p>\n<p>c\u00f3mo y por qu\u00e9 recogemos, almacenamos, utilizamos y compartimos la informaci\u00f3n personal,<\/p>\n<p>sus derechos en relaci\u00f3n con su informaci\u00f3n personal, y<\/p>\n<p>c\u00f3mo ponerse en contacto con nosotros y con las autoridades de supervisi\u00f3n en caso de que tenga una queja.<\/p>\n<h2>Qui\u00e9nes somos<\/h2>\n<p>Holali (\"nosotros\" o \"nuestro\") (que opera como Innotech IT) recoge, utiliza y es responsable de cierta informaci\u00f3n personal sobre usted. Cuando lo hacemos, estamos regulados por el Reglamento General de Protecci\u00f3n de Datos que se aplica en toda la Uni\u00f3n Europea (incluido el Reino Unido) y somos responsables como \"controlador\" de esa informaci\u00f3n personal a los efectos de esas leyes.<\/p>\n<h3>La informaci\u00f3n personal que recogemos y utilizamos<\/h3>\n<p>a) Informaci\u00f3n personal que nos proporciona<\/p>\n<p>Recogemos la siguiente informaci\u00f3n personal que usted nos proporciona:<\/p>\n<p><a href=\"mailto:info@holali.co.uk\">info@holali.co.uk<\/a><\/p>\n<p>Algunos ejemplos de cu\u00e1ndo recogemos esta informaci\u00f3n son:<\/p>\n<p><a href=\"\/es\/info@holali.co.uk\/?wmc-currency=EUR\">info@holali.co.uk<\/a><\/p>\n<p>b) Informaci\u00f3n personal que proporcione sobre terceros<\/p>\n<p>Si nos da informaci\u00f3n sobre otra persona, confirma que la otra persona le ha designado para actuar en su nombre y ha aceptado que usted:<\/p>\n<p>consentir\u00e1 en su nombre el tratamiento de sus datos personales;<br \/>recibir\u00e1n las notificaciones de protecci\u00f3n de datos en su nombre; y<br \/>consentir\u00e1 en su nombre la transferencia de sus datos personales al extranjero.<\/p>\n<p>c) Cookies y tecnolog\u00edas similares<\/p>\n<p>Una cookie es un peque\u00f1o archivo de texto que se coloca en su ordenador o dispositivo electr\u00f3nico cuando accede a nuestro sitio web. Otras tecnolog\u00edas similares son las balizas web, las etiquetas de acci\u00f3n, los objetos locales compartidos (\"flash cookies\") y los gifs de un solo p\u00edxel. Estas tecnolog\u00edas pueden utilizarse para rastrear las acciones y actividades de los usuarios y para almacenar informaci\u00f3n sobre ellos. En este sitio web utilizamos estas cookies y\/o tecnolog\u00edas similares.<\/p>\n<p>Por ejemplo, podemos utilizar cookies para supervisar y\/o recopilar la siguiente informaci\u00f3n:<\/p>\n<p>Facebook<\/p>\n<p>Esta informaci\u00f3n nos ayuda a construir un perfil de nuestros usuarios. Parte de esta informaci\u00f3n puede ser agregada o estad\u00edstica, lo que significa que no podremos identificarle individualmente.<\/p>\n<p>La primera vez que utilice nuestro sitio, le preguntaremos si acepta que utilicemos cookies. Si no lo hace, no se utilizar\u00e1n cookies. A partir de ese momento, puede optar por no utilizar cookies en cualquier momento o puede configurar su navegador para que no acepte cookies y en los sitios web que se indican a continuaci\u00f3n se explica c\u00f3mo eliminar las cookies de su navegador. Sin embargo, es posible que algunas de las caracter\u00edsticas de nuestro sitio web no funcionen como consecuencia de ello.<\/p>\n<p>Para m\u00e1s informaci\u00f3n sobre nuestro uso de cookies, consulte la pol\u00edtica de cookies de nuestro sitio web.<\/p>\n<p>Para m\u00e1s informaci\u00f3n sobre las cookies en general, visite\u00a0<a href=\"http:\/\/www.aboutcookies.org\/\" target=\"_blank\" rel=\"noopener\">www.aboutcookies.org<\/a>\u00a0o\u00a0<a href=\"http:\/\/www.allaboutcookies.org\/\" target=\"_blank\" rel=\"noopener\">www.allaboutcookies.org<\/a>.<\/p>\n<h3>C\u00f3mo utilizamos su informaci\u00f3n personal<\/h3>\n<p>Recogemos informaci\u00f3n sobre nuestros usuarios con los siguientes fines:<\/p>\n<p>para el pedido<\/p>\n<h3>Con qui\u00e9n puede compartirse su informaci\u00f3n<\/h3>\n<p>Podemos compartir su informaci\u00f3n con:<\/p>\n<p>Agencias policiales en relaci\u00f3n con cualquier investigaci\u00f3n para ayudar a prevenir actividades il\u00edcitas<\/p>\n<p>No compartiremos su informaci\u00f3n personal con terceros.<\/p>\n<h3>Marketing<\/h3>\n<p>Nos gustar\u00eda enviarle informaci\u00f3n sobre productos, servicios, ofertas, concursos y nuestra empresa que puedan ser de su inter\u00e9s. Dicha informaci\u00f3n podr\u00eda enviarse por correo postal, correo electr\u00f3nico, tel\u00e9fono, mensaje de texto o llamada automatizada.<\/p>\n<p>Le preguntaremos si desea que le enviemos mensajes de marketing la primera vez que proporcione cualquier informaci\u00f3n de contacto relevante (por ejemplo, al comprar, al suscribirse a un bolet\u00edn de noticias, al participar en un concurso, etc.). Si opta por recibir este tipo de publicidad, puede excluirse en cualquier momento (para m\u00e1s informaci\u00f3n, consulte la secci\u00f3n \"\u00bfQu\u00e9 derechos tiene?\"). Si tiene alguna duda sobre c\u00f3mo excluirse, o si est\u00e1 recibiendo mensajes que no desea, puede ponerse en contacto con nosotros utilizando los datos que se indican a continuaci\u00f3n.<\/p>\n<h3>Si tiene que proporcionar informaci\u00f3n personal y, en caso afirmativo, por qu\u00e9<\/h3>\n<p>Se le pide que proporcione la siguiente informaci\u00f3n:<\/p>\n<p>Nombre<br \/>Direcci\u00f3n<br \/>Tel\u00e9fono<\/p>\n<p>Esto es para permitirnos hacer lo siguiente:<\/p>\n<p>Nombre y direcci\u00f3n de entrega<\/p>\n<p>Le informaremos, en el momento de recabar su informaci\u00f3n, si est\u00e1 obligado a proporcion\u00e1rnosla.<\/p>\n<h4>Cu\u00e1nto tiempo se conservar\u00e1n sus datos personales<\/h4>\n<p>Conservaremos sus datos personales durante los siguientes per\u00edodos:<\/p>\n<p>Nombre y direcci\u00f3n - 6 a\u00f1os para cumplir con la legislaci\u00f3n fiscal del Reino Unido<\/p>\n<p>Estos plazos no son m\u00e1s largos de lo necesario en cada caso.<\/p>\n<h4>Razones por las que podemos recoger y utilizar sus datos personales<\/h4>\n<p>Nos basamos en lo siguiente como base legal para recoger y utilizar su informaci\u00f3n personal:<\/p>\n<p>consentimiento<\/p>\n<p>contrato<\/p>\n<p>obligaci\u00f3n legal<\/p>\n<h4>Mantener la seguridad de su informaci\u00f3n<\/h4>\n<p>Contamos con las medidas de seguridad adecuadas para evitar que la informaci\u00f3n personal se pierda accidentalmente o se utilice o se acceda a ella de forma no autorizada. Limitamos el acceso a su informaci\u00f3n personal a aquellos que tienen una verdadera necesidad comercial de conocerla. Las personas que procesan su informaci\u00f3n s\u00f3lo lo hacen de forma autorizada y est\u00e1n sujetas al deber de confidencialidad.<\/p>\n<p>Tambi\u00e9n utilizaremos medidas tecnol\u00f3gicas y organizativas para mantener su informaci\u00f3n segura.<\/p>\n<p>Tambi\u00e9n disponemos de procedimientos para tratar cualquier sospecha de violaci\u00f3n de la seguridad de los datos. Le notificaremos a usted y a cualquier regulador aplicable una sospecha de violaci\u00f3n de la seguridad de los datos cuando estemos legalmente obligados a hacerlo.<\/p>\n<p>De hecho, aunque haremos todos los esfuerzos razonables para asegurar sus datos personales, al utilizar el sitio usted reconoce que el uso de Internet no es totalmente seguro y, por esta raz\u00f3n, no podemos garantizar la seguridad o la integridad de los datos personales que se transfieren de usted o a usted a trav\u00e9s de Internet. Si tiene alguna duda sobre su informaci\u00f3n, p\u00f3ngase en contacto con nosotros a trav\u00e9s de los siguientes datos.<\/p>\n<h4>Transferencias de su informaci\u00f3n fuera del EEE<\/h4>\n<p>Es posible que tengamos que transferir sus datos personales a los siguientes pa\u00edses fuera del Espacio Econ\u00f3mico Europeo:<\/p>\n<p>EE.UU.<\/p>\n<p>Estas transferencias se realizar\u00e1n con el fin de<\/p>\n<p>La informaci\u00f3n personal se env\u00eda a nuestra base de datos, que est\u00e1 alojada en Estados Unidos<\/p>\n<p>Las transferencias a estos pa\u00edses se llevar\u00e1n a cabo sobre la base de que ese pa\u00eds, territorio o uno o m\u00e1s sectores espec\u00edficos de ese pa\u00eds, o una organizaci\u00f3n internacional garanticen un nivel de protecci\u00f3n adecuado.<\/p>\n<p>Para obtener m\u00e1s informaci\u00f3n sobre la base de cualquier transferencia fuera del EEE, nuestras salvaguardias o los detalles de la Comisi\u00f3n, p\u00f3ngase en contacto con nosotros como se describe a continuaci\u00f3n. Por lo dem\u00e1s, no transferiremos sus datos personales fuera del EEE ni a ninguna organizaci\u00f3n (u organismos subordinados) regida por el derecho internacional p\u00fablico o que se haya creado en virtud de alg\u00fan acuerdo entre dos o m\u00e1s pa\u00edses.<\/p>\n<h4>Los ni\u00f1os y la validez del consentimiento<\/h4>\n<p>Cuando obtengamos el consentimiento de cualquier usuario, tomaremos las medidas razonables para determinar si el usuario es mayor de 13 a\u00f1os y si el ni\u00f1o est\u00e1 suficientemente informado para dar un consentimiento v\u00e1lido. Si el usuario no lo es, se requerir\u00e1 el consentimiento de los padres para el tratamiento de cualquier informaci\u00f3n personal.<\/p>\n<h4>\u00bfQu\u00e9 derechos tienes?<\/h4>\n<p>En virtud del Reglamento General de Protecci\u00f3n de Datos, usted tiene una serie de derechos importantes y gratuitos. En resumen, se trata de derechos a:<\/p>\n<p>\uf0b7<br \/>tratamiento justo de la informaci\u00f3n y transparencia en el uso de sus datos personales<\/p>\n<p>acceso a su informaci\u00f3n personal y a otra informaci\u00f3n complementaria que este Aviso de Pol\u00edtica de Privacidad ya est\u00e1 dise\u00f1ado para abordar<\/p>\n<p>exigirnos que corrijamos cualquier error en la informaci\u00f3n que tenemos sobre usted<\/p>\n<p>exigir la supresi\u00f3n de los datos personales que le conciernen en determinadas situaciones<\/p>\n<p>recibir la informaci\u00f3n personal que le concierne y que nos ha proporcionado, en un formato estructurado, de uso com\u00fan y legible por m\u00e1quina, y tener derecho a transmitir esos datos a un tercero en determinadas situaciones<\/p>\n<p>oponerse en cualquier momento al tratamiento de la informaci\u00f3n personal que le concierne para la comercializaci\u00f3n directa<\/p>\n<p>oponerse a que se tomen decisiones por medios automatizados que produzcan efectos jur\u00eddicos sobre usted o le afecten significativamente de forma similar<\/p>\n<p>oponerse en otras situaciones a que sigamos tratando sus datos personales<\/p>\n<p>restringir el tratamiento de sus datos personales en determinadas circunstancias<\/p>\n<p>reclamar una indemnizaci\u00f3n por los da\u00f1os y perjuicios causados por nuestro incumplimiento de las leyes de protecci\u00f3n de datos<\/p>\n<p>Para m\u00e1s informaci\u00f3n sobre cada uno de estos derechos, incluidas las circunstancias en las que se aplican, consulte la Gu\u00eda de la Oficina del Comisario de Informaci\u00f3n del Reino Unido (ICO) sobre los derechos de las personas en virtud del Reglamento General de Protecci\u00f3n de Datos (http:\/\/ico.org.uk\/for-organisations\/guide-to-the-general-data-protection-regulation-gdpr\/individual-rights\/)<\/p>\n<p>Si desea ejercer alguno de estos derechos, por favor:<\/p>\n<p>env\u00ede un correo electr\u00f3nico, llame o escr\u00edbanos<\/p>\n<p>d\u00e9janos tener suficiente informaci\u00f3n para identificarte<\/p>\n<p>d\u00e9jenos una prueba de su identidad (una copia de su carnet de conducir, pasaporte o una tarjeta de cr\u00e9dito\/factura de servicios recientes)<\/p>\n<p>ind\u00edquenos la informaci\u00f3n a la que se refiere su solicitud<\/p>\n<p>De vez en cuando, tambi\u00e9n podemos ofrecer otros m\u00e9todos para darse de baja (opt-out) de cualquier marketing directo, incluyendo, por ejemplo, botones para darse de baja o enlaces web. Si se ofrecen, tenga en cuenta que puede haber un per\u00edodo despu\u00e9s de seleccionar la cancelaci\u00f3n de la suscripci\u00f3n en el que la comercializaci\u00f3n puede seguir siendo recibida mientras se procesa su solicitud.<\/p>\n<h5>C\u00f3mo reclamar<\/h5>\n<p>Esperamos poder resolver cualquier consulta o preocupaci\u00f3n que nos plantee sobre el uso de su informaci\u00f3n.<\/p>\n<p>El Reglamento General de Protecci\u00f3n de Datos tambi\u00e9n le otorga el derecho a presentar una reclamaci\u00f3n ante una autoridad de control, en particular en el Estado de la Uni\u00f3n Europea (o del Espacio Econ\u00f3mico Europeo) en el que usted trabaja, vive normalmente o en el que se ha producido una supuesta infracci\u00f3n de la legislaci\u00f3n sobre protecci\u00f3n de datos. La autoridad de control en el Reino Unido es el Comisario de Informaci\u00f3n, con el que se puede contactar en https:\/\/ico.org.uk\/concerns\/ o en el tel\u00e9fono 0303 123 1113.<\/p>\n<p>Cambios en la pol\u00edtica de privacidad<\/p>\n<p>Esta pol\u00edtica de privacidad fue publicada el 10\/02\/2022 y actualizada por \u00faltima vez el 10\/02\/2022.<\/p>\n<p>Podemos cambiar esta pol\u00edtica de privacidad de vez en cuando. Debe consultar esta pol\u00edtica de vez en cuando para asegurarse de que conoce la versi\u00f3n m\u00e1s reciente que se aplicar\u00e1 cada vez que acceda a este sitio web. Tambi\u00e9n intentaremos notificar a los usuarios cualquier cambio mediante:<\/p>\n<p>Mediante un aviso en la cabecera del sitio web<\/p>\n<h5>Contacto<\/h5>\n<p>Si tiene alguna pregunta sobre esta pol\u00edtica o sobre la informaci\u00f3n que tenemos sobre usted, p\u00f3ngase en contacto con nosotros:<\/p>\n<p>por correo electr\u00f3nico: <a href=\"mailto:info@holali.co.uk\">info@holali.co.uk<\/a><\/p>\n<p>\u00a0<\/p>\n<\/div><\/div>\n<\/div><\/div><\/div>","protected":false},"excerpt":{"rendered":"<p>Privacy Policy This website is operated by Holali. We take your privacy very seriously therefore we urge to read this policy very carefully because it contains important information about on: \uf0b7 who we are, \uf0b7 how and why we collect, store, use and share personal information, \uf0b7 your rights in relation to your personal information,&#8230;<\/p>","protected":false},"author":501,"featured_media":0,"parent":0,"menu_order":0,"comment_status":"closed","ping_status":"closed","template":"","meta":{"_kad_blocks_custom_css":"","_kad_blocks_head_custom_js":"","_kad_blocks_body_custom_js":"","_kad_blocks_footer_custom_js":"","_kad_post_transparent":"disable","_kad_post_title":"hide","_kad_post_layout":"","_kad_post_sidebar_id":"","_kad_post_content_style":"unboxed","_kad_post_vertical_padding":"hide","_kad_post_feature":"hide","_kad_post_feature_position":"","_kad_post_header":false,"_kad_post_footer":false,"_kad_post_classname":"","_daim_seo_power":"","_daim_enable_ail":"","footnotes":""},"class_list":["post-3","page","type-page","status-publish","hentry"],"taxonomy_info":[],"featured_image_src_large":false,"author_info":{"display_name":"mikazadmin","author_link":"https:\/\/holali.co.uk\/es\/author\/mikazadmin\/"},"comment_info":0,"_links":{"self":[{"href":"https:\/\/holali.co.uk\/es\/wp-json\/wp\/v2\/pages\/3","targetHints":{"allow":["GET"]}}],"collection":[{"href":"https:\/\/holali.co.uk\/es\/wp-json\/wp\/v2\/pages"}],"about":[{"href":"https:\/\/holali.co.uk\/es\/wp-json\/wp\/v2\/types\/page"}],"author":[{"embeddable":true,"href":"https:\/\/holali.co.uk\/es\/wp-json\/wp\/v2\/users\/501"}],"replies":[{"embeddable":true,"href":"https:\/\/holali.co.uk\/es\/wp-json\/wp\/v2\/comments?post=3"}],"version-history":[{"count":0,"href":"https:\/\/holali.co.uk\/es\/wp-json\/wp\/v2\/pages\/3\/revisions"}],"wp:attachment":[{"href":"https:\/\/holali.co.uk\/es\/wp-json\/wp\/v2\/media?parent=3"}],"curies":[{"name":"wp","href":"https:\/\/api.w.org\/{rel}","templated":true}]}}